{"id":1051,"date":"2023-02-24T17:59:06","date_gmt":"2023-02-24T14:59:06","guid":{"rendered":"https:\/\/ifa.usm.md\/?page_id=1051"},"modified":"2023-02-24T17:59:06","modified_gmt":"2023-02-24T14:59:06","slug":"cssdt-18-80013-16-03-03-it","status":"publish","type":"page","link":"https:\/\/ifa.usm.md\/ro\/cssdt-18-80013-16-03-03-it\/","title":{"rendered":"CSSDT 18.80013.16.03.03\/It"},"content":{"rendered":"<table border=\"0\" align=\"center\">\n<tbody>\n<tr>\n<td colspan=\"2\">\n<h3>Proiectul\u00a0<strong>CSSDT 18.80013.16.03.03\/It\u00a0<em>Materiale anorganice \/ organice hibride noi bazate pe ligandul triimidazol activ optoelectronic<\/em><\/strong><\/h3>\n<\/td>\n<\/tr>\n<tr>\n<th>Tip :<\/th>\n<td>Proiect bilateral, finan\u021bat de CS\u0218DT (ASM) \u0219i Consiliul National pentru Cercetare din Italia (CNCI), cu cifrul 18.80013.16.03.03\/It<\/td>\n<\/tr>\n<tr>\n<th>Conduc\u0103tor :<\/th>\n<td>Marina Fonar, dr.<\/td>\n<\/tr>\n<tr>\n<th>Durata :<\/th>\n<td>2018 &#8211; 2019<\/td>\n<\/tr>\n<tr>\n<th>Laborator(~oare) :<\/th>\n<td>Laboratorul Metode Fizice de Studiere a Solidului \u201cTadeu\u0219 Malinowski\u201d<\/td>\n<\/tr>\n<\/tbody>\n<\/table>\n<p>Proiectul a abordat mai \u00eent\u00e2i coordinarea ligandului triimidazol ciclic la halogenurile de Cu(I), cunoscute prin varietatea de structuri, formate prin simpla modificare a condi\u021biilor de reac\u021bie. Vor fi evaluate diverse metode de sintez\u0103 inclusiv sinteza tradi\u021bional\u0103 (cu diferi\u021bi solven\u021bi, rapoarte molare, etc.), sintezele solvotermal\u0103 \u0219i mecanochimic\u0103. Mai mult dec\u00e2t at\u00e2t, datorit\u0103 configura\u021biei electronice d10 a cuprului, propriet\u0103\u021bile de emisie ale materialelor ob\u021binute pot fi afectate \u0219i de stimulen\u021bi externi, deaceea a fost investigat \u0219i comportamentul lor termocromic, vapocromic \u0219i mecanocromic. Modificarea chimic\u0103 ulterior\u0103 a triimidazolului ciclic cu introducerea unor grup\u0103ri func\u021bionale, cum ar fi piridina sau bipiridina, este prev\u0103zut\u0103 \u00een scopul de a oferi linkeri suplimentari utili pentru sinteza PC-vi sau MOF-rilor. \u00cen afar\u0103 de Cu(I), proiectul a urm\u0103rit dezvoltarea \u0219i extinderea metodelor de sintez\u0103 ale materialelor organice\/anorganice hibride pe baza metalelor de tranzi\u021bie, cum ar fi Zn(II), Cd(II) \u0219i Ru(II) folosind ca ligand organic triimidazolul ciclic sau deriva\u021bii func\u021bionali ai acestuia. Sintezele au fost asociate cu evaluarea complet\u0103 a propriet\u0103\u021bilor spectroscopice \u0219i structurale ale compu\u0219ilor noi, \u00eempreun\u0103 cu ra\u021bionalizarea rezultatelor prin tehnici de calcul.","protected":false},"excerpt":{"rendered":"<p>Proiectul\u00a0CSSDT 18.80013.16.03.03\/It\u00a0Materiale anorganice \/ organice hibride noi bazate pe ligandul triimidazol activ optoelectronic Tip : Proiect bilateral, finan\u021bat de CS\u0218DT (ASM) \u0219i Consiliul National pentru Cercetare din Italia (CNCI), cu cifrul 18.80013.16.03.03\/It Conduc\u0103tor : Marina Fonar, dr. Durata : 2018 &#8211; 2019 Laborator(~oare) : Laboratorul Metode Fizice de Studiere a Solidului \u201cTadeu\u0219 Malinowski\u201d Proiectul a&hellip; <br \/> <a class=\"read-more\" href=\"https:\/\/ifa.usm.md\/ro\/cssdt-18-80013-16-03-03-it\/\">Cite\u0219te mai mult<\/a><\/p>\n","protected":false},"author":1,"featured_media":0,"parent":0,"menu_order":0,"comment_status":"closed","ping_status":"closed","template":"","meta":{"footnotes":""},"folder":[],"class_list":["post-1051","page","type-page","status-publish","hentry"],"rttpg_featured_image_url":null,"rttpg_author":{"display_name":"","author_link":"https:\/\/ifa.usm.md\/ro\/author\/"},"rttpg_comment":0,"rttpg_category":false,"rttpg_excerpt":"Proiectul\u00a0CSSDT 18.80013.16.03.03\/It\u00a0Materiale anorganice \/ organice hibride noi bazate pe ligandul triimidazol activ optoelectronic Tip : Proiect bilateral, finan\u021bat de CS\u0218DT (ASM) \u0219i Consiliul National pentru Cercetare din Italia (CNCI), cu cifrul 18.80013.16.03.03\/It Conduc\u0103tor : Marina Fonar, dr. Durata : 2018 &#8211; 2019 Laborator(~oare) : Laboratorul Metode Fizice de Studiere a Solidului \u201cTadeu\u0219 Malinowski\u201d Proiectul a&hellip;&hellip;","_links":{"self":[{"href":"https:\/\/ifa.usm.md\/ro\/wp-json\/wp\/v2\/pages\/1051","targetHints":{"allow":["GET"]}}],"collection":[{"href":"https:\/\/ifa.usm.md\/ro\/wp-json\/wp\/v2\/pages"}],"about":[{"href":"https:\/\/ifa.usm.md\/ro\/wp-json\/wp\/v2\/types\/page"}],"author":[{"embeddable":true,"href":"https:\/\/ifa.usm.md\/ro\/wp-json\/wp\/v2\/users\/1"}],"replies":[{"embeddable":true,"href":"https:\/\/ifa.usm.md\/ro\/wp-json\/wp\/v2\/comments?post=1051"}],"version-history":[{"count":1,"href":"https:\/\/ifa.usm.md\/ro\/wp-json\/wp\/v2\/pages\/1051\/revisions"}],"predecessor-version":[{"id":1052,"href":"https:\/\/ifa.usm.md\/ro\/wp-json\/wp\/v2\/pages\/1051\/revisions\/1052"}],"wp:attachment":[{"href":"https:\/\/ifa.usm.md\/ro\/wp-json\/wp\/v2\/media?parent=1051"}],"wp:term":[{"taxonomy":"folder","embeddable":true,"href":"https:\/\/ifa.usm.md\/ro\/wp-json\/wp\/v2\/folder?post=1051"}],"curies":[{"name":"wp","href":"https:\/\/api.w.org\/{rel}","templated":true}]}}