{"id":1100,"date":"2023-02-27T12:50:00","date_gmt":"2023-02-27T09:50:00","guid":{"rendered":"https:\/\/ifa.usm.md\/?page_id=1100"},"modified":"2023-02-27T12:50:00","modified_gmt":"2023-02-27T09:50:00","slug":"h2020-twinn-2015-no-687328","status":"publish","type":"page","link":"https:\/\/ifa.usm.md\/ro\/h2020-twinn-2015-no-687328\/","title":{"rendered":"H2020-TWINN-2015 No: 687328"},"content":{"rendered":"<table border=\"0\" align=\"center\">\n<tbody>\n<tr>\n<td colspan=\"2\">\n<h3>Proiectul\u00a0<strong>H2020-TWINN-2015 No: 687328\u00a0<em>Stimularea excelen\u021bei \u0219tiin\u021bifice \u0219i capacitatea de inovare \u00een microscopie holografic\u0103 digital\u0103 a Institutului de Fizic\u0103 Aplicat\u0103 al Academiei de \u0218tiin\u021be a Moldovei<\/em><\/strong><\/h3>\n<\/td>\n<\/tr>\n<tr>\n<th>Tip :<\/th>\n<td>Proiect interna\u021bional H2020-TWINN-2015, cu cifrul 687328, acronim &#8211; HOLO<\/td>\n<\/tr>\n<tr>\n<th>Conduc\u0103tor :<\/th>\n<td>dr. Achimova Elena<\/td>\n<\/tr>\n<tr>\n<th>Durata :<\/th>\n<td>2016 &#8211; 2018<\/td>\n<\/tr>\n<tr>\n<th>Laborator(~oare) :<\/th>\n<td>Laboratorul Materiale pentru Fotovoltaic\u0103 \u0219i Fotonic\u0103<\/td>\n<\/tr>\n<\/tbody>\n<\/table>\n<p><strong><em>Obiectivul general al proiectului<\/em><\/strong>\u00a0este de a stimula excelen\u021ba \u0219tiin\u021bific\u0103 \u0219i capacitatea de inovare \u00een microscopie holografic\u0103 digital\u0103 a Institutului de Fizic\u0103 Aplicat\u0103 al Academiei de \u0218tiin\u021be a Moldovei (IFA-A\u0218M) prin crearea unei re\u021bele de parteneri Twinning: Universit\u00e4t Stuttgart (USTUTT), Tampere University of Technology (TUT) \u0219i Intelligentsia Consultants (Intelligentsia). Pentru a atinge acest obiectiv, proiectul va derula 3 ani \u0219i se va baza pe experien\u021ba existent\u0103 \u00een IFA-A\u0218M si la partenerii de cercetare \u0219i inovare. Pentru a stimula excelen\u021ba \u0219tiin\u021bific\u0103 \u0219i capacitatea de inovare \u00een microscopie holografic\u0103 digital\u0103, partenerii vor pune \u00een aplicare o strategie \u0219tiin\u021bific\u0103\u00a0 inovatoare axat\u0103 pe dou\u0103 sub-teme:<\/p>\n<p>1. Proiectarea \u0219i optimizarea elementelor optice de difrac\u021bie (EOD) pentru a \u00eembun\u0103t\u0103\u021bi microscopul holografic digital (MHD);<br \/>\n2. Dezvoltarea unor algoritmi avansa\u021bi de procesare imagistic\u0103 pentru MHD cu utilizarea EOD.<\/p>\n<p>Strategia \u0219tiin\u021bei \u0219i inov\u0103rii ia \u00een considerare recenta analiza SWOT a IFA-A\u0218M \u0219i are urm\u0103toarele obiective:<\/p>\n<p>\u2022 Obiectivul 1: Consolidarea excelen\u021bei \u00een cercetare a IFA-A\u0218M \u00een domeniul DHM.<\/p>\n<p>\u2022 Obiectivul 2: Consolidarea capacit\u0103\u021bii de cercetare \u0219i inovare a IFA-A\u0218M \u0219i a partenerilor de twinning.<\/p>\n<p>\u2022 Obiectivul 3: Cre\u0219terea vizibilit\u0103\u021bii cercet\u0103rii \u00een IFA-A\u0218M \u0219i a partenerilor Twinning.<\/p>\n<p>\u2022 Obiectivul 4: Contribuirea la priorit\u0103\u021bile de cercetare \u0219i inovare din Republica Moldova.<\/p>\n<p>\u2022 Obiectivul 5: Sprijinirea cercet\u0103rii \u0219i inov\u0103rii la nivel european.","protected":false},"excerpt":{"rendered":"<p>Proiectul\u00a0H2020-TWINN-2015 No: 687328\u00a0Stimularea excelen\u021bei \u0219tiin\u021bifice \u0219i capacitatea de inovare \u00een microscopie holografic\u0103 digital\u0103 a Institutului de Fizic\u0103 Aplicat\u0103 al Academiei de \u0218tiin\u021be a Moldovei Tip : Proiect interna\u021bional H2020-TWINN-2015, cu cifrul 687328, acronim &#8211; HOLO Conduc\u0103tor : dr. Achimova Elena Durata : 2016 &#8211; 2018 Laborator(~oare) : Laboratorul Materiale pentru Fotovoltaic\u0103 \u0219i Fotonic\u0103 Obiectivul general&hellip; <br \/> <a class=\"read-more\" href=\"https:\/\/ifa.usm.md\/ro\/h2020-twinn-2015-no-687328\/\">Cite\u0219te mai mult<\/a><\/p>\n","protected":false},"author":1,"featured_media":0,"parent":0,"menu_order":0,"comment_status":"closed","ping_status":"closed","template":"","meta":{"footnotes":""},"folder":[],"class_list":["post-1100","page","type-page","status-publish","hentry"],"rttpg_featured_image_url":null,"rttpg_author":{"display_name":"","author_link":"https:\/\/ifa.usm.md\/ro\/author\/"},"rttpg_comment":0,"rttpg_category":false,"rttpg_excerpt":"Proiectul\u00a0H2020-TWINN-2015 No: 687328\u00a0Stimularea excelen\u021bei \u0219tiin\u021bifice \u0219i capacitatea de inovare \u00een microscopie holografic\u0103 digital\u0103 a Institutului de Fizic\u0103 Aplicat\u0103 al Academiei de \u0218tiin\u021be a Moldovei Tip : Proiect interna\u021bional H2020-TWINN-2015, cu cifrul 687328, acronim &#8211; HOLO Conduc\u0103tor : dr. Achimova Elena Durata : 2016 &#8211; 2018 Laborator(~oare) : Laboratorul Materiale pentru Fotovoltaic\u0103 \u0219i Fotonic\u0103 Obiectivul general&hellip;&hellip;","_links":{"self":[{"href":"https:\/\/ifa.usm.md\/ro\/wp-json\/wp\/v2\/pages\/1100","targetHints":{"allow":["GET"]}}],"collection":[{"href":"https:\/\/ifa.usm.md\/ro\/wp-json\/wp\/v2\/pages"}],"about":[{"href":"https:\/\/ifa.usm.md\/ro\/wp-json\/wp\/v2\/types\/page"}],"author":[{"embeddable":true,"href":"https:\/\/ifa.usm.md\/ro\/wp-json\/wp\/v2\/users\/1"}],"replies":[{"embeddable":true,"href":"https:\/\/ifa.usm.md\/ro\/wp-json\/wp\/v2\/comments?post=1100"}],"version-history":[{"count":1,"href":"https:\/\/ifa.usm.md\/ro\/wp-json\/wp\/v2\/pages\/1100\/revisions"}],"predecessor-version":[{"id":1101,"href":"https:\/\/ifa.usm.md\/ro\/wp-json\/wp\/v2\/pages\/1100\/revisions\/1101"}],"wp:attachment":[{"href":"https:\/\/ifa.usm.md\/ro\/wp-json\/wp\/v2\/media?parent=1100"}],"wp:term":[{"taxonomy":"folder","embeddable":true,"href":"https:\/\/ifa.usm.md\/ro\/wp-json\/wp\/v2\/folder?post=1100"}],"curies":[{"name":"wp","href":"https:\/\/api.w.org\/{rel}","templated":true}]}}