{"id":1103,"date":"2023-02-27T12:54:41","date_gmt":"2023-02-27T09:54:41","guid":{"rendered":"https:\/\/ifa.usm.md\/?page_id=1103"},"modified":"2023-02-27T12:54:41","modified_gmt":"2023-02-27T09:54:41","slug":"nato-eap-sfpp-984890","status":"publish","type":"page","link":"https:\/\/ifa.usm.md\/ro\/nato-eap-sfpp-984890\/","title":{"rendered":"NATO EAP.SFPP 984890"},"content":{"rendered":"<table border=\"0\" align=\"center\">\n<tbody>\n<tr>\n<td colspan=\"2\">\n<h3>Proiectul\u00a0<strong>NATO EAP.SFPP 984890\u00a0<em>Decontaminare energetic-eficient\u0103 cu UV \u0219i plasm\u0103 rece utiliz\u00e2nd metamateriale<\/em><\/strong><\/h3>\n<\/td>\n<\/tr>\n<tr>\n<th>Tip :<\/th>\n<td>Proiect interna\u021bional, finan\u021bat de NATO, cu cifrul EAP.SFPP 984890<\/td>\n<\/tr>\n<tr>\n<th>Conduc\u0103tor :<\/th>\n<td>dr. hab. Nicolae Enachi<\/td>\n<\/tr>\n<tr>\n<th>Durata :<\/th>\n<td>2015 &#8211; 2018<\/td>\n<\/tr>\n<tr>\n<th>Laborator(~oare) :<\/th>\n<td>Laboratorul Optica Cuantic\u0103 \u0219i Procese Cinetice<\/td>\n<\/tr>\n<\/tbody>\n<\/table>\n<p><em><strong>Rezumatul Proiectului<\/strong><\/em><\/p>\n<p>Scopul principal al acestui proiect a fost decontaminarea suprafe\u021belor poluate\/infectate \u0219i\/sau a lichidelor (apei) prin interac\u021biunea cu metamateriale, filme sub\u021biri, ob\u021binute prin tehnologii ce utilizeaz\u0103 laserul pulsat \u0219i plasma rece.<\/p>\n<p>Depunerea combinatorie laser (C-PLD) \u0219i combinatorie prin evaporarea laser pulsata asistat\u0103 de o matrice (C-MAPLE) sunt tehnologii simple pentru transferul \u0219i depozitarea sub\u021bire, uniform\u0103 \u0219i aderent\u0103 a filmelor anorganice \u0219i organice din nanoparticule cu versatilitatea \u0219i rat\u0103 de depunere \u00eenalt\u0103. Fabricarea de oxizilor combina\u021bi, moleculelor sensibile biologic (microarray multi-anticorp) cu compozi\u021bie variabil\u0103 \u00een structurile miniaturizate se vor realiza prin cele 2 tehnologii. Structurile sintetizate vor fi utilizate pentru detectarea substan\u021belor nocive NO<sub>2<\/sub>, SO<sub>2<\/sub>, CO, clor, pesticide, sau agen\u021bilor biologici.<\/p>\n<p>Au fost stabilite noi mecanisme de detectare \u0219i dezinfec\u021bie folosind specificul de suprafa\u021b\u0103 a metamaterialelor \u00een prezen\u021ba laserului UV pulsat.<\/p>\n<p>A fosti propus un model de nano-senzori pentru moleculele toxice \u0219i viru\u0219i (compar\u00e2nd absorb\u021bia lor optic\u0103). Modelele de foto-transformare a moleculelor toxice , ac\u021biunea luminii \u0219i plasmei reci asupra viru\u0219ilor \u0219i bacteriilor \u00een apropiere de suprafe\u021bele de contact cu metamaterialul vor fi stabilite ca func\u021bia de diapazonul spectral, doza \u0219i al\u021bi parametri ai radia\u021biile ultraviolete.<\/p>\n<p>Au fost propuse modele cantitative care descriu influen\u021ba propriet\u0103\u021bilor a\u0219a precum coeren\u021ba \u0219i durata ale luminii pulsate a laserului, emis\u0103 de la sursele coerente \u00een zona contaminat\u0103.<\/p>\n<p>Au fost descrise noi posibilit\u0103\u021bi de decontaminare a apei infectate cu ajutorul plasmei reci (de ne-echilibru)\u00a0 generat\u0103 prin intermediul microundelor. Noile mecanisme de decontaminare pot sta la baza echipamentelor moderne pentru ap\u0103rare \u00eempotriva agen\u021bilor CBRN.<\/p>\n<p>A fost cerceta leg\u0103tura dintre sensibilitatea sensorilor \u0219i dimensiunile nanometrice ale sistemelor, cu compozi\u021bia variat\u0103 a metamaterialelor.<\/p>\n<p>Executorii proiectului:<\/p>\n<table border=\"0\" cellspacing=\"1\" cellpadding=\"1\">\n<tbody>\n<tr>\n<td><a href=\"https:\/\/ifa.usm.md\/?page_id=933\">Nicolae Enachi<\/a><br \/>\ndr. hab., prof.<br \/>\n<em>\u0218ef de laborator<\/em><\/td>\n<td>cab.: 410<br \/>\ntel.: +(373) 22 738092<br \/>\ne-mail:<a href=\"mailto:enache@asm.md\">\u00a0enache@asm.md<\/a><\/td>\n<\/tr>\n<tr>\n<td>Nellu Ciobanu<br \/>\ndr.<br \/>\n<em>cercet\u0103tor \u0219tiin\u021bific superior<\/em><\/td>\n<td>cab.: 101<br \/>\ntel.: +(373) 22 739907<br \/>\ne-mail:<a href=\"mailto:cnellu@gmail.com\">\u00a0cnellu@gmail.com<\/a><\/td>\n<\/tr>\n<tr>\n<td><a href=\"https:\/\/ifa.usm.md\/?page_id=925\">Marina \u021aurcan<\/a><\/p>\n<p><em>cercet\u0103tor \u0219tiin\u021bific<\/em><\/td>\n<td>cab.: 101<br \/>\ntel.: +(373) 22 739907<br \/>\ne-mail:<a href=\"mailto:tmaryna@gmail.com\">\u00a0tmaryna@gmail.com<\/a><\/td>\n<\/tr>\n<tr>\n<td><a href=\"https:\/\/ifa.usm.md\/?page_id=964\">Serghei B\u00eezgan<\/a><\/p>\n<p><em>cercet\u0103tor \u0219tiin\u021bific<\/em><\/td>\n<td>cab.: 410<br \/>\ntel.: +(373) 22 738092<br \/>\ne-mail:<a href=\"mailto:bizgan_s@yahoo.com\">\u00a0bizgan_s@yahoo.com<\/a><\/td>\n<\/tr>\n<tr>\n<td><a href=\"https:\/\/ifa.usm.md\/?page_id=1017\">Tatiana P\u00eeslari<\/a><\/p>\n<p><em>cercet\u0103tor \u0219tiin\u021bific stagiar<\/em><\/td>\n<td>cab.: 101<br \/>\ntel.: +(373) 22 739907<br \/>\ne-mail:<a href=\"mailto:tatianapaslari@gmail.com\">\u00a0tatianapaslari@gmail.com<\/a><\/td>\n<\/tr>\n<\/tbody>\n<\/table>","protected":false},"excerpt":{"rendered":"<p>Proiectul\u00a0NATO EAP.SFPP 984890\u00a0Decontaminare energetic-eficient\u0103 cu UV \u0219i plasm\u0103 rece utiliz\u00e2nd metamateriale Tip : Proiect interna\u021bional, finan\u021bat de NATO, cu cifrul EAP.SFPP 984890 Conduc\u0103tor : dr. hab. Nicolae Enachi Durata : 2015 &#8211; 2018 Laborator(~oare) : Laboratorul Optica Cuantic\u0103 \u0219i Procese Cinetice Rezumatul Proiectului Scopul principal al acestui proiect a fost decontaminarea suprafe\u021belor poluate\/infectate \u0219i\/sau a&hellip; <br \/> <a class=\"read-more\" href=\"https:\/\/ifa.usm.md\/ro\/nato-eap-sfpp-984890\/\">Cite\u0219te mai mult<\/a><\/p>\n","protected":false},"author":1,"featured_media":0,"parent":0,"menu_order":0,"comment_status":"closed","ping_status":"closed","template":"","meta":{"footnotes":""},"folder":[],"class_list":["post-1103","page","type-page","status-publish","hentry"],"rttpg_featured_image_url":null,"rttpg_author":{"display_name":"","author_link":"https:\/\/ifa.usm.md\/ro\/author\/"},"rttpg_comment":0,"rttpg_category":false,"rttpg_excerpt":"Proiectul\u00a0NATO EAP.SFPP 984890\u00a0Decontaminare energetic-eficient\u0103 cu UV \u0219i plasm\u0103 rece utiliz\u00e2nd metamateriale Tip : Proiect interna\u021bional, finan\u021bat de NATO, cu cifrul EAP.SFPP 984890 Conduc\u0103tor : dr. hab. Nicolae Enachi Durata : 2015 &#8211; 2018 Laborator(~oare) : Laboratorul Optica Cuantic\u0103 \u0219i Procese Cinetice Rezumatul Proiectului Scopul principal al acestui proiect a fost decontaminarea suprafe\u021belor poluate\/infectate \u0219i\/sau a&hellip;&hellip;","_links":{"self":[{"href":"https:\/\/ifa.usm.md\/ro\/wp-json\/wp\/v2\/pages\/1103","targetHints":{"allow":["GET"]}}],"collection":[{"href":"https:\/\/ifa.usm.md\/ro\/wp-json\/wp\/v2\/pages"}],"about":[{"href":"https:\/\/ifa.usm.md\/ro\/wp-json\/wp\/v2\/types\/page"}],"author":[{"embeddable":true,"href":"https:\/\/ifa.usm.md\/ro\/wp-json\/wp\/v2\/users\/1"}],"replies":[{"embeddable":true,"href":"https:\/\/ifa.usm.md\/ro\/wp-json\/wp\/v2\/comments?post=1103"}],"version-history":[{"count":1,"href":"https:\/\/ifa.usm.md\/ro\/wp-json\/wp\/v2\/pages\/1103\/revisions"}],"predecessor-version":[{"id":1105,"href":"https:\/\/ifa.usm.md\/ro\/wp-json\/wp\/v2\/pages\/1103\/revisions\/1105"}],"wp:attachment":[{"href":"https:\/\/ifa.usm.md\/ro\/wp-json\/wp\/v2\/media?parent=1103"}],"wp:term":[{"taxonomy":"folder","embeddable":true,"href":"https:\/\/ifa.usm.md\/ro\/wp-json\/wp\/v2\/folder?post=1103"}],"curies":[{"name":"wp","href":"https:\/\/api.w.org\/{rel}","templated":true}]}}