{"id":1106,"date":"2023-02-27T12:55:28","date_gmt":"2023-02-27T09:55:28","guid":{"rendered":"https:\/\/ifa.usm.md\/?page_id=1106"},"modified":"2023-02-27T12:55:28","modified_gmt":"2023-02-27T09:55:28","slug":"scopes-iz73z0_152404-mt1","status":"publish","type":"page","link":"https:\/\/ifa.usm.md\/ro\/scopes-iz73z0_152404-mt1\/","title":{"rendered":"SCOPES IZ73Z0_152404 MT1"},"content":{"rendered":"<table border=\"0\" align=\"center\">\n<tbody>\n<tr>\n<td colspan=\"2\">\n<h3>Proiectul\u00a0<strong>SCOPES IZ73Z0_152404 MT1\u00a0<em>Synthesis, Experimental and Theoretical Study of Bistable Magnetic Materials Based on 3d and 3d-4f Exchange Coupled Clusters: Prospects for Practical Applications<\/em><\/strong><\/h3>\n<\/td>\n<\/tr>\n<tr>\n<th>Tip :<\/th>\n<td>Proiect interna\u021bional, finan\u021bat de SCOPES, cu cifrul IZ73Z0_152404. IFA participa la acest proiect cu dou\u0103 echipe de cercetare independente, conduse de dr. Svetlana Baca (MT1 &#8211; pagina curent\u0103) \u0219i dr. hab. Sofia Cloci\u0219ner (MT2), respectiv.<\/td>\n<\/tr>\n<tr>\n<th>Conduc\u0103tor :<\/th>\n<td>dr. Svetlana Baca<\/td>\n<\/tr>\n<tr>\n<th>Durata :<\/th>\n<td>2014 &#8211; 2017<\/td>\n<\/tr>\n<tr>\n<th>Laborator(~oare) :<\/th>\n<td>Laboratorul Metode Fizice de Studiere a Solidului \u201cTadeu\u0219 Malinowski\u201d<\/td>\n<\/tr>\n<\/tbody>\n<\/table>\n<p>Scopul proiectului consta \u00een sintetizarea, studiul structural \u0219i caracterizarea magnetic\u0103, precum \u0219i modelarea teoretic\u0103 a noilor grupuri de metale de tranzi\u021bie, a clusterilor mic\u0219ti de tipul 3d-4f \u0219i a polimerilor coordinativi 1D, 2D \u0219i 3D, care includ ace\u0219ti clusteri ca unit\u0103\u021bi de structur\u0103 repetate.\u00a0Proiectul a fost focusat pe sistemele ce demonstreaz\u0103 propriet\u0103\u021bi promi\u021b\u0103toare pentru aplica\u021bii practice, cum ar fi comportamnetul compusilor de tip SMM (<em>single molecule magnet<\/em>) si SCM (<em>single chain magnet<\/em>), ordonarea magnetic\u0103 2D si 3D, crosoverul de spin indus de temperatur\u0103 \u0219i lumin\u0103. Sintetizarea \u0219i caracterizarea acestor clase de compu\u0219i cu ajutorul metodelor magnetice \u0219i spectroscopice au fost completate cu descrierea teoretic\u0103 a propriet\u0103\u021bilor lor magnetice, optice \u0219i de relaxare.\u00a0<em>Obiectivul principal\u00a0<\/em>al proiectului consta \u00een relevarea mecanismelor cheie care guverneaz\u0103 acele propriet\u0103\u021bi ale compu\u0219ilor sus numi\u021bi, promi\u021b\u0103toare pentru aplica\u021bii nanotehnologice.","protected":false},"excerpt":{"rendered":"<p>Proiectul\u00a0SCOPES IZ73Z0_152404 MT1\u00a0Synthesis, Experimental and Theoretical Study of Bistable Magnetic Materials Based on 3d and 3d-4f Exchange Coupled Clusters: Prospects for Practical Applications Tip : Proiect interna\u021bional, finan\u021bat de SCOPES, cu cifrul IZ73Z0_152404. IFA participa la acest proiect cu dou\u0103 echipe de cercetare independente, conduse de dr. Svetlana Baca (MT1 &#8211; pagina curent\u0103) \u0219i dr.&hellip; <br \/> <a class=\"read-more\" href=\"https:\/\/ifa.usm.md\/ro\/scopes-iz73z0_152404-mt1\/\">Cite\u0219te mai mult<\/a><\/p>\n","protected":false},"author":1,"featured_media":0,"parent":0,"menu_order":0,"comment_status":"closed","ping_status":"closed","template":"","meta":{"footnotes":""},"folder":[],"class_list":["post-1106","page","type-page","status-publish","hentry"],"rttpg_featured_image_url":null,"rttpg_author":{"display_name":"","author_link":"https:\/\/ifa.usm.md\/ro\/author\/"},"rttpg_comment":0,"rttpg_category":false,"rttpg_excerpt":"Proiectul\u00a0SCOPES IZ73Z0_152404 MT1\u00a0Synthesis, Experimental and Theoretical Study of Bistable Magnetic Materials Based on 3d and 3d-4f Exchange Coupled Clusters: Prospects for Practical Applications Tip : Proiect interna\u021bional, finan\u021bat de SCOPES, cu cifrul IZ73Z0_152404. IFA participa la acest proiect cu dou\u0103 echipe de cercetare independente, conduse de dr. Svetlana Baca (MT1 &#8211; pagina curent\u0103) \u0219i dr.&hellip;&hellip;","_links":{"self":[{"href":"https:\/\/ifa.usm.md\/ro\/wp-json\/wp\/v2\/pages\/1106","targetHints":{"allow":["GET"]}}],"collection":[{"href":"https:\/\/ifa.usm.md\/ro\/wp-json\/wp\/v2\/pages"}],"about":[{"href":"https:\/\/ifa.usm.md\/ro\/wp-json\/wp\/v2\/types\/page"}],"author":[{"embeddable":true,"href":"https:\/\/ifa.usm.md\/ro\/wp-json\/wp\/v2\/users\/1"}],"replies":[{"embeddable":true,"href":"https:\/\/ifa.usm.md\/ro\/wp-json\/wp\/v2\/comments?post=1106"}],"version-history":[{"count":1,"href":"https:\/\/ifa.usm.md\/ro\/wp-json\/wp\/v2\/pages\/1106\/revisions"}],"predecessor-version":[{"id":1107,"href":"https:\/\/ifa.usm.md\/ro\/wp-json\/wp\/v2\/pages\/1106\/revisions\/1107"}],"wp:attachment":[{"href":"https:\/\/ifa.usm.md\/ro\/wp-json\/wp\/v2\/media?parent=1106"}],"wp:term":[{"taxonomy":"folder","embeddable":true,"href":"https:\/\/ifa.usm.md\/ro\/wp-json\/wp\/v2\/folder?post=1106"}],"curies":[{"name":"wp","href":"https:\/\/api.w.org\/{rel}","templated":true}]}}