{"id":1140,"date":"2023-02-28T12:56:46","date_gmt":"2023-02-28T09:56:46","guid":{"rendered":"https:\/\/ifa.usm.md\/?page_id=1140"},"modified":"2023-02-28T12:59:46","modified_gmt":"2023-02-28T09:59:46","slug":"achizitii-publice","status":"publish","type":"page","link":"https:\/\/ifa.usm.md\/ro\/achizitii-publice\/","title":{"rendered":"Achizi\u021bii publice"},"content":{"rendered":"<h2>Achizi\u021bii publice<\/h2>\n<p>&nbsp;<\/p>\n<h3>Planuri de achizi\u021bii<\/h3>\n<p>Vezi:\u00a0<a href=\"https:\/\/ifa.usm.md\/wp-content\/uploads\/2023\/02\/Plan_achizitii_2019fin.pdf\">Planul de achizi\u021bii pe anul 2019<\/a>. (cu actualiz\u0103ri)<\/p>\n<p>Vezi:\u00a0<a href=\"https:\/\/ifa.usm.md\/wp-content\/uploads\/2023\/02\/Plan_achizitii_2020fin.pdf\">Planul de achizi\u021bii pe anul 2020<\/a>. (cu actualiz\u0103ri)<\/p>\n<p>Vezi:\u00a0<a href=\"https:\/\/ifa.usm.md\/wp-content\/uploads\/2023\/02\/Plan_achizitii_2021_mod.pdf\">Planul de achizi\u021bii pe anul 2021<\/a>. (cu actualiz\u0103ri)<\/p>\n<p>Vezi:\u00a0<a href=\"https:\/\/ifa.usm.md\/wp-content\/uploads\/2023\/02\/Plan_achizitii_2022.pdf\">Planul de achizi\u021bii pe anul 2022<\/a>.<br \/>\n1.\u00a0<a href=\"https:\/\/ifa.usm.md\/wp-content\/uploads\/2023\/02\/Modif_1_plan_achizitii_2022.pdf\">Modific\u0103ri #1 la planul de achizi\u021bii pentru anul 2022\u00a0(23.03.2022)<\/a><br \/>\n2.\u00a0<a href=\"https:\/\/ifa.usm.md\/wp-content\/uploads\/2023\/02\/Modif_2_plan_achizitii_2022.pdf\">Modific\u0103ri #2 la planul de achizi\u021bii pentru anul 2022\u00a0(31.03.2022)<\/a><br \/>\n3.\u00a0<a href=\"https:\/\/ifa.usm.md\/wp-content\/uploads\/2023\/02\/Modif_3_plan_achizitii_2022.pdf\">Modific\u0103ri #3 la planul de achizi\u021bii pentru anul 2022\u00a0(11.04.2022)<\/a><br \/>\n4.\u00a0<a href=\"https:\/\/ifa.usm.md\/wp-content\/uploads\/2023\/02\/Modif_4_plan_achizitii_2022.pdf\">Modific\u0103ri #4 la planul de achizi\u021bii pentru anul 2022\u00a0(14.04.2022)<\/a><br \/>\nVezi:\u00a0<a href=\"https:\/\/ifa.usm.md\/wp-content\/uploads\/2023\/02\/Plan_achizitii_2022modif1.pdf\">Planul actualizat (modificat 13.05.2022) de achizi\u021bii pe anul 2022.<\/a><br \/>\n5.\u00a0<a href=\"https:\/\/ifa.usm.md\/wp-content\/uploads\/2023\/02\/Modif_5_plan_achizitii_2022.pdf\">Modific\u0103ri #5 la planul actualizat de achizi\u021bii pentru anul 2022\u00a0(25.05.2022)<\/a><br \/>\n6.\u00a0<a href=\"https:\/\/ifa.usm.md\/wp-content\/uploads\/2023\/02\/Modif_6_plan_achizitii_2022.pdf\">Modific\u0103ri #6 la planul actualizat de achizi\u021bii pentru anul 2022\u00a0(18.07.2022)<\/a><br \/>\nVezi:\u00a0<a href=\"https:\/\/ifa.usm.md\/wp-content\/uploads\/2023\/02\/Plan_achizitii_2022modif2.pdf\">Planul actualizat (modificat 25.07.2022) de achizi\u021bii pe anul 2022.<\/a><br \/>\nVezi:\u00a0<a href=\"https:\/\/ifa.usm.md\/wp-content\/uploads\/2023\/02\/Plan_achizitii_2022modif3.pdf\">Planul actualizat (modificat 03.08.2022) de achizi\u021bii pe anul 2022.<\/a><br \/>\nVezi:\u00a0<a href=\"https:\/\/ifa.usm.md\/wp-content\/uploads\/2023\/02\/Plan_achizitii_2022modif4.pdf\">Planul actualizat (modificat 23.08.2022) de achizi\u021bii pe anul 2022.<\/a><br \/>\nVezi:\u00a0<a href=\"https:\/\/ifa.usm.md\/wp-content\/uploads\/2023\/02\/Plan_achizitii_2022modif5.pdf\">Planul actualizat (modificat 29.08.2022) de achizi\u021bii pe anul 2022.<\/a><br \/>\nVezi:\u00a0<a href=\"https:\/\/ifa.usm.md\/wp-content\/uploads\/2023\/02\/Plan_achizitii_2022modif6.pdf\">Planul actualizat (modificat 27.09.2022) de achizi\u021bii pe anul 2022.<\/a><br \/>\nVezi:\u00a0<a href=\"https:\/\/ifa.usm.md\/wp-content\/uploads\/2023\/02\/Plan_achizitii_2022modif7.pdf\">Planul actualizat (modificat 31.10.2022) de achizi\u021bii pe anul 2022.<\/a><\/p>\n<p>&nbsp;<\/p>\n<h3>Rapoarte cu privire la monitorizarea contractelor<\/h3>\n<p>Vezi:\u00a0<a href=\"https:\/\/ifa.usm.md\/wp-content\/uploads\/2023\/02\/Raport_monitorizare_I_2021.pdf\">Raport de monitorizare sem. 1 a.2021.<\/a><br \/>\nVezi:\u00a0<a href=\"https:\/\/ifa.usm.md\/wp-content\/uploads\/2023\/02\/Raport_monitorizare_II_2021.pdf\">Raport de monitorizare sem. 2 a.2021.<\/a><br \/>\nVezi:\u00a0<a href=\"https:\/\/ifa.usm.md\/wp-content\/uploads\/2023\/02\/Raport_monitorizare_I_2022.pdf\">Raport de monitorizare sem. 1 a.2022.<\/a><br \/>\nVezi:\u00a0<a href=\"https:\/\/ifa.usm.md\/wp-content\/uploads\/2023\/02\/Raport_monitorizare_II_2022.pdf\">Raport de monitorizare sem. 2 a.2022.<\/a><\/p>\n<p>&nbsp;<\/p>\n<p><strong>A t e n \u021b i e !<\/strong><\/p>\n<p><strong>Institutul de Fizic\u0103 Aplicat\u0103 informeaz\u0103 c\u0103, \u00een contextul noilor reglement\u0103ri \u00een domeniul achizi\u021biilor publice, privind utilizarea Sistemului informa\u021bional automatizat &#8222;Registrul de stat al achizi\u021biilor publice&#8221;, toate anun\u021burile de participare, inclusiv documenta\u021bia de atribuire, la procedurile de achizi\u021bii publice sunt plasate \u00een &#8222;Registrul de Stat al Achizi\u021biilor Publice&#8221; (SIA RSAP MTender)<\/strong><\/p>\n","protected":false},"excerpt":{"rendered":"<p>Achizi\u021bii publice &nbsp; Planuri de achizi\u021bii Vezi:\u00a0Planul de achizi\u021bii pe anul 2019. (cu actualiz\u0103ri) Vezi:\u00a0Planul de achizi\u021bii pe anul 2020. (cu actualiz\u0103ri) Vezi:\u00a0Planul de achizi\u021bii pe anul 2021. (cu actualiz\u0103ri) Vezi:\u00a0Planul de achizi\u021bii pe anul 2022. 1.\u00a0Modific\u0103ri #1 la planul de achizi\u021bii pentru anul 2022\u00a0(23.03.2022) 2.\u00a0Modific\u0103ri #2 la planul de achizi\u021bii pentru anul 2022\u00a0(31.03.2022) 3.\u00a0Modific\u0103ri&hellip; <br \/> <a class=\"read-more\" href=\"https:\/\/ifa.usm.md\/ro\/achizitii-publice\/\">Cite\u0219te mai mult<\/a><\/p>\n","protected":false},"author":1,"featured_media":0,"parent":0,"menu_order":0,"comment_status":"closed","ping_status":"closed","template":"","meta":{"footnotes":""},"folder":[],"class_list":["post-1140","page","type-page","status-publish","hentry"],"rttpg_featured_image_url":null,"rttpg_author":{"display_name":"","author_link":"https:\/\/ifa.usm.md\/ro\/author\/"},"rttpg_comment":0,"rttpg_category":false,"rttpg_excerpt":"Achizi\u021bii publice &nbsp; Planuri de achizi\u021bii Vezi:\u00a0Planul de achizi\u021bii pe anul 2019. (cu actualiz\u0103ri) Vezi:\u00a0Planul de achizi\u021bii pe anul 2020. (cu actualiz\u0103ri) Vezi:\u00a0Planul de achizi\u021bii pe anul 2021. (cu actualiz\u0103ri) Vezi:\u00a0Planul de achizi\u021bii pe anul 2022. 1.\u00a0Modific\u0103ri #1 la planul de achizi\u021bii pentru anul 2022\u00a0(23.03.2022) 2.\u00a0Modific\u0103ri #2 la planul de achizi\u021bii pentru anul 2022\u00a0(31.03.2022) 3.\u00a0Modific\u0103ri&hellip;&hellip;","_links":{"self":[{"href":"https:\/\/ifa.usm.md\/ro\/wp-json\/wp\/v2\/pages\/1140","targetHints":{"allow":["GET"]}}],"collection":[{"href":"https:\/\/ifa.usm.md\/ro\/wp-json\/wp\/v2\/pages"}],"about":[{"href":"https:\/\/ifa.usm.md\/ro\/wp-json\/wp\/v2\/types\/page"}],"author":[{"embeddable":true,"href":"https:\/\/ifa.usm.md\/ro\/wp-json\/wp\/v2\/users\/1"}],"replies":[{"embeddable":true,"href":"https:\/\/ifa.usm.md\/ro\/wp-json\/wp\/v2\/comments?post=1140"}],"version-history":[{"count":2,"href":"https:\/\/ifa.usm.md\/ro\/wp-json\/wp\/v2\/pages\/1140\/revisions"}],"predecessor-version":[{"id":1164,"href":"https:\/\/ifa.usm.md\/ro\/wp-json\/wp\/v2\/pages\/1140\/revisions\/1164"}],"wp:attachment":[{"href":"https:\/\/ifa.usm.md\/ro\/wp-json\/wp\/v2\/media?parent=1140"}],"wp:term":[{"taxonomy":"folder","embeddable":true,"href":"https:\/\/ifa.usm.md\/ro\/wp-json\/wp\/v2\/folder?post=1140"}],"curies":[{"name":"wp","href":"https:\/\/api.w.org\/{rel}","templated":true}]}}