{"id":1298,"date":"2023-02-28T18:35:16","date_gmt":"2023-02-28T15:35:16","guid":{"rendered":"https:\/\/ifa.usm.md\/?page_id=1298"},"modified":"2023-02-28T18:41:48","modified_gmt":"2023-02-28T15:41:48","slug":"premiul-iurii-simonov","status":"publish","type":"page","link":"https:\/\/ifa.usm.md\/ro\/premiul-iurii-simonov\/","title":{"rendered":"Premiul Iurii Simonov"},"content":{"rendered":"<h2>Premiul Memorial &#8222;Iurii Simonov&#8221;:<\/h2>\n<p><strong>Comunicat de presa<br \/>\n27 mai 2011<\/strong><\/p>\n<p>Av\u00e2nd ca scop stimularea \u0219i sus\u021binerea cercet\u0103rilor \u0219tiin\u021bifice inova\u021bionale \u00een domeniul fizicii solidului, cristalografiei, cristalofizicii \u0219i cristalochimiei structurale \u00een R. Moldova,\u00a0<a href=\"http:\/\/andreisimonov.com\/YuriiSimonov\/\" target=\"_blank\" rel=\"noopener\">Funda\u021bia Memorial\u0103 &#8222;Iurii Simonov&#8221;<\/a>\u00a0\u0219i Institutul de Fizic\u0103 Aplicat\u0103 al Academiei de \u0218tiin\u021be a Moldovei anun\u021b\u0103 primul concurs de lucr\u0103ri \u0219tiin\u021bifice \u00een aceste domenii pentru\u00a0<strong>Premiul Memorial &#8222;Iurii Simonov&#8221;<\/strong>, care va include o remunerare \u00een sum\u0103 de 1000 USD.<\/p>\n<p><strong>Iurii Simonov\u00a0<\/strong>a jucat un rol crucial \u00een dezvoltarea cristalografiei \u0219i cristalochimiei \u00een Republica Moldova, activ\u00e2nd fructuos timp de cincizeci de ani \u00een Laboratorul Metode Fizice de Studiere a Solidului al Institutului de Fizic\u0103 Aplicat\u0103. Contribu\u021bia Dumnealui la studiul structural al compu\u0219ilor coordinativi, organici \u0219i supramoleculari a fost remarcabil\u0103. Aproximativ 600 de lucr\u0103ri \u0219tiin\u021bifice au fost publicate \u00een reviste recunoscute pe plan interna\u021bional; \u00eenc\u0103 peste \u0219ase sute au fost prezentate ca rezumate \u0219i rapoarte la conferin\u021be ori ca articole \u0219tiin\u021bifice \u00een reviste na\u021bionale. Activitatea \u0219tiin\u021bific\u0103 a Dlui Iu. Simonov s-a extins dincolo de frontierele na\u021bionale, deoarece Dumnealui a stabilit \u0219i dezvoltat o cooperare str\u00e2ns\u0103 cu chimi\u0219tii, fizicienii \u0219i cristalografii dintr-un \u0219ir de \u021b\u0103ri din Europa, America de Nord \u0219i Asia.<\/p>\n<p><strong>Lucr\u0103rile prezentate vor fi recenzate de c\u0103tre comisia de concurs:<\/strong><\/p>\n<p><strong>Serghei M. Aldo\u0219in<\/strong>\u00a0&#8211; Vicepre\u0219edinte al Academiei de \u0218tiin\u021be din Rusia (A\u0218R), director al Institutului de Chimie Fizic\u0103 din A\u0218R, pre\u0219edinte al Centrului \u0219tiin\u021bific din Chernogolovka al A\u0218R, \u0219ef al laboratorului Chimie Structural\u0103 al A\u0218R.<\/p>\n<p><strong>Ernest Aru\u0219anov<\/strong>\u00a0&#8211; fizician experimentator din fosta Uniune Sovietic\u0103 \u0219i din Moldova, academician al Academiei de \u0218tiin\u021be a Moldovei. Coleg \u0219i un bun prieten de al lui Iurii Simonov. A \u021binut cursuri la Universitatea din Konstanz (Germania), Universitatea Paul Sabatier din Toulouse \u0219i la Universitatea din Paris (Fran\u021ba). Autor a circa 140 articole \u0219tiin\u021bifice.<\/p>\n<p><strong>Maria Gdaniec<\/strong>\u00a0\u00a0 &#8211; chimist \u0219i cristalograf polonez, a colaborat \u00eendeaproape cu Yurii Simonov timp de aproape 20 de ani. Pre\u0219edinte al Comitetului Polonezde Cristalografie, profesor \u0219i \u0219ef al Departamentului de cristalografie la Universitatea Adam Mickiewicz din Pozna\u00c5\u201e.<\/p>\n<p><strong>Victor Kravtsov<\/strong>\u00a0&#8211; fizician experimentator. Licen\u021biat al Facult\u0103\u021bii de Fizic\u0103 a Universit\u0103\u021bii de Stat din Moscova (1975), dr. \u00een \u0219tiin\u021be fizico-matematice, specialitatea cristalografie \u0219i cristalofizic\u0103 (1982). \u00cen prezent a preluat de la dr. Iurii Simonov conducerea Laboratorului Metode Fzice de Studiere a Solidului &#8222;T.I. Malinowski&#8221; al Institutului de Fizic\u0103 Aplicat\u0103. Autor a peste 170 de publicatii \u00een reviste recenzate \u0219i a 6 brevete.<\/p>\n<p><strong>Janusz Lipkowski<\/strong>\u00a0&#8211; membru corespondent al Academiei de \u0218tiin\u021be din Polonia, membru de onoare al Academiei de \u0218tiin\u021be a Moldovei, pre\u0219edinte al Societ\u0103\u021bii de Chimie din Polonia, \u0219ef al Sec\u021biei de Chimie Fizic\u0103 a Combina\u021biilor Complexe Supramoleculare a Institutului de Chimie Fizic\u0103 din Academia de \u0218tiin\u021be din Polonia.<\/p>\n<p>Detaliile procedurii de solicitare a\u00a0<strong>Premiului Memorial &#8222;Iurii Simonov&#8221;<\/strong>\u00a0pot fi g\u0103site pe adresa\u00a0<a href=\"http:\/\/andreisimonov.com\/YuriiSimonov\/apply.php\" target=\"_blank\" rel=\"noopener\">http:\/\/andreisimonov.com\/YuriiSimonov\/apply.php<\/a> \u0219i pe site-ul <a href=\"https:\/\/ifa.usm.md\/?page_id=1300\">Institutului de Fizic\u0103 Aplicat\u0103<\/a>.<\/p>\n<p>Mai multe detalii despre Funda\u021bia Memorial\u0103 &#8222;Iurii Simonov&#8221; pot fi g\u0103site pe adresa\u00a0<a href=\"http:\/\/andreisimonov.com\/YuriiSimonov\/\" target=\"_blank\" rel=\"noopener\">http:\/\/andreisimonov.com\/YuriiSimonov\/<\/a>","protected":false},"excerpt":{"rendered":"<p>Premiul Memorial &#8222;Iurii Simonov&#8221;: Comunicat de presa 27 mai 2011 Av\u00e2nd ca scop stimularea \u0219i sus\u021binerea cercet\u0103rilor \u0219tiin\u021bifice inova\u021bionale \u00een domeniul fizicii solidului, cristalografiei, cristalofizicii \u0219i cristalochimiei structurale \u00een R. Moldova,\u00a0Funda\u021bia Memorial\u0103 &#8222;Iurii Simonov&#8221;\u00a0\u0219i Institutul de Fizic\u0103 Aplicat\u0103 al Academiei de \u0218tiin\u021be a Moldovei anun\u021b\u0103 primul concurs de lucr\u0103ri \u0219tiin\u021bifice \u00een aceste domenii pentru\u00a0Premiul Memorial&hellip; <br \/> <a class=\"read-more\" href=\"https:\/\/ifa.usm.md\/ro\/premiul-iurii-simonov\/\">Cite\u0219te mai mult<\/a><\/p>\n","protected":false},"author":1,"featured_media":0,"parent":0,"menu_order":0,"comment_status":"closed","ping_status":"closed","template":"","meta":{"footnotes":""},"folder":[11],"class_list":["post-1298","page","type-page","status-publish","hentry"],"rttpg_featured_image_url":null,"rttpg_author":{"display_name":"","author_link":"https:\/\/ifa.usm.md\/ro\/author\/"},"rttpg_comment":0,"rttpg_category":" <a href=\"https:\/\/ifa.usm.md\/ro\/?taxonomy=folder&#038;term=other-1684857919-2\" rel=\"tag\">other<\/a>","rttpg_excerpt":"Premiul Memorial &#8222;Iurii Simonov&#8221;: Comunicat de presa 27 mai 2011 Av\u00e2nd ca scop stimularea \u0219i sus\u021binerea cercet\u0103rilor \u0219tiin\u021bifice inova\u021bionale \u00een domeniul fizicii solidului, cristalografiei, cristalofizicii \u0219i cristalochimiei structurale \u00een R. Moldova,\u00a0Funda\u021bia Memorial\u0103 &#8222;Iurii Simonov&#8221;\u00a0\u0219i Institutul de Fizic\u0103 Aplicat\u0103 al Academiei de \u0218tiin\u021be a Moldovei anun\u021b\u0103 primul concurs de lucr\u0103ri \u0219tiin\u021bifice \u00een aceste domenii pentru\u00a0Premiul Memorial&hellip;&hellip;","_links":{"self":[{"href":"https:\/\/ifa.usm.md\/ro\/wp-json\/wp\/v2\/pages\/1298","targetHints":{"allow":["GET"]}}],"collection":[{"href":"https:\/\/ifa.usm.md\/ro\/wp-json\/wp\/v2\/pages"}],"about":[{"href":"https:\/\/ifa.usm.md\/ro\/wp-json\/wp\/v2\/types\/page"}],"author":[{"embeddable":true,"href":"https:\/\/ifa.usm.md\/ro\/wp-json\/wp\/v2\/users\/1"}],"replies":[{"embeddable":true,"href":"https:\/\/ifa.usm.md\/ro\/wp-json\/wp\/v2\/comments?post=1298"}],"version-history":[{"count":2,"href":"https:\/\/ifa.usm.md\/ro\/wp-json\/wp\/v2\/pages\/1298\/revisions"}],"predecessor-version":[{"id":1304,"href":"https:\/\/ifa.usm.md\/ro\/wp-json\/wp\/v2\/pages\/1298\/revisions\/1304"}],"wp:attachment":[{"href":"https:\/\/ifa.usm.md\/ro\/wp-json\/wp\/v2\/media?parent=1298"}],"wp:term":[{"taxonomy":"folder","embeddable":true,"href":"https:\/\/ifa.usm.md\/ro\/wp-json\/wp\/v2\/folder?post=1298"}],"curies":[{"name":"wp","href":"https:\/\/api.w.org\/{rel}","templated":true}]}}