{"id":1305,"date":"2023-02-28T18:46:52","date_gmt":"2023-02-28T15:46:52","guid":{"rendered":"https:\/\/ifa.usm.md\/?page_id=1305"},"modified":"2023-02-28T18:46:52","modified_gmt":"2023-02-28T15:46:52","slug":"laureatii-premiului-2012","status":"publish","type":"page","link":"https:\/\/ifa.usm.md\/ro\/laureatii-premiului-2012\/","title":{"rendered":"Laureatii premiului 2012"},"content":{"rendered":"<h2>Laurea\u021bii Premiul Memorial &#8222;Iurii Simonov&#8221; 2012<\/h2>\n<p><strong>Comunicat de presa<br \/>\n4 iunie 2012<\/strong><\/p>\n<p>Av\u00e2nd ca scop stimularea \u0219i sus\u021binerea cercet\u0103rilor \u0219tiin\u021bifice inova\u021bionale \u00een domeniul fizicii solidului, cristalografiei, cristalofizicii \u0219i cristalochimiei structurale \u00een R. Moldova, Funda\u021bia Memorial\u0103 &#8222;Iurii Simonov&#8221; \u0219i Institutul de Fizic\u0103 Aplicat\u0103 al Academiei de \u0218tiin\u021be a Moldovei anun\u021b\u0103 primii laurea\u021bi ai\u00a0<strong>Premiului Memorial &#8222;Iurii Simonov&#8221;<\/strong>.<\/p>\n<p>Comitetul \u0218tiin\u021bific \u0219i Consiliul au decis de a decerna \u00een acest an dou\u0103 premii a c\u00e2te 1000$ fiecare:<\/p>\n<p>Premiul pentru cercet\u0103torii cu experien\u021b\u0103 a fost decernat\u00a0<strong>Dr. Paulina Bouro\u0219 (Institutul de Fizic\u0103 Aplicat\u0103, Academia de \u0218tiin\u021be a Moldovei) \u0219i Prof. Mihail Revenco (Universitatea de Stat din Moldova)<\/strong>\u00a0pentru un \u0219ir de publica\u021bii ce a format ciclul cu tema &#8222;Studii cristalografice pentru stabilirea reac\u021biilor chimice \u00een sisteme complicate&#8221;. Aplic\u00e2nd difrac\u021bia cu raze X \u0219i tehnicile respective, d-nei Bouro\u0219 \u0219i dlui Revenco le-a reu\u0219it nu numai determinarea structurilor cristaline a unui \u0219ir de compu\u0219i noi cu aranjament nou al atomilor \u0219i al leg\u0103turlor chimice, ci \u0219i stabilirea modului de desf\u0103\u0219urare a reac\u021biilor chimice respective, promovate de prezen\u021ba ionilor de metal, rezult\u00e2nd \u00een final materiale noi cu propriet\u0103\u021bi utile.<\/p>\n<p>Premiul pentru tineri cercet\u0103tori a fost decernat\u00a0<strong>Dr. Denis Prodius (Institutul de Chimie, Academia de \u0218tiin\u021be a Moldovei)<\/strong>\u00a0pentru un \u0219ir de publica\u021bii \u00eentitulat\u00a0<strong>&#8222;Sinteza \u0219i investiga\u021bia carboxila\u021bilor polinucleari ai metalelor (s-, d- \u0219i f-) ca materiale moderne multifunc\u021bionale&#8221;<\/strong>. Lucrarea Dr. Prodius este consacrat\u0103 studiului clusterilor coordinativi cu interac\u021biuni neobi\u0219nuite magnetice \u0219i compu\u0219ilor biologic activi. Studiul cu raze X a jucat un rol crucial la determinarea structurii moleculare a unor compu\u0219i noi. Mai evident acest lucru s-a observat \u00een cercet\u0103rile magne\u021bilor moleculari, care prezint\u0103 o clas\u0103 aparte de clusteri metal-organici ce posed\u0103 propriet\u0103\u021bi magnetice individuale, \u00een care fiecare molecul\u0103 poate fi magnetizat\u0103 individual. Denis Prodius a sintetizat un \u0219ir de clusteri diferi\u021bi \u00een calitate de precursori pentru a ob\u021bine mai t\u00e2rziu mai mult de 50 noi substan\u021be cristaline, 18 din care au fost deja analizate.<\/p>\n<p><strong>Iurii Simonov\u00a0<\/strong>a jucat un rol crucial \u00een dezvoltarea cristalografiei \u0219i cristalochimiei \u00een Republica Moldova, activ\u00e2nd fructuos timp de cincizeci de ani \u00een Laboratorul Metode Fizice de Studiere a Solidului al Institutului de Fizic\u0103 Aplicat\u0103. Contribu\u021bia Dumnealui la studiul structural al compu\u0219ilor coordinativi, organici \u0219i supramoleculari a fost remarcabil\u0103. Aproximativ 600 de lucr\u0103ri \u0219tiin\u021bifice au fost publicate \u00een reviste recunoscute pe plan interna\u021bional; \u00eenc\u0103 peste \u0219ase sute au fost prezentate ca rezumate \u0219i rapoarte la conferin\u021be ori ca articole \u0219tiin\u021bifice \u00een reviste na\u021bionale. Activitatea \u0219tiin\u021bific\u0103 a Dlui Iu. Simonov s-a extins dincolo de frontierele na\u021bionale, deoarece Dumnealui a stabilit \u0219i dezvoltat o cooperare str\u00e2ns\u0103 cu chimi\u0219tii, fizicienii \u0219i cristalografii dintr-un \u0219ir de \u021b\u0103ri din Europa, America de Nord \u0219i Asia.<\/p>\n<p>Mai detaliat despre Funda\u021bia Memorial\u0103 &#8222;Iurii Simonov&#8221; se poate g\u0103si pe\u00a0<a href=\"http:\/\/andreisimonov.com\/YuriiSimonov\/\" target=\"_blank\" rel=\"noopener\">http:\/\/andreisimonov.com\/YuriiSimonov\/<\/a>","protected":false},"excerpt":{"rendered":"<p>Laurea\u021bii Premiul Memorial &#8222;Iurii Simonov&#8221; 2012 Comunicat de presa 4 iunie 2012 Av\u00e2nd ca scop stimularea \u0219i sus\u021binerea cercet\u0103rilor \u0219tiin\u021bifice inova\u021bionale \u00een domeniul fizicii solidului, cristalografiei, cristalofizicii \u0219i cristalochimiei structurale \u00een R. Moldova, Funda\u021bia Memorial\u0103 &#8222;Iurii Simonov&#8221; \u0219i Institutul de Fizic\u0103 Aplicat\u0103 al Academiei de \u0218tiin\u021be a Moldovei anun\u021b\u0103 primii laurea\u021bi ai\u00a0Premiului Memorial &#8222;Iurii Simonov&#8221;.&hellip; <br \/> <a class=\"read-more\" href=\"https:\/\/ifa.usm.md\/ro\/laureatii-premiului-2012\/\">Cite\u0219te mai mult<\/a><\/p>\n","protected":false},"author":1,"featured_media":0,"parent":0,"menu_order":0,"comment_status":"closed","ping_status":"closed","template":"","meta":{"footnotes":""},"folder":[11],"class_list":["post-1305","page","type-page","status-publish","hentry"],"rttpg_featured_image_url":null,"rttpg_author":{"display_name":"","author_link":"https:\/\/ifa.usm.md\/ro\/author\/"},"rttpg_comment":0,"rttpg_category":" <a href=\"https:\/\/ifa.usm.md\/ro\/?taxonomy=folder&#038;term=other-1684857919-2\" rel=\"tag\">other<\/a>","rttpg_excerpt":"Laurea\u021bii Premiul Memorial &#8222;Iurii Simonov&#8221; 2012 Comunicat de presa 4 iunie 2012 Av\u00e2nd ca scop stimularea \u0219i sus\u021binerea cercet\u0103rilor \u0219tiin\u021bifice inova\u021bionale \u00een domeniul fizicii solidului, cristalografiei, cristalofizicii \u0219i cristalochimiei structurale \u00een R. Moldova, Funda\u021bia Memorial\u0103 &#8222;Iurii Simonov&#8221; \u0219i Institutul de Fizic\u0103 Aplicat\u0103 al Academiei de \u0218tiin\u021be a Moldovei anun\u021b\u0103 primii laurea\u021bi ai\u00a0Premiului Memorial &#8222;Iurii Simonov&#8221;.&hellip;&hellip;","_links":{"self":[{"href":"https:\/\/ifa.usm.md\/ro\/wp-json\/wp\/v2\/pages\/1305","targetHints":{"allow":["GET"]}}],"collection":[{"href":"https:\/\/ifa.usm.md\/ro\/wp-json\/wp\/v2\/pages"}],"about":[{"href":"https:\/\/ifa.usm.md\/ro\/wp-json\/wp\/v2\/types\/page"}],"author":[{"embeddable":true,"href":"https:\/\/ifa.usm.md\/ro\/wp-json\/wp\/v2\/users\/1"}],"replies":[{"embeddable":true,"href":"https:\/\/ifa.usm.md\/ro\/wp-json\/wp\/v2\/comments?post=1305"}],"version-history":[{"count":1,"href":"https:\/\/ifa.usm.md\/ro\/wp-json\/wp\/v2\/pages\/1305\/revisions"}],"predecessor-version":[{"id":1307,"href":"https:\/\/ifa.usm.md\/ro\/wp-json\/wp\/v2\/pages\/1305\/revisions\/1307"}],"wp:attachment":[{"href":"https:\/\/ifa.usm.md\/ro\/wp-json\/wp\/v2\/media?parent=1305"}],"wp:term":[{"taxonomy":"folder","embeddable":true,"href":"https:\/\/ifa.usm.md\/ro\/wp-json\/wp\/v2\/folder?post=1305"}],"curies":[{"name":"wp","href":"https:\/\/api.w.org\/{rel}","templated":true}]}}