{"id":1308,"date":"2023-02-28T18:50:56","date_gmt":"2023-02-28T15:50:56","guid":{"rendered":"https:\/\/ifa.usm.md\/?page_id=1308"},"modified":"2023-02-28T18:51:34","modified_gmt":"2023-02-28T15:51:34","slug":"laureatii-premiului-2013","status":"publish","type":"page","link":"https:\/\/ifa.usm.md\/ro\/laureatii-premiului-2013\/","title":{"rendered":"Laureatii premiului 2013"},"content":{"rendered":"<h2>Laurea\u021bii Premiul Memorial &#8222;Iurii Simonov&#8221; 2013<\/h2>\n<table border=\"0\" cellspacing=\"0\" cellpadding=\"8\" align=\"center\">\n<tbody>\n<tr>\n<td><img fetchpriority=\"high\" decoding=\"async\" class=\"alignnone wp-image-1309\" src=\"https:\/\/ifa.usm.md\/wp-content\/uploads\/2023\/02\/LCroitoru-238x300.jpg\" alt=\"\" width=\"346\" height=\"439\" \/><\/td>\n<td>Premiul pentru tineri cercet\u0103tori a fost decernat\u00a0<strong>Dr. Lilia Croitor<\/strong>\u00a0(Institutul de Fizic\u0103 Aplicat\u0103, Academia de #o;tiin\u021be a Moldovei) pentru un ciclu de publica\u021bii \u00eentitulat &#8222;<strong>Designul molecular \u0219i studiul cristalografic a compu\u0219ilor coordinativi de Cu(II), Zn(II) \u0219i Cd(II) \u00een calitate de gazde pentru includerea moleculelor mici<\/strong>&#8222;. Obiectul de studiu al acestui ciclu de lucr\u0103ri este reflectat prin designul dirijat \u0219i analiza cu raze X pe monocristale a dioxima\u021bilor\/dioximelor de Cu(II), Zn(II) \u0219i Cd(II) cu diver\u0219i liganzi ca familie nou\u0103 de materiale poroase cu propriet\u0103\u021bi utile. A fost demonstrat c\u0103 molecula voluminoas\u0103 de 1,2-ciclohexandiondioxim\u0103 cu conforma\u021bia flexibil\u0103 a inelelor sale de ciclohexil ofer\u0103 compu\u0219ilor slab \u00eempachetate posibilitatea s\u0103 g\u0103zduiasc\u0103 molecule de tip \u201eoaspete\u201d. Astfel de sisteme oaspete-gazd\u0103 demonstreaz\u0103 un efect luminescent la includerea moleculelor \u201eoaspete\u201d (\u00een majoritatea compu\u0219ilor \u2013 la stingerea luminescen\u021bei).<\/td>\n<\/tr>\n<\/tbody>\n<\/table>","protected":false},"excerpt":{"rendered":"<p>Laurea\u021bii Premiul Memorial &#8222;Iurii Simonov&#8221; 2013 Premiul pentru tineri cercet\u0103tori a fost decernat\u00a0Dr. Lilia Croitor\u00a0(Institutul de Fizic\u0103 Aplicat\u0103, Academia de #o;tiin\u021be a Moldovei) pentru un ciclu de publica\u021bii \u00eentitulat &#8222;Designul molecular \u0219i studiul cristalografic a compu\u0219ilor coordinativi de Cu(II), Zn(II) \u0219i Cd(II) \u00een calitate de gazde pentru includerea moleculelor mici&#8222;. Obiectul de studiu al acestui&hellip; <br \/> <a class=\"read-more\" href=\"https:\/\/ifa.usm.md\/ro\/laureatii-premiului-2013\/\">Cite\u0219te mai mult<\/a><\/p>\n","protected":false},"author":1,"featured_media":0,"parent":0,"menu_order":0,"comment_status":"closed","ping_status":"closed","template":"","meta":{"footnotes":""},"folder":[11],"class_list":["post-1308","page","type-page","status-publish","hentry"],"rttpg_featured_image_url":null,"rttpg_author":{"display_name":"","author_link":"https:\/\/ifa.usm.md\/ro\/author\/"},"rttpg_comment":0,"rttpg_category":" <a href=\"https:\/\/ifa.usm.md\/ro\/?taxonomy=folder&#038;term=other-1684857919-2\" rel=\"tag\">other<\/a>","rttpg_excerpt":"Laurea\u021bii Premiul Memorial &#8222;Iurii Simonov&#8221; 2013 Premiul pentru tineri cercet\u0103tori a fost decernat\u00a0Dr. Lilia Croitor\u00a0(Institutul de Fizic\u0103 Aplicat\u0103, Academia de #o;tiin\u021be a Moldovei) pentru un ciclu de publica\u021bii \u00eentitulat &#8222;Designul molecular \u0219i studiul cristalografic a compu\u0219ilor coordinativi de Cu(II), Zn(II) \u0219i Cd(II) \u00een calitate de gazde pentru includerea moleculelor mici&#8222;. Obiectul de studiu al acestui&hellip;&hellip;","_links":{"self":[{"href":"https:\/\/ifa.usm.md\/ro\/wp-json\/wp\/v2\/pages\/1308","targetHints":{"allow":["GET"]}}],"collection":[{"href":"https:\/\/ifa.usm.md\/ro\/wp-json\/wp\/v2\/pages"}],"about":[{"href":"https:\/\/ifa.usm.md\/ro\/wp-json\/wp\/v2\/types\/page"}],"author":[{"embeddable":true,"href":"https:\/\/ifa.usm.md\/ro\/wp-json\/wp\/v2\/users\/1"}],"replies":[{"embeddable":true,"href":"https:\/\/ifa.usm.md\/ro\/wp-json\/wp\/v2\/comments?post=1308"}],"version-history":[{"count":1,"href":"https:\/\/ifa.usm.md\/ro\/wp-json\/wp\/v2\/pages\/1308\/revisions"}],"predecessor-version":[{"id":1310,"href":"https:\/\/ifa.usm.md\/ro\/wp-json\/wp\/v2\/pages\/1308\/revisions\/1310"}],"wp:attachment":[{"href":"https:\/\/ifa.usm.md\/ro\/wp-json\/wp\/v2\/media?parent=1308"}],"wp:term":[{"taxonomy":"folder","embeddable":true,"href":"https:\/\/ifa.usm.md\/ro\/wp-json\/wp\/v2\/folder?post=1308"}],"curies":[{"name":"wp","href":"https:\/\/api.w.org\/{rel}","templated":true}]}}