{"id":1317,"date":"2023-02-28T19:04:19","date_gmt":"2023-02-28T16:04:19","guid":{"rendered":"https:\/\/ifa.usm.md\/?page_id=1317"},"modified":"2023-02-28T19:04:19","modified_gmt":"2023-02-28T16:04:19","slug":"laureatii-premiului-2016","status":"publish","type":"page","link":"https:\/\/ifa.usm.md\/ro\/laureatii-premiului-2016\/","title":{"rendered":"Laurea\u021bii premiului 2016"},"content":{"rendered":"<h2>Laureatul Premiului Memorial &#8222;Iurii Simonov&#8221; 2016<\/h2>\n<p><img fetchpriority=\"high\" decoding=\"async\" class=\"alignnone size-medium wp-image-1312\" style=\"float: left; margin: 7px 7px 7px 0;\" src=\"https:\/\/ifa.usm.md\/wp-content\/uploads\/2023\/02\/SShova.jpg\" alt=\"\" width=\"300\" height=\"200\" \/><br \/>\nPremiul Memorial Iurii Simonov pentru 2016 a fost acordat Dr. Sergiu \u0218ova pentru contribu\u021bia sa valoroas\u0103 \u00een studiul cristalografic structural cu raze X a materialelor cristaline construite din arhitecturi moleculare discrete \u0219i polimerice bazate pe metale de tranzi\u021bie 3d \u0219i liganzi flexibili con\u021bin\u00e2nd silan \u0219i unit\u0103\u021bi siloxanice. Cercet\u0103rile sale au permis stabilirea unei corela\u021bii dintre structura acestor materiale \u0219i propriet\u0103\u021bile lor fizice. Dr Sergiu \u0218ova a absolvit Universitatea de Stat din Moldova \u00een anul 1980 \u0219i a ob\u021binut titlui de doctor \u00een chimie \u00een 1985. Dr. \u0218hova este un cercet\u0103tor bine cunoscut \u00een domeniul chimiei \u0219i cristalografiei compu\u0219ilor coordinativi \u0219i supramoleculari. Sergiu \u0218ova a predat \u0219i mai are cursuri de chimie anorganic\u0103, cristalochimie \u0219i ce \u021bin de studiu cu raze X a materiei cristaline. Dr. \u0218ova a activat\/activeaz\u0103 la Universitatea de Stat din Moldova, Institutul de Fizic\u0103 Aplicat\u0103 al Academiei de \u0218tiin\u021be a Moldovei, Institutul de Chimie al Academiei de \u0218tiin\u021be a Moldovei, Institutul de Zoologie al Academiei de \u0218tiin\u021be a Moldovei \u0219i Institutul de Chimie Macromoleculara &#8222;Petru Poni&#8221; al Academiei Rom\u00e2ne din Ia\u0219i, Rom\u00e2nia. El a fost antrenat des ca coordonator ori executant \u00eentr-un num\u0103r mare de proiecte interna\u021bionale de cercetare. Dr. \u0218ova a publicat circa 200 de lucr\u0103ri \u0219tiin\u021bifice \u00een reviste interna\u021bionale recenzate prestigioase.","protected":false},"excerpt":{"rendered":"<p>Laureatul Premiului Memorial &#8222;Iurii Simonov&#8221; 2016 Premiul Memorial Iurii Simonov pentru 2016 a fost acordat Dr. Sergiu \u0218ova pentru contribu\u021bia sa valoroas\u0103 \u00een studiul cristalografic structural cu raze X a materialelor cristaline construite din arhitecturi moleculare discrete \u0219i polimerice bazate pe metale de tranzi\u021bie 3d \u0219i liganzi flexibili con\u021bin\u00e2nd silan \u0219i unit\u0103\u021bi siloxanice. Cercet\u0103rile sale&hellip; <br \/> <a class=\"read-more\" href=\"https:\/\/ifa.usm.md\/ro\/laureatii-premiului-2016\/\">Cite\u0219te mai mult<\/a><\/p>\n","protected":false},"author":1,"featured_media":0,"parent":0,"menu_order":0,"comment_status":"closed","ping_status":"closed","template":"","meta":{"footnotes":""},"folder":[11],"class_list":["post-1317","page","type-page","status-publish","hentry"],"rttpg_featured_image_url":null,"rttpg_author":{"display_name":"","author_link":"https:\/\/ifa.usm.md\/ro\/author\/"},"rttpg_comment":0,"rttpg_category":" <a href=\"https:\/\/ifa.usm.md\/ro\/?taxonomy=folder&#038;term=other-1684857919-2\" rel=\"tag\">other<\/a>","rttpg_excerpt":"Laureatul Premiului Memorial &#8222;Iurii Simonov&#8221; 2016 Premiul Memorial Iurii Simonov pentru 2016 a fost acordat Dr. Sergiu \u0218ova pentru contribu\u021bia sa valoroas\u0103 \u00een studiul cristalografic structural cu raze X a materialelor cristaline construite din arhitecturi moleculare discrete \u0219i polimerice bazate pe metale de tranzi\u021bie 3d \u0219i liganzi flexibili con\u021bin\u00e2nd silan \u0219i unit\u0103\u021bi siloxanice. Cercet\u0103rile sale&hellip;&hellip;","_links":{"self":[{"href":"https:\/\/ifa.usm.md\/ro\/wp-json\/wp\/v2\/pages\/1317","targetHints":{"allow":["GET"]}}],"collection":[{"href":"https:\/\/ifa.usm.md\/ro\/wp-json\/wp\/v2\/pages"}],"about":[{"href":"https:\/\/ifa.usm.md\/ro\/wp-json\/wp\/v2\/types\/page"}],"author":[{"embeddable":true,"href":"https:\/\/ifa.usm.md\/ro\/wp-json\/wp\/v2\/users\/1"}],"replies":[{"embeddable":true,"href":"https:\/\/ifa.usm.md\/ro\/wp-json\/wp\/v2\/comments?post=1317"}],"version-history":[{"count":1,"href":"https:\/\/ifa.usm.md\/ro\/wp-json\/wp\/v2\/pages\/1317\/revisions"}],"predecessor-version":[{"id":1319,"href":"https:\/\/ifa.usm.md\/ro\/wp-json\/wp\/v2\/pages\/1317\/revisions\/1319"}],"wp:attachment":[{"href":"https:\/\/ifa.usm.md\/ro\/wp-json\/wp\/v2\/media?parent=1317"}],"wp:term":[{"taxonomy":"folder","embeddable":true,"href":"https:\/\/ifa.usm.md\/ro\/wp-json\/wp\/v2\/folder?post=1317"}],"curies":[{"name":"wp","href":"https:\/\/api.w.org\/{rel}","templated":true}]}}