{"id":1323,"date":"2023-02-28T19:16:07","date_gmt":"2023-02-28T16:16:07","guid":{"rendered":"https:\/\/ifa.usm.md\/?page_id=1323"},"modified":"2023-02-28T19:16:07","modified_gmt":"2023-02-28T16:16:07","slug":"laureatii-premiului-2018","status":"publish","type":"page","link":"https:\/\/ifa.usm.md\/ro\/laureatii-premiului-2018\/","title":{"rendered":"Laurea\u021bii premiului 2018"},"content":{"rendered":"<h2>Laureatul Premiului Memorial &#8222;Iurii Simonov&#8221; 2018<\/h2>\n<p><img fetchpriority=\"high\" decoding=\"async\" class=\"alignnone size-medium wp-image-1312\" style=\"float: left; margin: 7px 7px 7px 0;\" src=\"https:\/\/ifa.usm.md\/wp-content\/uploads\/2023\/02\/mguc.jpg\" alt=\"\" width=\"300\" height=\"200\" \/><br \/>\nPremiul Memorial Yurii Simonov din 2018 a fost acordat dr. Maxim Guc pentru lucrarea dedicat\u0103 studiului \u0219i dezvolt\u0103rii tehnologice a semiconductorilor multicomponen\u021bi de chalcogenide pentru dispozitivele fotovoltaice avansate, inclusiv cele bazate pe compu\u0219i de kesterite Cu<sub>2<\/sub>ZnSn(S, Se)<sub>4<\/sub>. Aceste tehnologii prezint\u0103 un interes deosebit din cauza poten\u021bialului lor de a dezvolta dispozitive cu celule solare de \u00eenalt\u0103 eficien\u021b\u0103, cu costuri reduse de produc\u021bie. Spre deosebire de alte tehnologii fotovoltaice de tip chalcogenide care au o stare tehnologic\u0103 mult mai matur\u0103 &#8211; ca cele bazate pe CIGS (Cu(In,Ga)(S,Se)<sub>2<\/sub>) &#8211; kesteritele sunt formate doar de elemente r\u0103sp\u00e2ndite larg pe p\u0103m\u00e2nt, sunt deosebit de potrivite la scara industrial\u0103 durabil\u0103 a produc\u021biei lor p\u00e2n\u0103 la nivelurile de produc\u021bie \u00een mas\u0103. \u00cen acest domeniu, dr. Guc a f\u0103cut mai multe contribu\u021bii relevante care permit o avansare semnificativ\u0103 \u00een cunoa\u0219terea propriet\u0103\u021bilor fundamentale ale acestor semiconductori, furniz\u00e2nd dovezi experimentale clare care permit identificarea structurii lor cristaline principale cu structura kesteritei din analiza profund\u0103 a propriet\u0103\u021bilor lor vibra\u021bionale . Acest lucru a fost, de asemenea, completat cu o analiz\u0103 detaliat\u0103 a propriet\u0103\u021bilor lor de transport. Cunoa\u0219terea acestor propriet\u0103\u021bi fundamentale este foarte relevant\u0103 pentru dezvoltarea tehnologiei proceselor adecvate la sinteza absorban\u021bilor pentru dispozitive bazate pe kesterite.","protected":false},"excerpt":{"rendered":"<p>Laureatul Premiului Memorial &#8222;Iurii Simonov&#8221; 2018 Premiul Memorial Yurii Simonov din 2018 a fost acordat dr. Maxim Guc pentru lucrarea dedicat\u0103 studiului \u0219i dezvolt\u0103rii tehnologice a semiconductorilor multicomponen\u021bi de chalcogenide pentru dispozitivele fotovoltaice avansate, inclusiv cele bazate pe compu\u0219i de kesterite Cu2ZnSn(S, Se)4. Aceste tehnologii prezint\u0103 un interes deosebit din cauza poten\u021bialului lor de a&hellip; <br \/> <a class=\"read-more\" href=\"https:\/\/ifa.usm.md\/ro\/laureatii-premiului-2018\/\">Cite\u0219te mai mult<\/a><\/p>\n","protected":false},"author":1,"featured_media":0,"parent":0,"menu_order":0,"comment_status":"closed","ping_status":"closed","template":"","meta":{"footnotes":""},"folder":[11],"class_list":["post-1323","page","type-page","status-publish","hentry"],"rttpg_featured_image_url":null,"rttpg_author":{"display_name":"","author_link":"https:\/\/ifa.usm.md\/ro\/author\/"},"rttpg_comment":0,"rttpg_category":" <a href=\"https:\/\/ifa.usm.md\/ro\/?taxonomy=folder&#038;term=other-1684857919-2\" rel=\"tag\">other<\/a>","rttpg_excerpt":"Laureatul Premiului Memorial &#8222;Iurii Simonov&#8221; 2018 Premiul Memorial Yurii Simonov din 2018 a fost acordat dr. Maxim Guc pentru lucrarea dedicat\u0103 studiului \u0219i dezvolt\u0103rii tehnologice a semiconductorilor multicomponen\u021bi de chalcogenide pentru dispozitivele fotovoltaice avansate, inclusiv cele bazate pe compu\u0219i de kesterite Cu2ZnSn(S, Se)4. Aceste tehnologii prezint\u0103 un interes deosebit din cauza poten\u021bialului lor de a&hellip;&hellip;","_links":{"self":[{"href":"https:\/\/ifa.usm.md\/ro\/wp-json\/wp\/v2\/pages\/1323","targetHints":{"allow":["GET"]}}],"collection":[{"href":"https:\/\/ifa.usm.md\/ro\/wp-json\/wp\/v2\/pages"}],"about":[{"href":"https:\/\/ifa.usm.md\/ro\/wp-json\/wp\/v2\/types\/page"}],"author":[{"embeddable":true,"href":"https:\/\/ifa.usm.md\/ro\/wp-json\/wp\/v2\/users\/1"}],"replies":[{"embeddable":true,"href":"https:\/\/ifa.usm.md\/ro\/wp-json\/wp\/v2\/comments?post=1323"}],"version-history":[{"count":1,"href":"https:\/\/ifa.usm.md\/ro\/wp-json\/wp\/v2\/pages\/1323\/revisions"}],"predecessor-version":[{"id":1325,"href":"https:\/\/ifa.usm.md\/ro\/wp-json\/wp\/v2\/pages\/1323\/revisions\/1325"}],"wp:attachment":[{"href":"https:\/\/ifa.usm.md\/ro\/wp-json\/wp\/v2\/media?parent=1323"}],"wp:term":[{"taxonomy":"folder","embeddable":true,"href":"https:\/\/ifa.usm.md\/ro\/wp-json\/wp\/v2\/folder?post=1323"}],"curies":[{"name":"wp","href":"https:\/\/api.w.org\/{rel}","templated":true}]}}