{"id":1329,"date":"2023-02-28T19:19:23","date_gmt":"2023-02-28T16:19:23","guid":{"rendered":"https:\/\/ifa.usm.md\/?page_id=1329"},"modified":"2023-02-28T19:19:23","modified_gmt":"2023-02-28T16:19:23","slug":"laureatii-premiului-2020","status":"publish","type":"page","link":"https:\/\/ifa.usm.md\/ro\/laureatii-premiului-2020\/","title":{"rendered":"Laurea\u021bii premiului 2020"},"content":{"rendered":"<h2>Laureatul Premiului Memorial &#8222;Iurii Simonov&#8221; 2020<\/h2>\n<p><img fetchpriority=\"high\" decoding=\"async\" class=\"alignnone size-medium wp-image-1312\" style=\"float: left; margin: 7px 7px 7px 0;\" src=\"https:\/\/ifa.usm.md\/wp-content\/uploads\/2023\/02\/OPalamarciuc.jpeg\" alt=\"\" width=\"300\" height=\"200\" \/><br \/>\nPremiul Memorial Iurii Simonov pentru anul 2020 a fost acordat dr. Oleg Palamarciuc pentru contribu\u021bia sa valoroas\u0103 \u00een domeniul sintezei, studiului structural cu ajutorul razelor X \u0219i investiga\u021biilor fizico-chimice ale materialelor metalorganice pe baz\u0103 de tiosemicarbazid\u0103. Arialul de cercetare a dlui Palamarciuc \u021bine de sinteza \u0219i studiului compu\u0219ilor coordinativi ai elementelor 3d cu liganzi deriva\u021bi ai tiosemicarbazidei cu diverse propriet\u0103\u021bi \u0219i aplica\u021bii \u00een calitate de magne\u021bi moleculari SMM, materiale biologice active, dispozitive senzor, c\u00e2t \u0219i pentru determin\u0103ri analitice. Dr. Oleg Palamarciuc a absolvit Universitatea de Stat din Moldova \u00een 2007 \u0219i cu succes a sus\u021binut teza de doctor \u00een chimie \u00een 2012. Lucrarea sa de cercetare a fost realizat\u0103 \u00een colaborare cu diferite centre prestigioase de peste hotare: Centrul de Cercetare Paul Pascal, Bordeaux, Fran\u021ba, Institutul de materiale fizice \u0219i chimice din Strasbourg, Fran\u021ba, Universitatea din Viena, Austria. Pe parcurs a activat \u00een calitate de cercet\u0103tor principal \u0219i executant \u00een mai multe proiecte interna\u021bionale de cercetare, cum ar fi ANR Blanc, H2020, AUF. Dr. Palamarciuc \u00ee\u0219i continu\u0103 activatatea la Universitatea de Stat din Moldova ca cercet\u0103tor \u0219tiin\u021bific superior.","protected":false},"excerpt":{"rendered":"<p>Laureatul Premiului Memorial &#8222;Iurii Simonov&#8221; 2020 Premiul Memorial Iurii Simonov pentru anul 2020 a fost acordat dr. Oleg Palamarciuc pentru contribu\u021bia sa valoroas\u0103 \u00een domeniul sintezei, studiului structural cu ajutorul razelor X \u0219i investiga\u021biilor fizico-chimice ale materialelor metalorganice pe baz\u0103 de tiosemicarbazid\u0103. Arialul de cercetare a dlui Palamarciuc \u021bine de sinteza \u0219i studiului compu\u0219ilor coordinativi&hellip; <br \/> <a class=\"read-more\" href=\"https:\/\/ifa.usm.md\/ro\/laureatii-premiului-2020\/\">Cite\u0219te mai mult<\/a><\/p>\n","protected":false},"author":1,"featured_media":0,"parent":0,"menu_order":0,"comment_status":"closed","ping_status":"closed","template":"","meta":{"footnotes":""},"folder":[11],"class_list":["post-1329","page","type-page","status-publish","hentry"],"rttpg_featured_image_url":null,"rttpg_author":{"display_name":"","author_link":"https:\/\/ifa.usm.md\/ro\/author\/"},"rttpg_comment":0,"rttpg_category":" <a href=\"https:\/\/ifa.usm.md\/ro\/?taxonomy=folder&#038;term=other-1684857919-2\" rel=\"tag\">other<\/a>","rttpg_excerpt":"Laureatul Premiului Memorial &#8222;Iurii Simonov&#8221; 2020 Premiul Memorial Iurii Simonov pentru anul 2020 a fost acordat dr. Oleg Palamarciuc pentru contribu\u021bia sa valoroas\u0103 \u00een domeniul sintezei, studiului structural cu ajutorul razelor X \u0219i investiga\u021biilor fizico-chimice ale materialelor metalorganice pe baz\u0103 de tiosemicarbazid\u0103. Arialul de cercetare a dlui Palamarciuc \u021bine de sinteza \u0219i studiului compu\u0219ilor coordinativi&hellip;&hellip;","_links":{"self":[{"href":"https:\/\/ifa.usm.md\/ro\/wp-json\/wp\/v2\/pages\/1329","targetHints":{"allow":["GET"]}}],"collection":[{"href":"https:\/\/ifa.usm.md\/ro\/wp-json\/wp\/v2\/pages"}],"about":[{"href":"https:\/\/ifa.usm.md\/ro\/wp-json\/wp\/v2\/types\/page"}],"author":[{"embeddable":true,"href":"https:\/\/ifa.usm.md\/ro\/wp-json\/wp\/v2\/users\/1"}],"replies":[{"embeddable":true,"href":"https:\/\/ifa.usm.md\/ro\/wp-json\/wp\/v2\/comments?post=1329"}],"version-history":[{"count":1,"href":"https:\/\/ifa.usm.md\/ro\/wp-json\/wp\/v2\/pages\/1329\/revisions"}],"predecessor-version":[{"id":1332,"href":"https:\/\/ifa.usm.md\/ro\/wp-json\/wp\/v2\/pages\/1329\/revisions\/1332"}],"wp:attachment":[{"href":"https:\/\/ifa.usm.md\/ro\/wp-json\/wp\/v2\/media?parent=1329"}],"wp:term":[{"taxonomy":"folder","embeddable":true,"href":"https:\/\/ifa.usm.md\/ro\/wp-json\/wp\/v2\/folder?post=1329"}],"curies":[{"name":"wp","href":"https:\/\/api.w.org\/{rel}","templated":true}]}}