{"id":1366,"date":"2023-03-01T12:17:31","date_gmt":"2023-03-01T09:17:31","guid":{"rendered":"https:\/\/ifa.usm.md\/?page_id=1366"},"modified":"2023-03-01T12:18:00","modified_gmt":"2023-03-01T09:18:00","slug":"premiile-anuale-ifa","status":"publish","type":"page","link":"https:\/\/ifa.usm.md\/ro\/premiile-anuale-ifa\/","title":{"rendered":"Premiile anuale IFA"},"content":{"rendered":"<h2>Premiile anuale ale Institutului de Fizic\u0103 Aplicat\u0103 pentru realizari deosebite<\/h2>\n<p>\u00cen perioada 2012-2018, cu prilejul Zilei Mondiale a \u0218tiin\u021bei pentru Pace \u0219i Dezvoltare (10 noiembrie), Institutul Fizic\u0103 Aplicat\u0103 a decernat Premii anuale\u00a0 pentru realiz\u0103ri deosebite ale cercet\u0103torilor Institutului \u0219i pentru realiz\u0103ri deosebite ale tinerilor cercet\u0103tori (din 2015).<\/p>\n<p>&nbsp;<\/p>\n<p><strong>C\u00e2\u0219tig\u0103torii premiilor<\/strong><\/p>\n<table border=\"1\" cellspacing=\"1\" cellpadding=\"1\" align=\"center\">\n<tbody>\n<tr>\n<td><strong>2012<\/strong><\/p>\n<p><strong>V.\u021aurcan<\/strong><\/p>\n<p>&nbsp;<\/td>\n<td><strong>2013<\/strong><\/p>\n<p><a href=\"https:\/\/ifa.usm.md\/wp-content\/uploads\/2023\/03\/Macovei-rom.pdf\"><strong>M.Macovei<\/strong><\/a><\/p>\n<p>&nbsp;<\/td>\n<td><strong>2014<\/strong><\/p>\n<p><a href=\"https:\/\/ifa.usm.md\/wp-content\/uploads\/2023\/03\/Bouros-rom.pdf\"><strong>P.Bouro\u0219<\/strong><\/a><\/p>\n<p>&nbsp;<\/td>\n<td><strong>2015<\/strong><\/p>\n<p><a href=\"https:\/\/ifa.usm.md\/wp-content\/uploads\/2023\/03\/Achimova-rom.pdf\"><strong>E.Achimova<\/strong><\/a><\/p>\n<p><a href=\"https:\/\/ifa.usm.md\/wp-content\/uploads\/2023\/03\/Croitor-rom.pdf\"><strong>L.Croitor<\/strong><\/a><\/td>\n<\/tr>\n<\/tbody>\n<\/table>\n<p>&nbsp;<\/p>\n<table border=\"1\" cellspacing=\"1\" cellpadding=\"1\" align=\"center\">\n<tbody>\n<tr>\n<td><strong>2016<\/strong><\/p>\n<p><a href=\"https:\/\/ifa.usm.md\/wp-content\/uploads\/2023\/03\/Tintaru-rom.pdf\"><strong>N.\u021a\u00een\u021baru<\/strong><\/a><\/p>\n<p><a href=\"https:\/\/ifa.usm.md\/wp-content\/uploads\/2023\/03\/GUC-rom.pdf\"><strong>M.Guc<\/strong><\/a><\/td>\n<td><strong>2017<\/strong><\/p>\n<p><a href=\"https:\/\/ifa.usm.md\/wp-content\/uploads\/2023\/03\/Gudima-rom.pdf\"><strong>K.Gudima<\/strong><\/a><\/p>\n<p><a href=\"https:\/\/ifa.usm.md\/wp-content\/uploads\/2023\/03\/Hajdeu-rom.pdf\"><strong>E.Hajdeu<\/strong><\/a><\/td>\n<td><strong>2018<\/strong><\/p>\n<p><a href=\"https:\/\/ifa.usm.md\/wp-content\/uploads\/2023\/03\/Nateprov-rom.pdf\"><strong>A.Nateprov<\/strong><\/a><\/p>\n<p><a href=\"https:\/\/ifa.usm.md\/wp-content\/uploads\/2023\/03\/Vitiu_rom.pdf\"><strong>A.Vitiu<\/strong><\/a><\/td>\n<\/tr>\n<\/tbody>\n<\/table>","protected":false},"excerpt":{"rendered":"<p>Premiile anuale ale Institutului de Fizic\u0103 Aplicat\u0103 pentru realizari deosebite \u00cen perioada 2012-2018, cu prilejul Zilei Mondiale a \u0218tiin\u021bei pentru Pace \u0219i Dezvoltare (10 noiembrie), Institutul Fizic\u0103 Aplicat\u0103 a decernat Premii anuale\u00a0 pentru realiz\u0103ri deosebite ale cercet\u0103torilor Institutului \u0219i pentru realiz\u0103ri deosebite ale tinerilor cercet\u0103tori (din 2015). &nbsp; C\u00e2\u0219tig\u0103torii premiilor 2012 V.\u021aurcan &nbsp; 2013 M.Macovei&hellip; <br \/> <a class=\"read-more\" href=\"https:\/\/ifa.usm.md\/ro\/premiile-anuale-ifa\/\">Cite\u0219te mai mult<\/a><\/p>\n","protected":false},"author":1,"featured_media":0,"parent":0,"menu_order":0,"comment_status":"closed","ping_status":"closed","template":"","meta":{"footnotes":""},"folder":[11],"class_list":["post-1366","page","type-page","status-publish","hentry"],"rttpg_featured_image_url":null,"rttpg_author":{"display_name":"","author_link":"https:\/\/ifa.usm.md\/ro\/author\/"},"rttpg_comment":0,"rttpg_category":" <a href=\"https:\/\/ifa.usm.md\/ro\/?taxonomy=folder&#038;term=other-1684857919-2\" rel=\"tag\">other<\/a>","rttpg_excerpt":"Premiile anuale ale Institutului de Fizic\u0103 Aplicat\u0103 pentru realizari deosebite \u00cen perioada 2012-2018, cu prilejul Zilei Mondiale a \u0218tiin\u021bei pentru Pace \u0219i Dezvoltare (10 noiembrie), Institutul Fizic\u0103 Aplicat\u0103 a decernat Premii anuale\u00a0 pentru realiz\u0103ri deosebite ale cercet\u0103torilor Institutului \u0219i pentru realiz\u0103ri deosebite ale tinerilor cercet\u0103tori (din 2015). &nbsp; C\u00e2\u0219tig\u0103torii premiilor 2012 V.\u021aurcan &nbsp; 2013 M.Macovei&hellip;&hellip;","_links":{"self":[{"href":"https:\/\/ifa.usm.md\/ro\/wp-json\/wp\/v2\/pages\/1366","targetHints":{"allow":["GET"]}}],"collection":[{"href":"https:\/\/ifa.usm.md\/ro\/wp-json\/wp\/v2\/pages"}],"about":[{"href":"https:\/\/ifa.usm.md\/ro\/wp-json\/wp\/v2\/types\/page"}],"author":[{"embeddable":true,"href":"https:\/\/ifa.usm.md\/ro\/wp-json\/wp\/v2\/users\/1"}],"replies":[{"embeddable":true,"href":"https:\/\/ifa.usm.md\/ro\/wp-json\/wp\/v2\/comments?post=1366"}],"version-history":[{"count":3,"href":"https:\/\/ifa.usm.md\/ro\/wp-json\/wp\/v2\/pages\/1366\/revisions"}],"predecessor-version":[{"id":1380,"href":"https:\/\/ifa.usm.md\/ro\/wp-json\/wp\/v2\/pages\/1366\/revisions\/1380"}],"wp:attachment":[{"href":"https:\/\/ifa.usm.md\/ro\/wp-json\/wp\/v2\/media?parent=1366"}],"wp:term":[{"taxonomy":"folder","embeddable":true,"href":"https:\/\/ifa.usm.md\/ro\/wp-json\/wp\/v2\/folder?post=1366"}],"curies":[{"name":"wp","href":"https:\/\/api.w.org\/{rel}","templated":true}]}}