{"id":146,"date":"2023-02-07T13:53:53","date_gmt":"2023-02-07T13:53:53","guid":{"rendered":"http:\/\/localhost:8080\/mysite\/?page_id=146"},"modified":"2023-07-03T16:14:50","modified_gmt":"2023-07-03T14:14:50","slug":"sergiu-carlig","status":"publish","type":"page","link":"https:\/\/ifa.usm.md\/ro\/sergiu-carlig\/","title":{"rendered":"Sergiu C\u00e2rlig"},"content":{"rendered":"<table style=\"width: 95%;\" border=\"0\" align=\"center\">\n<tbody>\n<tr>\n<td colspan=\"2\">\n<h2 style=\"text-align: center;\"><strong><span style=\"font-family: lucida sans unicode,lucida grande,sans-serif;\">Sergiu C\u00e2rlig &#8211; pagin\u0103 personal\u0103<\/span><\/strong><\/h2>\n<\/td>\n<\/tr>\n<tr>\n<td style=\"text-align: right; width: 25%;\" valign=\"top\">\n<img decoding=\"async\" src=\"https:\/\/ifa.usm.md\/wp-content\/uploads\/scarlig.jpg\" width=\"100%\" border=\"no\" \/><\/td>\n<td style=\"margin: 0px 0px 0px 0px; padding: 0; text-align: left;\">\n<ul style=\"list-style-type: none;\">\n<li>Prenume: <strong>Sergiu<\/strong><\/li>\n<li>Nume: <strong>C\u00e2rlig<\/strong><\/li>\n<li>Grad: <strong>dr.<\/strong><\/li>\n<li>Titlu: <strong><i>f\u0103r\u0103 titlu<\/i><\/strong><\/li>\n<li>Func\u021ba\/diviziunea: <strong>Cercet\u0103tor \u0219tiin\u021bific superior \/ <i><a href=\"\/lqf\">Laboratorul Fotonica Cuantic\u0103<\/a><\/i><\/strong><\/li>\n<li>Birou: <strong>220<\/strong><\/li>\n<li>telefon : <strong>+ (373) 22 739805<\/strong><\/li>\n<li>fax : <strong>+ (373) 22 738149<\/strong><\/li>\n<li>e-mail: <strong><span id=\"e370279738\">[javascript protected email address]<\/span><script type=\"text\/javascript\">\/*<![CDATA[*\/eval(\"var a=\\\"4NO3Fq86um19RWkLHfe2D.pTtCj0bPcsQw7KMi-ZB@IGSndV5_g+JyEvUroahAYxzXl\\\";var b=a.split(\\\"\\\").sort().join(\\\"\\\");var c=\\\"anoV_AOG@oJ_VW_d@OyS\\\";var d=\\\"\\\";for(var e=0;e<c.length;e++)d+=b.charAt(a.indexOf(c.charAt(e)));document.getElementById(\\\"e370279738\\\").innerHTML=\\\"<a href=\\\\\\\"mailto:\\\"+d+\\\"\\\\\\\">\\\"+d+\\\"<\/a>\\\"\")\/*]]>*\/<\/script><\/strong><\/li>\n<li>Adresa pt coresponden\u021b\u0103 :<br \/>\n<b>Sergiu C\u00e2rlig<\/b>,<br \/>\nbir. 220, Laboratorul Fotonica Cuantic\u0103,<br \/>\nInstitutul de Fizic\u0103 Aplicat\u0103,<br \/>\nstr. Academiei, 5, Chi\u0219in\u0103u,<br \/>\nMD-2028,<br \/>\nMOLDOVA (Rep.)<\/li>\n<\/ul>\n<\/td>\n<\/tr>\n<\/tbody>\n<\/table>","protected":false},"excerpt":{"rendered":"<p>Sergiu C\u00e2rlig &#8211; pagin\u0103 personal\u0103 Prenume: Sergiu Nume: C\u00e2rlig Grad: dr. Titlu: f\u0103r\u0103 titlu Func\u021ba\/diviziunea: Cercet\u0103tor \u0219tiin\u021bific superior \/ Laboratorul Fotonica Cuantic\u0103 Birou: 220 telefon : + (373) 22 739805 fax : + (373) 22 738149 e-mail: [javascript protected email address] Adresa pt coresponden\u021b\u0103 : Sergiu C\u00e2rlig, bir. 220, Laboratorul Fotonica Cuantic\u0103, Institutul de Fizic\u0103&hellip; <br \/> <a class=\"read-more\" href=\"https:\/\/ifa.usm.md\/ro\/sergiu-carlig\/\">Cite\u0219te mai mult<\/a><\/p>\n","protected":false},"author":1,"featured_media":0,"parent":0,"menu_order":0,"comment_status":"closed","ping_status":"closed","template":"","meta":{"footnotes":""},"folder":[10],"class_list":["post-146","page","type-page","status-publish","hentry"],"rttpg_featured_image_url":null,"rttpg_author":{"display_name":"","author_link":"https:\/\/ifa.usm.md\/ro\/author\/"},"rttpg_comment":0,"rttpg_category":" <a href=\"https:\/\/ifa.usm.md\/ro\/?taxonomy=folder&#038;term=personal-1684857661-2\" rel=\"tag\">personal<\/a>","rttpg_excerpt":"Sergiu C\u00e2rlig &#8211; pagin\u0103 personal\u0103 Prenume: Sergiu Nume: C\u00e2rlig Grad: dr. Titlu: f\u0103r\u0103 titlu Func\u021ba\/diviziunea: Cercet\u0103tor \u0219tiin\u021bific superior \/ Laboratorul Fotonica Cuantic\u0103 Birou: 220 telefon : + (373) 22 739805 fax : + (373) 22 738149 e-mail: [javascript protected email address] Adresa pt coresponden\u021b\u0103 : Sergiu C\u00e2rlig, bir. 220, Laboratorul Fotonica Cuantic\u0103, Institutul de Fizic\u0103&hellip;&hellip;","_links":{"self":[{"href":"https:\/\/ifa.usm.md\/ro\/wp-json\/wp\/v2\/pages\/146","targetHints":{"allow":["GET"]}}],"collection":[{"href":"https:\/\/ifa.usm.md\/ro\/wp-json\/wp\/v2\/pages"}],"about":[{"href":"https:\/\/ifa.usm.md\/ro\/wp-json\/wp\/v2\/types\/page"}],"author":[{"embeddable":true,"href":"https:\/\/ifa.usm.md\/ro\/wp-json\/wp\/v2\/users\/1"}],"replies":[{"embeddable":true,"href":"https:\/\/ifa.usm.md\/ro\/wp-json\/wp\/v2\/comments?post=146"}],"version-history":[{"count":2,"href":"https:\/\/ifa.usm.md\/ro\/wp-json\/wp\/v2\/pages\/146\/revisions"}],"predecessor-version":[{"id":1906,"href":"https:\/\/ifa.usm.md\/ro\/wp-json\/wp\/v2\/pages\/146\/revisions\/1906"}],"wp:attachment":[{"href":"https:\/\/ifa.usm.md\/ro\/wp-json\/wp\/v2\/media?parent=146"}],"wp:term":[{"taxonomy":"folder","embeddable":true,"href":"https:\/\/ifa.usm.md\/ro\/wp-json\/wp\/v2\/folder?post=146"}],"curies":[{"name":"wp","href":"https:\/\/api.w.org\/{rel}","templated":true}]}}