{"id":158,"date":"2023-02-07T13:55:16","date_gmt":"2023-02-07T13:55:16","guid":{"rendered":"http:\/\/localhost:8080\/mysite\/?page_id=158"},"modified":"2023-07-03T16:19:07","modified_gmt":"2023-07-03T14:19:07","slug":"tatiana-chiriac","status":"publish","type":"page","link":"https:\/\/ifa.usm.md\/ro\/tatiana-chiriac\/","title":{"rendered":"Tatiana Chiriac"},"content":{"rendered":"<table style=\"width: 95%;\" border=\"0\" align=\"center\">\n<tbody>\n<tr>\n<td colspan=\"2\">\n<h2 style=\"text-align: center;\"><strong><span style=\"font-family: lucida sans unicode,lucida grande,sans-serif;\">Tatiana Chiriac &#8211; pagin\u0103 personal\u0103<\/span><\/strong><\/h2>\n<\/td>\n<\/tr>\n<tr>\n<td style=\"text-align: right; width: 25%;\" valign=\"top\">\n<img decoding=\"async\" src=\"https:\/\/ifa.usm.md\/wp-content\/uploads\/2023\/03\/nophotos.png\" width=\"100%\" border=\"no\" \/><\/td>\n<td style=\"margin: 0px 0px 0px 0px; padding: 0; text-align: left;\">\n<ul style=\"list-style-type: none;\">\n<li>Prenume: <strong>Tatiana<\/strong><\/li>\n<li>Nume: <strong>Chiriac<\/strong><\/li>\n<li>Grad: <strong><i>f\u0103r\u0103 grad<\/i><\/strong><\/li>\n<li>Titlu: <strong><i>f\u0103r\u0103 titlu<\/i><\/strong><\/li>\n<li>Func\u021ba\/diviziunea: <strong>Cercet\u0103tor \u0219tiin\u021bific \/ <i><a href=\"\/lqf\">Laboratorul Fotonica Cuantic\u0103<\/a><\/i><\/strong><br \/>\n<\/i><\/strong> \u0219i <strong>Doctorand \/ <i><a href=\"\/lqf\">Laboratorul Fotonica Cuantic\u0103<\/a><\/i><\/strong><br \/>\n<\/i><\/strong><\/li>\n<li>Birou: <strong>221<\/strong><\/li>\n<li>telefon : <strong>+ (373) 22 739805<\/strong><\/li>\n<li>fax : <strong>+ (373) 22 738149<\/strong><\/li>\n<li>e-mail: <strong><span id=\"e886987141\">[javascript protected email address]<\/span><script type=\"text\/javascript\">\/*<![CDATA[*\/eval(\"var a=\\\"O@ClGK68LXE0dH.UmY2RS_paw3usD9cJN1T5kjyFi-tAqfzge+hbBIQ4ZPn7MVWxrov\\\";var b=a.split(\\\"\\\").sort().join(\\\"\\\");var c=\\\"M-M+-Q-CAe+n+-AH+z-CIq\\\";var d=\\\"\\\";for(var e=0;e<c.length;e++)d+=b.charAt(a.indexOf(c.charAt(e)));document.getElementById(\\\"e886987141\\\").innerHTML=\\\"<a href=\\\\\\\"mailto:\\\"+d+\\\"\\\\\\\">\\\"+d+\\\"<\/a>\\\"\")\/*]]>*\/<\/script><\/strong><\/li>\n<li>Adresa pt coresponden\u021b\u0103 :<br \/>\n<b>Tatiana Chiriac<\/b>,<br \/>\nbir. 221, Laboratorul Fotonica Cuantic\u0103,<br \/>\nInstitutul de Fizic\u0103 Aplicat\u0103,<br \/>\nstr. Academiei, 5, Chi\u0219in\u0103u,<br \/>\nMD-2028,<br \/>\nMOLDOVA (Rep.)<\/li>\n<\/ul>\n<\/td>\n<\/tr>\n<\/tbody>\n<\/table>","protected":false},"excerpt":{"rendered":"<p>Tatiana Chiriac &#8211; pagin\u0103 personal\u0103 Prenume: Tatiana Nume: Chiriac Grad: f\u0103r\u0103 grad Titlu: f\u0103r\u0103 titlu Func\u021ba\/diviziunea: Cercet\u0103tor \u0219tiin\u021bific \/ Laboratorul Fotonica Cuantic\u0103 \u0219i Doctorand \/ Laboratorul Fotonica Cuantic\u0103 Birou: 221 telefon : + (373) 22 739805 fax : + (373) 22 738149 e-mail: [javascript protected email address] Adresa pt coresponden\u021b\u0103 : Tatiana Chiriac, bir. 221,&hellip; <br \/> <a class=\"read-more\" href=\"https:\/\/ifa.usm.md\/ro\/tatiana-chiriac\/\">Cite\u0219te mai mult<\/a><\/p>\n","protected":false},"author":1,"featured_media":0,"parent":0,"menu_order":0,"comment_status":"closed","ping_status":"closed","template":"","meta":{"footnotes":""},"folder":[10],"class_list":["post-158","page","type-page","status-publish","hentry"],"rttpg_featured_image_url":null,"rttpg_author":{"display_name":"","author_link":"https:\/\/ifa.usm.md\/ro\/author\/"},"rttpg_comment":0,"rttpg_category":" <a href=\"https:\/\/ifa.usm.md\/ro\/?taxonomy=folder&#038;term=personal-1684857661-2\" rel=\"tag\">personal<\/a>","rttpg_excerpt":"Tatiana Chiriac &#8211; pagin\u0103 personal\u0103 Prenume: Tatiana Nume: Chiriac Grad: f\u0103r\u0103 grad Titlu: f\u0103r\u0103 titlu Func\u021ba\/diviziunea: Cercet\u0103tor \u0219tiin\u021bific \/ Laboratorul Fotonica Cuantic\u0103 \u0219i Doctorand \/ Laboratorul Fotonica Cuantic\u0103 Birou: 221 telefon : + (373) 22 739805 fax : + (373) 22 738149 e-mail: [javascript protected email address] Adresa pt coresponden\u021b\u0103 : Tatiana Chiriac, bir. 221,&hellip;&hellip;","_links":{"self":[{"href":"https:\/\/ifa.usm.md\/ro\/wp-json\/wp\/v2\/pages\/158","targetHints":{"allow":["GET"]}}],"collection":[{"href":"https:\/\/ifa.usm.md\/ro\/wp-json\/wp\/v2\/pages"}],"about":[{"href":"https:\/\/ifa.usm.md\/ro\/wp-json\/wp\/v2\/types\/page"}],"author":[{"embeddable":true,"href":"https:\/\/ifa.usm.md\/ro\/wp-json\/wp\/v2\/users\/1"}],"replies":[{"embeddable":true,"href":"https:\/\/ifa.usm.md\/ro\/wp-json\/wp\/v2\/comments?post=158"}],"version-history":[{"count":3,"href":"https:\/\/ifa.usm.md\/ro\/wp-json\/wp\/v2\/pages\/158\/revisions"}],"predecessor-version":[{"id":1910,"href":"https:\/\/ifa.usm.md\/ro\/wp-json\/wp\/v2\/pages\/158\/revisions\/1910"}],"wp:attachment":[{"href":"https:\/\/ifa.usm.md\/ro\/wp-json\/wp\/v2\/media?parent=158"}],"wp:term":[{"taxonomy":"folder","embeddable":true,"href":"https:\/\/ifa.usm.md\/ro\/wp-json\/wp\/v2\/folder?post=158"}],"curies":[{"name":"wp","href":"https:\/\/api.w.org\/{rel}","templated":true}]}}