{"id":162,"date":"2023-02-07T13:56:56","date_gmt":"2023-02-07T13:56:56","guid":{"rendered":"http:\/\/localhost:8080\/mysite\/?page_id=162"},"modified":"2023-07-03T16:15:21","modified_gmt":"2023-07-03T14:15:21","slug":"victor-ceban","status":"publish","type":"page","link":"https:\/\/ifa.usm.md\/ro\/victor-ceban\/","title":{"rendered":"Victor Ceban"},"content":{"rendered":"<table style=\"width: 95%;\" border=\"0\" align=\"center\">\n<tbody>\n<tr>\n<td colspan=\"2\">\n<h2 style=\"text-align: center;\"><strong><span style=\"font-family: lucida sans unicode,lucida grande,sans-serif;\">Victor Ceban &#8211; pagin\u0103 personal\u0103<\/span><\/strong><\/h2>\n<\/td>\n<\/tr>\n<tr>\n<td style=\"text-align: right; width: 25%;\" valign=\"top\">\n<img decoding=\"async\" src=\"https:\/\/ifa.usm.md\/wp-content\/uploads\/vceban.jpg\" width=\"100%\" border=\"no\" \/><\/td>\n<td style=\"margin: 0px 0px 0px 0px; padding: 0; text-align: left;\">\n<ul style=\"list-style-type: none;\">\n<li>Prenume: <strong>Victor<\/strong><\/li>\n<li>Nume: <strong>Ceban<\/strong><\/li>\n<li>Grad: <strong>dr.<\/strong><\/li>\n<li>Titlu: <strong><i>f\u0103r\u0103 titlu<\/i><\/strong><\/li>\n<li>Func\u021ba\/diviziunea: <strong>Cercet\u0103tor \u0219tiin\u021bific superior \/ <i><a href=\"\/lqf\">Laboratorul Fotonica Cuantic\u0103<\/a><\/i><\/strong><\/li>\n<li>Birou: <strong>221<\/strong><\/li>\n<li>telefon : <strong>+ (373) 22 739805<\/strong><\/li>\n<li>fax : <strong>+ (373) 22 738149<\/strong><\/li>\n<li>e-mail: <strong><span id=\"e151647087\">[javascript protected email address]<\/span><script type=\"text\/javascript\">\/*<![CDATA[*\/eval(\"var a=\\\"Rbl.UP+H8ANY-kg51TM3h4pFfmBIZX9OieGs_qWaj7uStcC0KvVLDJ6rwn@Qdo2zxEy\\\";var b=a.split(\\\"\\\").sort().join(\\\"\\\");var c=\\\"2vSdr@lScu76kvC7lJt\\\";var d=\\\"\\\";for(var e=0;e<c.length;e++)d+=b.charAt(a.indexOf(c.charAt(e)));document.getElementById(\\\"e151647087\\\").innerHTML=\\\"<a href=\\\\\\\"mailto:\\\"+d+\\\"\\\\\\\">\\\"+d+\\\"<\/a>\\\"\")\/*]]>*\/<\/script><\/strong><\/li>\n<li>Adresa pt coresponden\u021b\u0103 :<br \/>\n<b>Victor Ceban<\/b>,<br \/>\nbir. 221, Laboratorul Fotonica Cuantic\u0103,<br \/>\nInstitutul de Fizic\u0103 Aplicat\u0103,<br \/>\nstr. Academiei, 5, Chi\u0219in\u0103u,<br \/>\nMD-2028,<br \/>\nMOLDOVA (Rep.)<\/li>\n<\/ul>\n<\/td>\n<\/tr>\n<\/tbody>\n<\/table>","protected":false},"excerpt":{"rendered":"<p>Victor Ceban &#8211; pagin\u0103 personal\u0103 Prenume: Victor Nume: Ceban Grad: dr. Titlu: f\u0103r\u0103 titlu Func\u021ba\/diviziunea: Cercet\u0103tor \u0219tiin\u021bific superior \/ Laboratorul Fotonica Cuantic\u0103 Birou: 221 telefon : + (373) 22 739805 fax : + (373) 22 738149 e-mail: [javascript protected email address] Adresa pt coresponden\u021b\u0103 : Victor Ceban, bir. 221, Laboratorul Fotonica Cuantic\u0103, Institutul de Fizic\u0103&hellip; <br \/> <a class=\"read-more\" href=\"https:\/\/ifa.usm.md\/ro\/victor-ceban\/\">Cite\u0219te mai mult<\/a><\/p>\n","protected":false},"author":1,"featured_media":0,"parent":0,"menu_order":0,"comment_status":"closed","ping_status":"closed","template":"","meta":{"footnotes":""},"folder":[10],"class_list":["post-162","page","type-page","status-publish","hentry"],"rttpg_featured_image_url":null,"rttpg_author":{"display_name":"","author_link":"https:\/\/ifa.usm.md\/ro\/author\/"},"rttpg_comment":0,"rttpg_category":" <a href=\"https:\/\/ifa.usm.md\/ro\/?taxonomy=folder&#038;term=personal-1684857661-2\" rel=\"tag\">personal<\/a>","rttpg_excerpt":"Victor Ceban &#8211; pagin\u0103 personal\u0103 Prenume: Victor Nume: Ceban Grad: dr. Titlu: f\u0103r\u0103 titlu Func\u021ba\/diviziunea: Cercet\u0103tor \u0219tiin\u021bific superior \/ Laboratorul Fotonica Cuantic\u0103 Birou: 221 telefon : + (373) 22 739805 fax : + (373) 22 738149 e-mail: [javascript protected email address] Adresa pt coresponden\u021b\u0103 : Victor Ceban, bir. 221, Laboratorul Fotonica Cuantic\u0103, Institutul de Fizic\u0103&hellip;&hellip;","_links":{"self":[{"href":"https:\/\/ifa.usm.md\/ro\/wp-json\/wp\/v2\/pages\/162","targetHints":{"allow":["GET"]}}],"collection":[{"href":"https:\/\/ifa.usm.md\/ro\/wp-json\/wp\/v2\/pages"}],"about":[{"href":"https:\/\/ifa.usm.md\/ro\/wp-json\/wp\/v2\/types\/page"}],"author":[{"embeddable":true,"href":"https:\/\/ifa.usm.md\/ro\/wp-json\/wp\/v2\/users\/1"}],"replies":[{"embeddable":true,"href":"https:\/\/ifa.usm.md\/ro\/wp-json\/wp\/v2\/comments?post=162"}],"version-history":[{"count":2,"href":"https:\/\/ifa.usm.md\/ro\/wp-json\/wp\/v2\/pages\/162\/revisions"}],"predecessor-version":[{"id":1907,"href":"https:\/\/ifa.usm.md\/ro\/wp-json\/wp\/v2\/pages\/162\/revisions\/1907"}],"wp:attachment":[{"href":"https:\/\/ifa.usm.md\/ro\/wp-json\/wp\/v2\/media?parent=162"}],"wp:term":[{"taxonomy":"folder","embeddable":true,"href":"https:\/\/ifa.usm.md\/ro\/wp-json\/wp\/v2\/folder?post=162"}],"curies":[{"name":"wp","href":"https:\/\/api.w.org\/{rel}","templated":true}]}}