{"id":204,"date":"2023-02-11T16:40:58","date_gmt":"2023-02-11T16:40:58","guid":{"rendered":"http:\/\/localhost:8080\/mysite\/?page_id=204"},"modified":"2026-03-27T15:07:58","modified_gmt":"2026-03-27T13:07:58","slug":"lmpm","status":"publish","type":"page","link":"https:\/\/ifa.usm.md\/ro\/lmpm\/","title":{"rendered":"Laboratorul Propriet\u0103\u021bi Mecanice ale Materialelor &#8222;Iulia Boiarskaia&#8221;"},"content":{"rendered":"<h4>\u0218eful laboratorului:<\/h4>\n<p><a href=\"https:\/\/ifa.usm.md\/ro\/olga-shikimaka\/\"><b>Olga \u0218ikimaka<\/b><\/a><br \/>\nbirou. 229<br \/>\ntel. : <strong>+ (373) 22 738038<\/strong><br \/>\nfax : <strong>+ (373) 22 738149<\/strong><br \/>\ne-mail :\u00a0<strong><span id=\"e161521136\"><a href=\"mailto:olga.shikimaka@ifa.usm.md\">olga.shikimaka@ifa.usm.md<\/a><\/span><\/strong><\/p>\n<h3>Domeniile de activitate<\/h3>\n<ul>\n<li>Studiul propriet\u0103\u021bilor mecanice (duritate, modul de elasticitate, rezisten\u021ba la fisurare, limita de curgere, durificare, etc.) ale unui \u0219ir larg de materiale (cristaline, policristaline, amorfe, polimerice, compozite, ceramice \u0219.a.) de volum \u0219i dimensional limitate la micro\/nanoindentare, micro\/nanoscratching \u0219i compresiune-extensiune uniaxial\u0103; corela\u021bia propriet\u0103\u021bilor mecanice cu alte propriet\u0103\u021bi fizice;<\/li>\n<li>Cercetarea proceselor \u0219i mecanismelor de deformare, ce au loc la micro\/nanoindentare \u0219i scratching: alunecarea disloca\u021bional\u0103, maclarea, mecanismul rota\u021bional, densificarea structurii, tranzi\u021bii de faz\u0103, etc. \u0219i aplicarea acestor cuno\u0219tin\u021be pentru studiul diferitor parametri fizici \u0219i fenomene: anizotropia durit\u0103\u021bii \u0219i distrugerii, mobilitatea disloca\u021bional\u0103, efectul de scar\u0103, \u0219.a.<\/li>\n<li>Influen\u021ba diferitor factori interni (structur\u0103, dopan\u021bi, defecte) \u0219i externi (sarcina \u0219i viteza de deformare, deformarea ciclic\u0103, temperatur\u0103, radia\u021bie) asupra proceselor de deformare \u0219i propriet\u0103\u021bilor mecanice ale materialelor \u00een macro-, micro- \u0219i nanovolume;<\/li>\n<li>Aplicarea metodelor de micro\/nanoindentare \u0219i micro\/nanoscratching pentru ob\u021binerea unor propriet\u0103\u021bi structurale, mecanice, electrice, optice local modificate \u00een matricea de baz\u0103 a materialului.<\/li>\n<\/ul>\n<p>Laboratrul dispune de un \u0219ir de echipament performant\/unicat, unele dintre aceastea sunt disponibile \u0219i pentru cercet\u0103tori din afara IFA. De exemplu:<\/p>\n<ul>\n<li><a href=\"https:\/\/ifa.usm.md\/wp-content\/uploads\/Nanotester.pdf\" target=\"_blank\" rel=\"noopener\">Aparat de nano- microindentare Nanotester PMT-3NI-02<\/a><\/li>\n<li><a href=\"https:\/\/ifa.usm.md\/wp-content\/uploads\/Facilitati%20disponibile_AFM.pdf\" target=\"_blank\" rel=\"noopener\">Microscop de For\u021b\u0103 Atomic\u0103 Park XE7<\/a><\/li>\n<\/ul>\n<p>&nbsp;<\/p>\n<div class=\"tabs\">\n<div class=\"tabs-trigger\">\n<div class=\"su-tabs su-tabs-style-default su-tabs-mobile-stack\" data-active=\"1\" data-scroll-offset=\"0\" data-anchor-in-url=\"no\"><div class=\"su-tabs-nav\"><span class=\"\" data-url=\"\" data-target=\"blank\" tabindex=\"0\" role=\"button\">Componen\u021ba<\/span><span class=\"\" data-url=\"\" data-target=\"blank\" tabindex=\"0\" role=\"button\">Publica\u021bii recente<\/span><span class=\"\" data-url=\"\" data-target=\"blank\" tabindex=\"0\" role=\"button\">Proiecte de cercetare<\/span><\/div><div class=\"su-tabs-panes\"><div class=\"su-tabs-pane su-u-clearfix su-u-trim\" data-title=\"Componen\u021ba\">\n<h4>Componen\u0163a laboratorului:<\/h4>\n<table border=\"0px\" width=\"95%\" cellspacing=\"0\" cellpadding=\"4\" align=\"center\">\n<tbody>\n<tr>\n<td><b><a href=\"https:\/\/ifa.usm.md\/?page_id=815\">Daria Grabco<\/a><\/b><br \/>\ndr. hab., prof.<br \/>\n<i>Consultant stiintific<\/i><\/td>\n<td>cab.: 229<br \/>\ntel.:\u00a0+(373)\u00a022\u00a0738038<br \/>\ne-mail:\u00a0<span id=\"e100016051\"><a href=\"mailto:daria.grabco@ifa.md\">daria.grabco@ifa.md<\/a><\/span><br \/>\nwww:\u00a0<a href=\"https:\/\/ifa.usm.md\/?page_id=815\">https:\/\/ifa.usm.md\/?page_id=815<\/a><\/td>\n<\/tr>\n<tr>\n<td><b><a href=\"https:\/\/ifa.usm.md\/?page_id=863\">Gleb Colibaba<\/a><\/b><br \/>\ndr.<br \/>\n<i>Cercet\u0103tor \u0219tiin\u021bific coordonator<\/i><\/td>\n<td>cab.:<br \/>\ntel.:\u00a0+(373)\u00a022<br \/>\ne-mail:\u00a0<span id=\"e136267063\"><\/span><br \/>\nwww:\u00a0<a href=\"https:\/\/ifa.usm.md\/?page_id=863\">https:\/\/ifa.usm.md\/?page_id=863<\/a><\/td>\n<\/tr>\n<tr>\n<td><b><a href=\"https:\/\/ifa.usm.md\/ro\/olga-sikimaka\/\">Olga \u0218ikimaka<\/a><\/b><br \/>\ndr., conf.<br \/>\n<i>Cercet\u0103tor \u0219tiin\u021bific coordonator<\/i><\/td>\n<td>cab.: 229<br \/>\ntel.:\u00a0+(373)\u00a022\u00a0738038<br \/>\ne-mail:\u00a0<span id=\"e161521136\">[javascript protected email address]<\/span><script type=\"text\/javascript\">\/*<!&#091;CDATA&#091;*\/eval(\"var a=\\\"5LvlFrhy4+8PnZmfQpiXJs7NDcjSVWoGU0Y-9d.xbTwk@C6KORqAaEez23BIug1tMH_\\\";var b=a.split(\\\"\\\").sort().join(\\\"\\\");var c=\\\"zaKTvIORARETATZR6TvgIEvE@\\\";var d=\\\"\\\";for(var e=0;e<c.length;e++)d+=b.charAt(a.indexOf(c.charAt(e)));document.getElementById(\\\"e161521136\\\").innerHTML=\\\"<a href=\\\\\\\"mailto:\\\"+d+\\\"\\\\\\\">\\\"+d+\\\"<\/a>\\\"\")\/*&#093;&#093;>*\/<\/script><br \/>\nwww:\u00a0<a href=\"https:\/\/ifa.usm.md\/ro\/olga-sikimaka\/\">https:\/\/ifa.usm.md\/?page_id=939<\/a><\/td>\n<\/tr>\n<tr>\n<td><\/td>\n<td><\/td>\n<\/tr>\n<tr>\n<td><\/td>\n<td><\/td>\n<\/tr>\n<tr>\n<td><b><a href=\"https:\/\/ifa.usm.md\/?page_id=807\">Constantin P\u00eer\u021bac<\/a><\/b><br \/>\ndr.<br \/>\n<i>Cercet\u0103tor \u0219tiin\u021bific superior<\/i><\/td>\n<td>cab.: 243<br \/>\ntel.:\u00a0+(373)\u00a022\u00a0738038<br \/>\ne-mail:\u00a0<span id=\"e241957946\"><a href=\"mailto:constantin.pirtac@ifa.md\">constantin.pirtac@ifa.md<\/a><\/span><br \/>\nwww:\u00a0<a href=\"https:\/\/ifa.usm.md\/?page_id=807\">https:\/\/ifa.usm.md\/?page_id=807<\/a><\/td>\n<\/tr>\n<tr>\n<td><b><a href=\"https:\/\/ifa.usm.md\/?page_id=798\">Andrian Pris\u0103caru<\/a><\/b><br \/>\ndr.<br \/>\n<i>Cercet\u0103tor \u0219tiin\u021bific superior<\/i><\/td>\n<td>cab.: 243<br \/>\ntel.:\u00a0+(373)\u00a022\u00a0738109<br \/>\ne-mail:\u00a0<span id=\"e837477790\"><a href=\"mailto:andrian.prisacaru@ifa.md\">andrian.prisacaru@ifa.md<\/a><\/span><br \/>\nwww:\u00a0<a href=\"https:\/\/ifa.usm.md\/?page_id=798\">https:\/\/ifa.usm.md\/?page_id=798<\/a><\/td>\n<\/tr>\n<tr>\n<td><\/td>\n<td><\/td>\n<\/tr>\n<tr>\n<td><\/td>\n<td><\/td>\n<\/tr>\n<tr>\n<td><b><a href=\"\/natalia-kazak\">Natalia Kazak<\/a><\/b><\/p>\n<p><i>Cercet\u0103tor \u0219tiin\u021bific coordonator<\/i><\/td>\n<td>cab.: 129<br \/>\ntel: +(373) 22 731736<br \/>\ne-mail: <span id=\"e786033900\">[javascript protected email address]<\/span><script type=\"text\/javascript\">\/*<!&#091;CDATA&#091;*\/eval(\"var a=\\\"SvkGt0J6I.4Pj2rHy5_cfsKRWq@eCTD+dmBbA1pnlME39Qo8LOxgNaXF7VihZYzUw-u\\\";var b=a.split(\\\"\\\").sort().join(\\\"\\\");var c=\\\"XMZMNOMkgMuMg2OoMka9\\\";var d=\\\"\\\";for(var e=0;e<c.length;e++)d+=b.charAt(a.indexOf(c.charAt(e)));document.getElementById(\\\"e786033900\\\").innerHTML=\\\"<a href=\\\\\\\"mailto:\\\"+d+\\\"\\\\\\\">\\\"+d+\\\"<\/a>\\\"\")\/*&#093;&#093;>*\/<\/script><br \/>\nwww: <a href=\"\/natalia-kazak\">https:\/\/ifa.usm.md\/natalia-kazak<\/a><\/td>\n<\/tr>\n<tr>\n<td><b><a href=\"https:\/\/ifa.usm.md\/?page_id=829\">Dorin Spoial\u0103<\/a><\/b><\/p>\n<p><i>Cercet\u0103tor \u0219tiin\u021bific<\/i><\/td>\n<td>cab.:<br \/>\ntel.:\u00a0+(373)\u00a022<br \/>\ne-mail:\u00a0<span id=\"e187586519\"><a href=\"mailto:dorin.spoiala@ifa.md\">dorin.spoiala@ifa.md<\/a><\/span><br \/>\nwww:\u00a0<a href=\"https:\/\/ifa.usm.md\/?page_id=829\">https:\/\/ifa.usm.md\/?page_id=829<\/a><\/td>\n<\/tr>\n<tr>\n<td><b><a href=\"https:\/\/ifa.usm.md\/?page_id=821\">Dumitru Rusnac<\/a><\/b><\/p>\n<p><i>Cercet\u0103tor \u0219tiin\u021bific stagiar<\/i><\/td>\n<td>cab.:<br \/>\ntel.:\u00a0+(373)\u00a022<br \/>\ne-mail:\u00a0<span id=\"e913491840\"><\/span><br \/>\nwww:\u00a0<a href=\"https:\/\/ifa.usm.md\/?page_id=821\">https:\/\/ifa.usm.md\/?page_id=821<\/a><\/td>\n<\/tr>\n<tr>\n<td><\/td>\n<td><\/td>\n<\/tr>\n<\/tbody>\n<\/table>\n<\/div>\n<div class=\"su-tabs-pane su-u-clearfix su-u-trim\" data-title=\"Publica\u021bii recente\">\n<div id=\"ifa_publications\" class=\"tabs-content__item\">\n<p><strong>2023<\/strong><\/p>\n<ul>\n<li><strong>Colibaba, G.V.; Rusnac, D.; Costriucova, N.; Shikimaka, O.;<\/strong>\u00a0Monaico, E.V.\u00a0Low-temperature sintering of ZnO:Al ceramics by means of chemical vapor transport.\u00a0<em>J Mater Sci-Mater El<\/em>. 2023,\u00a0<strong>34(2)<\/strong>, 82. Doi:\u00a0<a href=\"https:\/\/link.springer.com\/article\/10.1007\/s10854-022-09458-1\" target=\"_blank\" rel=\"noopener\">10.1007\/s10854-022-09458-1<\/a>\u00a0(IF:\u00a02,779).<\/li>\n<\/ul>\n<p><strong>2022<\/strong><\/p>\n<ul>\n<li><strong>Shikimaka, O.; Bivol, M.;\u00a0<\/strong>Sava, B.A.; Marius, D.; Tardei, Ch.; Sbarcea, B.G.;\u00a0<strong>Grabco, D.; Pyrtsac, C., Topal, D.; Prisacaru, A.;<\/strong>\u00a0Cobzac, V., Nacu, V.. Hydroxyapatite\u2013bioglass nanocomposites: Structural, mechanical, and biological aspects.\u00a0<em>Beilstein J Nanotech<\/em>. 2022,\u00a0<strong>13<\/strong>, 1490\u20141504. Doi:\u00a0<a href=\"https:\/\/www.beilstein-journals.org\/bjnano\/articles\/13\/123\" target=\"_blank\" rel=\"noopener\">10.3762\/bjnano.13.123<\/a>\u00a0(IF:\u00a03,272).<\/li>\n<\/ul>\n<ul>\n<li><strong>Grabco, D.; Pyrtsac, C.; Shikimaka, O.<\/strong>\u00a0Relaxation Parameters of Cu\/substrate Type Coated Systems Under Nanoindentation. \u00cen:\u00a0<em>ICNBME 2021, IFMBE Proceedings 87, 2022<\/em>. 5th International Conference on Nanotechnologies and Biomedical Engineering, November 3\u20135, 2021, Chisinau, Moldova, p.\u00a055\u201461. Doi:\u00a0<a href=\"https:\/\/link.springer.com\/chapter\/10.1007%2F978-3-030-92328-0_8\" target=\"_blank\" rel=\"noopener\">10.1007\/978-3-030-92328-0_8<\/a>.<\/li>\n<li><strong>Colibaba, G.V.; Rusnac, D.;<\/strong>\u00a0Fedorov, V.; Costriucova, N.; Monaico, E.V.; Potlog, T. Highly Conductive ZnO Thin Films Deposited Using CVT Ceramics as Magnetron Targets. \u00cen:\u00a0<em>ICNBME 2021, IFMBE Proceedings 87, 2022<\/em>. 5th International Conference on Nanotechnologies and Biomedical Engineering, November 3\u20135, 2021, Chisinau, Moldova, p.\u00a0110\u2014116. Doi:\u00a0<a href=\"https:\/\/link.springer.com\/chapter\/10.1007%2F978-3-030-92328-0_15\" target=\"_blank\" rel=\"noopener\">10.1007\/978-3-030-92328-0_15<\/a>.<\/li>\n<li><strong>Colibaba, G.V.;<\/strong>\u00a0Costriucova, N.;\u00a0<strong>Rusnac, D.;<\/strong>\u00a0Busuioc, S.; Monaico, E.V. Wettability of Highly Conductive ZnO:Ga:Cl CVT Ceramics with Various Ga Content. \u00cen:\u00a0<em>ICNBME 2021, IFMBE Proceedings 87, 2022<\/em>. 5th International Conference on Nanotechnologies and Biomedical Engineering, November 3\u20135, 2021, Chisinau, Moldova, p.\u00a0610\u2014616. Doi:\u00a0<a href=\"https:\/\/link.springer.com\/chapter\/10.1007%2F978-3-030-92328-0_78\" target=\"_blank\" rel=\"noopener\">10.1007\/978-3-030-92328-0_78<\/a>.<\/li>\n<\/ul>\n<p><strong>2021<\/strong><\/p>\n<ul>\n<li><strong>Grabco, D.;<\/strong>\u00a0Nicorici, V.;\u00a0<strong>Topal, D.; Pyrtsac, C.; Shikimaka, O.<\/strong>\u00a0Plastic deformation and microhardness of Pb<sub>1-X<\/sub>Yb<sub>X<\/sub>Te single crystals under quasi-static and sclerometric indentation.\u00a0<a href=\"https:\/\/rjp.nipne.ro\/\/2021_66_9-10\/RomJPhys.66.611.pdf\" target=\"_blank\" rel=\"noopener\"><em>Rom J Phys<\/em>. 2021,\u00a0<strong>66(9-10)<\/strong>, 611-1\u2014611-12.<\/a>\u00a0(IF:\u00a01,888).<\/li>\n<li><strong>Grabco, D.; Pyrtsac, C.; Topal, D.; Shikimaka, O.<\/strong>\u00a0Effect of friction on the micromechanical properties of AISI 316L austenitic steel.\u00a0<em>Journal of Engineering Science<\/em>. 2021,\u00a0<strong>XXVIII(2)<\/strong>, 34\u201443. Doi:\u00a0<a href=\"https:\/\/jes.utm.md\/wp-content\/uploads\/sites\/20\/2021\/06\/JES-2-2021_34-43.pdf\" target=\"_blank\" rel=\"noopener\">10.52326\/jes.utm.2021.28(2).02<\/a>.<\/li>\n<\/ul>\n<ul>\n<li>Morari, V.;\u00a0<strong>Pyrtsac, C.;<\/strong>\u00a0Curmei, N.;\u00a0<strong>Grabco, D.;<\/strong>\u00a0Rusu, E.V.; Ursachi, V.V.; Tiginyanu, I.M.\u00a0Nanoindentation of ZnSnO\/Si thin films prepared by aerosol spray pyrolysis.\u00a0<a href=\"https:\/\/rjp.nipne.ro\/\/2021_66_3-4\/RomJPhys.66.603.pdf\" target=\"_blank\" rel=\"noopener\"><em>Rom J Phys<\/em>. 2021,\u00a0<strong>66(3-4)<\/strong>, 603-1\u2014603-18<\/a>\u00a0(IF:\u00a01,197).<\/li>\n<li><strong>Grabco, D.; Shikimaka, O.; Pyrtsac, C.; Barbos, Z.; Popa, M.; Prisacaru, A.;\u00a0<\/strong>Vilotic, D.; Vilotic, M.; Alexandrov, S.\u00a0Microstructures generated in AISI 316L stainless steel by Vickers and Berkovich indentations.\u00a0<em>Mat Sci Eng A<\/em>. 2021,\u00a0<strong>805<\/strong>, 140597. Doi:\u00a0<a href=\"https:\/\/www.sciencedirect.com\/science\/article\/abs\/pii\/S0921509320316609?via%3Dihub\" target=\"_blank\" rel=\"noopener\">10.1016\/j.msea.2020.140597<\/a>\u00a0(IF:\u00a04,652).<\/li>\n<\/ul>\n<p><strong>2020<\/strong><\/p>\n<ul>\n<li><strong>Grabco, D.; Shikimaka, O.; Pyrtsac, C.; Barbos, Z.; Popa, M.; Prisacaru, A.;<\/strong>\u00a0Vilotic, D.; Vilotic, M.; Aleksandrov, S.\u00a0Nano- and Micromechanical Parameters of AISI 316L Steel.\u00a0<em>Surf Eng Appl Elect<\/em>. 2020,\u00a0<strong>56(6)<\/strong>, 719\u2014726. Doi\u00a0<a href=\"https:\/\/link.springer.com\/article\/10.3103%2FS1068375520060071\" target=\"_blank\" rel=\"noopener\">10.3103\/S1068375520060071<\/a>.<\/li>\n<li><strong>Grabco, D.; Pyrtsac, K.; Shikimaka, O.\u00a0<\/strong>The Sensitivity of Dislocation Rosettes to the Shape of a Berkovich Indenter on LiF and MgO Crystals.\u00a0<em>Phys Solid State<\/em>. 2020,\u00a0<strong>62(8)<\/strong>, 1386\u20141393. Doi:\u00a0<a href=\"https:\/\/link.springer.com\/article\/10.1134%2FS106378342008017X\" target=\"_blank\" rel=\"noopener\">10.1134\/S106378342008017X<\/a>\u00a0(IF:\u00a00,931).<\/li>\n<li><strong>\u0413\u0440\u0430\u0431\u043a\u043e, \u0414.; \u0428\u0438\u043a\u0438\u043c\u0430\u043a\u0430, \u041e.; \u041f\u044b\u0440\u0446\u0430\u043a, \u041a.; \u0411\u0430\u0440\u0431\u043e\u0441, \u0417.; \u041f\u043e\u043f\u0430, \u041c.; \u041f\u0440\u0438\u0441\u0430\u043a\u0430\u0440\u0443, \u0410.;<\/strong>\u00a0\u0412\u0438\u043b\u043e\u0442\u0438\u0447, \u0414.; \u0412\u0438\u043b\u043e\u0442\u0438\u0447, \u041c.; \u0410\u043b\u0435\u043a\u0441\u0430\u043d\u0434\u0440\u043e\u0432, \u0421. \u041d\u0430\u043d\u043e- \u0438 \u043c\u0438\u043a\u0440\u043e\u043c\u0435\u0445\u0430\u043d\u0438\u0447\u0435\u0441\u043a\u0438\u0435 \u043f\u0430\u0440\u0430\u043c\u0435\u0442\u0440\u044b \u0441\u0442\u0430\u043b\u0438 AISI 316L.\u00a0<em>\u042d\u043b\u0435\u043a\u0442\u0440\u043e\u043d\u043d\u0430\u044f \u043e\u0431\u0440\u0430\u0431\u043e\u0442\u043a\u0430 \u043c\u0430\u0442\u0435\u0440\u0438\u0430\u043b\u043e\u0432<\/em>. 2020,\u00a0<strong>56(1)<\/strong>, 50\u201458. Doi:\u00a0<a href=\"https:\/\/zenodo.org\/record\/3640700#.Xw761BRS-po\" target=\"_blank\" rel=\"noopener\">10.5281\/zenodo.3640700<\/a>.<\/li>\n<li><strong>Grabco, D.Z.;<\/strong>\u00a0Nicorici, V.Z.;\u00a0<strong>Barbos, Z.A.; Topal, D.; Shikimaka, O.A.<\/strong>\u00a0Micromechanical Properties and Plastic Deformation Features of the Pb<sub>1\u2212x<\/sub>Yb<sub>x<\/sub>Te Ternary Semiconductors. \u00cen:\u00a0<em>IFMBE Proceedings, V. 77, Springer, 2020,\u00a0<\/em>p.\u00a0149\u2014153. Doi:\u00a0<a href=\"https:\/\/link.springer.com\/chapter\/10.1007%2F978-3-030-31866-6_31\" target=\"_blank\" rel=\"noopener\">10.1007\/978-3-030-31866-6_31<\/a>.<\/li>\n<\/ul>\n<p><strong>2019<\/strong><\/p>\n<ul>\n<li>Alexandrov, S.; Vilotic, D.;\u00a0<strong>Grabco, D.<\/strong>\u00a0Using the Upper Bound Technique for Calculating the Strain Rate Intensity Factor. \u00cen:\u00a0<em>Proceedings of the First International Conference on Theoretical, Applied and Experimental Mechanics, ICTAEM 2018. Structural Integrity, vol. 5, Springer Cham., 2019<\/em>, p. 85\u201490. Doi:\u00a0<a href=\"https:\/\/link.springer.com\/chapter\/10.1007%2F978-3-319-91989-8_15\" target=\"_blank\" rel=\"noopener\">10.1007\/978-3-319-91989-8_15<\/a>.<\/li>\n<li><strong>Barbos, Z.\u00a0<\/strong>Elastoplastic properties under nano-microindentation of phosphate glasses doped with rare-earth ions.\u00a0<a href=\"https:\/\/mjps.nanotech.md\/archive\/2019\/article\/98830\" target=\"_blank\" rel=\"noopener\"><em>Mold J Phys Sci<\/em>. 2019,\u00a0<strong>18(1-4)<\/strong>, 53\u201458<\/a>. ISSN\u00a01810-648X.<\/li>\n<li><strong>Shikimaka, O.; Prisacaru, A.<\/strong>\u00a0Deformation mechanisms under nanoscratching of Si: effect of scratching speed, load and indenter orientation.\u00a0<em>Mater Res Express<\/em>. 2019,\u00a0<strong>6(8)<\/strong>, 085011-1\u2014085011-10. Doi:\u00a0<a href=\"https:\/\/iopscience.iop.org\/article\/10.1088\/2053-1591\/ab1a0d\/meta\" target=\"_blank\" rel=\"noopener\">10.1088\/2053-1591\/ab1a0d<\/a>\u00a0(IF:\u00a01,151).<\/li>\n<\/ul>\n<p><strong>2018<\/strong><\/p>\n<ul>\n<li>Alexandrov, S.; Vilotic, D.;\u00a0<strong>Grabco, D.<\/strong>\u00a0Using the Upper Bound Technique for Calculating the Strain Rate Intensity Factor. \u00cen:\u00a0<em>Gdoutos E. (eds). Proceedings of the First International Conference on Theoretical, Applied and Experimental Mechanics. ICTAEM 2018. Structural Integrity, Springer, vol 5,<\/em>\u00a0p.\u00a085\u201490. Doi:\u00a0<a href=\"https:\/\/link.springer.com\/chapter\/10.1007%2F978-3-319-91989-8_15\" target=\"_blank\" rel=\"noopener\">10.1007\/978-3-319-91989-8_15<\/a>.<\/li>\n<li>Sava, B.A.; Boroica, L.; Elisa, M.;\u00a0<strong>Shikimaka, O.; Grabco, D.; Popa, M.; Barbos, Z.;<\/strong>\u00a0Iordanescu, R.; Niculescu, A.M.; Kuncser, V.; Galca, A.C.; Eftimie, M.; Monteiro, R.C.C.\u00a0Bismuth and lead oxides codoped boron phosphate glasses for Faraday rotators.\u00a0<em>Ceram Int<\/em>. 2018,\u00a0<strong>44(6)<\/strong>, 6016\u20146025. Doi:\u00a0<a href=\"https:\/\/www.sciencedirect.com\/science\/article\/pii\/S0272884217329152?via%3Dihub\" target=\"_blank\" rel=\"noopener\">10.1016\/j.ceramint.2017.12.205<\/a>\u00a0(IF:\u00a02,986).<\/li>\n<\/ul>\n<p><strong>2017<\/strong><\/p>\n<ul>\n<li>Sidiropoulos, A.D.;\u00a0<strong>Harea, E.;\u00a0<\/strong>Konstantinidis, A.A.; Aifantis, E.C. Pop-in\u201d and \u201cpop-out\u201d effect in monocrystalline silicon. A statistical investigation.\u00a0<em>J Mech Behav Mater.\u00a0<\/em>2017,\u00a0<strong>26(1-2)<\/strong>, 65\u201471. Doi:\u00a0<a href=\"https:\/\/www.degruyter.com\/view\/j\/jmbm.2017.26.issue-1-2\/jmbm-2017-0015\/jmbm-2017-0015.xml\" target=\"_blank\" rel=\"noopener\">10.1515\/jmbm-2017-0015<\/a>.<\/li>\n<\/ul>\n<\/div>\n<div id=\"ifa_research\" class=\"tabs-content__item\">\n<h3><\/h3>\n<\/div>\n<\/div>\n<div class=\"su-tabs-pane su-u-clearfix su-u-trim\" data-title=\"Proiecte de cercetare\">\n<h3>Proiecte de cercetare curente<\/h3>\n<h4>Proiecte Programe de Stat:<\/h4>\n<ol>\n<li><a href=\"https:\/\/ifa.usm.md\/?page_id=547\">ANCD 20.80009.5007.18 (2020 &#8211; 2023)\u00a0<b><i>Ob\u021binerea de noi materiale micro-\u0219i nano-structurate prin metode fizico-chimice \u0219i elaborarea tehnologiilor pe baza acestora<\/i><\/b><\/a>, conduc\u0103tor &#8211; Alexandr Dicusar, dr.hab., prof., mem.-cor. A\u0218M<\/li>\n<\/ol>\n<h3>Proiecte de cercetare anterioare<\/h3>\n<h4>Proiecte institu\u021bionale:<\/h4>\n<ol>\n<li><a href=\"https:\/\/ifa.usm.md\/?page_id=621\">CSSDT\/ANCD\/MECC 15.817.02.06A (2015 &#8211; 2019)\u00a0<b><i>Deformarea la nanoindentare pentru caracterizarea mecanic\u0103 \u0219i inducerea unor structuri locale noi pentru materiale vitroase, polimerice \u0219i cristaline<\/i><\/b><\/a>, conduc\u0103tor &#8211; dr., conf. Olga \u0218ikimaka<\/li>\n<\/ol>\n<h4>Proiecte bilaterale:<\/h4>\n<ol>\n<li><a href=\"https:\/\/ifa.usm.md\/?page_id=713\">ANCD 18.80013.16.02.01\/ERA.Net (2018 &#8211; 2020)\u00a0<b><i>Dezvoltarea unei metode de \u00eembun\u0103t\u0103\u021bire a propriet\u0103\u021bilor materialelor prin combinarea deform\u0103rii plastice \u00een volum \u0219i la suprafa\u021b\u0103<\/i><\/b><\/a>, conduc\u0103tor &#8211; Daria Grabco, prof.<\/li>\n<\/ol>\n<\/div><\/div><\/div>\n<\/div>\n<div class=\"tabs-content\">\n<div id=\"ifa_team\" class=\"tabs-content__item active-tab\"><\/div>\n<div id=\"ifa_publications\" class=\"tabs-content__item\"><\/div>\n<\/div>\n<\/div>","protected":false},"excerpt":{"rendered":"<p>\u0218eful laboratorului: Olga \u0218ikimaka birou. 229 tel. : + (373) 22 738038 fax : + (373) 22 738149 e-mail :\u00a0olga.shikimaka@ifa.usm.md Domeniile de activitate Studiul propriet\u0103\u021bilor mecanice (duritate, modul de elasticitate, rezisten\u021ba la fisurare, limita de curgere, durificare, etc.) ale unui \u0219ir larg de materiale (cristaline, policristaline, amorfe, polimerice, compozite, ceramice \u0219.a.) de volum \u0219i dimensional&hellip; <br \/> <a class=\"read-more\" href=\"https:\/\/ifa.usm.md\/ro\/lmpm\/\">Cite\u0219te mai mult<\/a><\/p>\n","protected":false},"author":1,"featured_media":0,"parent":0,"menu_order":0,"comment_status":"closed","ping_status":"closed","template":"","meta":{"footnotes":""},"folder":[8],"class_list":["post-204","page","type-page","status-publish","hentry"],"rttpg_featured_image_url":null,"rttpg_author":{"display_name":"","author_link":"https:\/\/ifa.usm.md\/ro\/author\/"},"rttpg_comment":0,"rttpg_category":" <a href=\"https:\/\/ifa.usm.md\/ro\/?taxonomy=folder&#038;term=divisions-1684857661-2\" rel=\"tag\">divisions<\/a>","rttpg_excerpt":"\u0218eful laboratorului: Olga \u0218ikimaka birou. 229 tel. : + (373) 22 738038 fax : + (373) 22 738149 e-mail :\u00a0olga.shikimaka@ifa.usm.md Domeniile de activitate Studiul propriet\u0103\u021bilor mecanice (duritate, modul de elasticitate, rezisten\u021ba la fisurare, limita de curgere, durificare, etc.) ale unui \u0219ir larg de materiale (cristaline, policristaline, amorfe, polimerice, compozite, ceramice \u0219.a.) de volum \u0219i dimensional&hellip;&hellip;","_links":{"self":[{"href":"https:\/\/ifa.usm.md\/ro\/wp-json\/wp\/v2\/pages\/204","targetHints":{"allow":["GET"]}}],"collection":[{"href":"https:\/\/ifa.usm.md\/ro\/wp-json\/wp\/v2\/pages"}],"about":[{"href":"https:\/\/ifa.usm.md\/ro\/wp-json\/wp\/v2\/types\/page"}],"author":[{"embeddable":true,"href":"https:\/\/ifa.usm.md\/ro\/wp-json\/wp\/v2\/users\/1"}],"replies":[{"embeddable":true,"href":"https:\/\/ifa.usm.md\/ro\/wp-json\/wp\/v2\/comments?post=204"}],"version-history":[{"count":14,"href":"https:\/\/ifa.usm.md\/ro\/wp-json\/wp\/v2\/pages\/204\/revisions"}],"predecessor-version":[{"id":2001,"href":"https:\/\/ifa.usm.md\/ro\/wp-json\/wp\/v2\/pages\/204\/revisions\/2001"}],"wp:attachment":[{"href":"https:\/\/ifa.usm.md\/ro\/wp-json\/wp\/v2\/media?parent=204"}],"wp:term":[{"taxonomy":"folder","embeddable":true,"href":"https:\/\/ifa.usm.md\/ro\/wp-json\/wp\/v2\/folder?post=204"}],"curies":[{"name":"wp","href":"https:\/\/api.w.org\/{rel}","templated":true}]}}