{"id":473,"date":"2023-02-22T14:31:55","date_gmt":"2023-02-22T11:31:55","guid":{"rendered":"https:\/\/ifa.usm.md\/?page_id=473"},"modified":"2023-05-23T18:39:44","modified_gmt":"2023-05-23T16:39:44","slug":"ancd-20-80009-5007-01","status":"publish","type":"page","link":"https:\/\/ifa.usm.md\/ro\/ancd-20-80009-5007-01\/","title":{"rendered":"ANCD 20.80009.5007.01"},"content":{"rendered":"<table border=\"0\" align=\"center\">\n<tbody>\n<tr>\n<td colspan=\"2\">\n<h3>Proiectul\u00a0<b>ANCD 20.80009.5007.01\u00a0<i>Cooperativitate cuantic\u0103 \u00eentre emi\u021b\u0103tori (nuclee, atomi, puncte cuantice, molecule, biomolecule, metamateriale) \u0219i aplicarea acesteia \u00een informatic\u0103, bio- fotonic\u0103 avansat\u0103 optogenetic\u0103<\/i><\/b><\/h3>\n<\/td>\n<\/tr>\n<tr>\n<th>Tip :<\/th>\n<td>Proiect \u00een cadrul Programelor de Stat finan\u021bat de Agen\u021bia Na\u021bional\u0103 pentru Cercetare \u0219i Dezvoltare a Republicii Moldova<\/td>\n<\/tr>\n<tr>\n<th>Conduc\u0103tor :<\/th>\n<td><a href=\"https:\/\/ifa.usm.md\/?page_id=933\">Nicolae Enachi<\/a>, dr. hab., prof.<\/td>\n<\/tr>\n<tr>\n<th>Durata :<\/th>\n<td>2020 &#8211; 2023<\/td>\n<\/tr>\n<tr>\n<th>Laborator(~oare)\u00a0:<\/th>\n<td><a href=\"https:\/\/ifa.usm.md\/?page_id=200\">Laboratorul Optica Cuantic\u0103 \u0219i Procese Cinetice<\/a><\/td>\n<\/tr>\n<\/tbody>\n<\/table>\n<p><a id=\"pagetop\" name=\"pagetop\"><\/a><\/p>\n<p>Sunt propuse posibilit\u0103\u021bi noi de cooperare neliniar\u0103 dintre diferite specii de emi\u021b\u0103tori cuantici la emisia \u0219i absorb\u021bia fotonilor \u0219i fononilor. Acest model neliniar de cooperare solicit\u0103 introducerea unor noi parametri de ordine la tranzi\u021biile de faz\u0103 induse de tip emisie laser \u00een care p\u0103tratul intensit\u0103\u021bii de c\u00e2mp, p\u0103tratul polariz\u0103rii speciilor de emi\u021b\u0103tori \u00een interac\u021biune, p\u0103tratul de spin total \u0219i moment magnetic iau \u00een considera\u021bie caracterul colectiv al componentelor fiec\u0103rei specii. Ace\u0219ti noi parametri de ordine cap\u0103t\u0103 amplitudine \u0219i faz\u0103 bine determinat\u0103 \u0219i pot fi utiliza\u021bi \u00een studiul de mai departe a structurii moleculelor (biomoleculelor) \u00een procesul interac\u021biunii radia\u021biei cu sistemele de ne echilibru (ce include \u0219i \u021besuturi celulare). Ei stau la baza dezvolt\u0103rii unor abord\u0103ri noi pentru tranzi\u021biile de faz\u0103 \u00een mai multe specii de emi\u021b\u0103tori. Posibilit\u0103\u021bile de cooperare \u00eentre emi\u021b\u0103tori vor fi extinse at\u00e2t pentru efectele colective dintre fotonii modurilor de cavitate sau modurilor de lumin\u0103 ghidat\u0103 prin fibra optic\u0103, c\u00e2t \u0219i pentru vibra\u021biile lan\u021burilor de aminoacizi dintr-o serie de proteine cum ar fi rodopsine, microtubuli, hemoglobin\u0103. Propunerea de proiect une\u0219te ca un tot \u00eentreg dou\u0103 tipuri de efecte cooperative dintre emi\u021b\u0103tori. Primul este legat de sisteme dipol-active de emi\u021b\u0103torii cuantici cu nucleele, atomii, moleculele cu dimensiuni mai mici dec\u00e2t semi-lungimea de und\u0103 a cuantei emise sau absorbite (ca de obicei pentru atomi, nuclee acest parametru mic este de ordinul 1\/1000). Al doilea tip de emi\u021b\u0103tori cuantici cupla\u021bi pot fi considera\u021bi micro-\/nano- rezonatoarele, formate din elemente optice sub form\u0103 de sfere, toruri, fibre, conuri ori alte forme topologice cu dimensiuni geometrice comensurabile cu semi-lungimile de und\u0103 sta\u021bionar\u0103 generate \u00een ele. La cuplajul optic aceste elemente pot forma structuri colective sub form\u0103 de molecule fotonice ori cristale fotonice. Elementele acestor structuri fiind relativ mari comparativ cu emi\u021b\u0103torii atomici (moleculari), permit un cuplaj de rezonan\u021b\u0103 optic\u0103 cu primul grup prin zona c\u00e2mpului evanescent din apropiere de suprafa\u021ba fiec\u0103reia din ele. \u00cen laborator s-a atras o aten\u021bie deosebit\u0103 cre\u0219terii acestei suprafe\u021be de contact din zona c\u00e2mpului evanescent la mic\u0219orarea perioadei unei astfel de structuri periodice. Astfel la rezonan\u021ba optic\u0103 atomii, viru\u0219ii, bacteriile plasa\u021bi \u00een zona c\u00e2mpului apropiat pot fi u\u0219or manipula\u021bi prin aceast\u0103 interfa\u021b\u0103 dintre metamaterial \u0219i fiecare radiator.<\/p>\n<p>\u00cen proiectul de fa\u021b\u0103 se vor propune o varietate nou\u0103 de molecule fotonice, ce con\u021bin diferite elemente optice \u00een contact, care se deosebesc at\u00e2t prin dimensiuni c\u00e2t \u0219i prin structura lor topologic\u0103. Efecte cooperative noi din regiunea zonei c\u00e2mpului apropiat al acestor structuri la cuplajul optic cu emi\u021b\u0103torii (atomi, molecule, biomolecule) vor sta la baza multor elabor\u0103ri \u0219i lucr\u0103ri \u0219tiin\u021bifice cu caracter aplicativ. Ele vor corela cu necesit\u0103\u021bile stringente ale biologiei \u0219i medicinii moleculare \u00een care manipularea \u0219i dirijarea unor molecule sub ac\u021biunea luminii necesit\u0103 o descriere fizic\u0103. \u00cen unele situa\u021bii va fi cercetat\u0103 anihilarea selectiv\u0103 a unor substan\u021be toxice ori patogeni atra\u0219i de efectul pensetei optice &#8222;optical tweezers&#8221; propus de laureatul Premiului Nobel \u00een Fizic\u0103 A. Ashkin. O aten\u021bie sporit\u0103 se va acorda suprafe\u021belor de contact ale elementelor metamaterialelor cu fluidul contaminat la penetrarea acestuia printre elemente metamaterialului. Echipamentele elaborate \u00een laborator vor fi modernizate at\u00e2t \u00een baza structurilor noi cvasi- periodice de metamateriale compozite, formate din bile \u0219i fibre de cuar\u021b cu dimensiuni variate, c\u00e2t \u0219i prin utilizarea radia\u021biei pulsate laser de ordinul nanosecundelor din regiunea spectral\u0103 UV-C \u00een combina\u021bie cu pulsuri din alt diapazon spectral. Pentru atomii (moleculele) captate \u00een structurile sus men\u021bionate vor fi discutate efecte noi \u00een care se va lua \u00een considerare aspectul cuantic al emisiilor de fotoni unde inseparabilitatea, nedistinguitate \u00eentre st\u0103ri \u0219i cuante, fidelitatea, discordul cuantic vor deveni propriet\u0103\u021bi importante pentru fluxul de cuante scalabil. Posibilit\u0103\u021bi noi de excitare, ionizare \u0219i emisie colectiv\u0103 de cuante de c\u0103tre emi\u021b\u0103tori capta\u021bi \u00een zona c\u00e2mpului evanescent vor fi eviden\u021biate.<\/p>\n<p>&nbsp;<\/p>\n<p><strong>Executorii:<\/strong><\/p>\n<table cellspacing=\"1\" cellpadding=\"1\" align=\"left\">\n<tbody>\n<tr>\n<td>\n<ol>\n<li><strong><a href=\"https:\/\/ifa.usm.md\/?page_id=933\">Nicolae Enachi<\/a>\u00a0<\/strong>, dr. hab., prof.<\/li>\n<li><strong>Alexei Gaina<\/strong>, dr.<\/li>\n<li><a href=\"https:\/\/ifa.usm.md\/?page_id=925\"><strong>Marina \u021aurcan<\/strong><\/a>, dr.<\/li>\n<li><a href=\"https:\/\/ifa.usm.md\/?page_id=791\"><strong>Aurelia Prepeli\u021ba<\/strong><\/a>, dr., conf.<\/li>\n<li><a href=\"https:\/\/ifa.usm.md\/?page_id=964\"><strong>Serghei B\u00eezgan<\/strong><\/a><\/li>\n<li><a href=\"https:\/\/ifa.usm.md\/?page_id=784\"><strong>Andrei Nistreanu<\/strong><\/a><\/li>\n<\/ol>\n<\/td>\n<td>\n<ol start=\"7\">\n<li><strong>Andrei Petracovschi<\/strong><\/li>\n<li><a href=\"https:\/\/ifa.usm.md\/?page_id=1017\"><strong>Tatiana P\u00eeslari<\/strong><\/a><\/li>\n<li><a href=\"https:\/\/ifa.usm.md\/?page_id=854\"><strong>Elena Starodub<\/strong><\/a><\/li>\n<li><strong>Gheorghe Scafaru<\/strong><\/li>\n<li><strong>Viorica Tonu<\/strong><\/li>\n<\/ol>\n<p>&nbsp;<\/td>\n<\/tr>\n<\/tbody>\n<\/table>\n<div><\/div>\n<div><\/div>\n<div id=\"rapoarte_activitate\" class=\"tabs-content__item\"><strong>Rapoarte activitate:<\/strong><\/div>\n<table border=\"1\" cellspacing=\"1\" cellpadding=\"1\">\n<tbody>\n<tr>\n<td><a href=\"https:\/\/ifa.usm.md\/wp-content\/uploads\/2023\/02\/PS-Enachi_2020-site.pdf\"><strong>2020<\/strong><\/a><\/td>\n<td><a href=\"https:\/\/ifa.usm.md\/wp-content\/uploads\/2023\/02\/Enachi_PS_2021-1.pdf\"><strong>2021<\/strong><\/a><\/td>\n<td><a href=\"https:\/\/ifa.usm.md\/wp-content\/uploads\/2023\/02\/Enachi_PS_2022.pdf\"><strong>2022<\/strong><\/a><\/td>\n<td><strong>2023<\/strong><\/td>\n<td><strong>final<\/strong><\/td>\n<\/tr>\n<\/tbody>\n<\/table>","protected":false},"excerpt":{"rendered":"<p>Proiectul\u00a0ANCD 20.80009.5007.01\u00a0Cooperativitate cuantic\u0103 \u00eentre emi\u021b\u0103tori (nuclee, atomi, puncte cuantice, molecule, biomolecule, metamateriale) \u0219i aplicarea acesteia \u00een informatic\u0103, bio- fotonic\u0103 avansat\u0103 optogenetic\u0103 Tip : Proiect \u00een cadrul Programelor de Stat finan\u021bat de Agen\u021bia Na\u021bional\u0103 pentru Cercetare \u0219i Dezvoltare a Republicii Moldova Conduc\u0103tor : Nicolae Enachi, dr. hab., prof. Durata : 2020 &#8211; 2023 Laborator(~oare)\u00a0: Laboratorul Optica&hellip; <br \/> <a class=\"read-more\" href=\"https:\/\/ifa.usm.md\/ro\/ancd-20-80009-5007-01\/\">Cite\u0219te mai mult<\/a><\/p>\n","protected":false},"author":1,"featured_media":0,"parent":0,"menu_order":0,"comment_status":"closed","ping_status":"closed","template":"","meta":{"footnotes":""},"folder":[9],"class_list":["post-473","page","type-page","status-publish","hentry"],"rttpg_featured_image_url":null,"rttpg_author":{"display_name":"","author_link":"https:\/\/ifa.usm.md\/ro\/author\/"},"rttpg_comment":0,"rttpg_category":" <a href=\"https:\/\/ifa.usm.md\/ro\/?taxonomy=folder&#038;term=projects-1684857661-2\" rel=\"tag\">projects<\/a>","rttpg_excerpt":"Proiectul\u00a0ANCD 20.80009.5007.01\u00a0Cooperativitate cuantic\u0103 \u00eentre emi\u021b\u0103tori (nuclee, atomi, puncte cuantice, molecule, biomolecule, metamateriale) \u0219i aplicarea acesteia \u00een informatic\u0103, bio- fotonic\u0103 avansat\u0103 optogenetic\u0103 Tip : Proiect \u00een cadrul Programelor de Stat finan\u021bat de Agen\u021bia Na\u021bional\u0103 pentru Cercetare \u0219i Dezvoltare a Republicii Moldova Conduc\u0103tor : Nicolae Enachi, dr. hab., prof. Durata : 2020 &#8211; 2023 Laborator(~oare)\u00a0: Laboratorul Optica&hellip;&hellip;","_links":{"self":[{"href":"https:\/\/ifa.usm.md\/ro\/wp-json\/wp\/v2\/pages\/473","targetHints":{"allow":["GET"]}}],"collection":[{"href":"https:\/\/ifa.usm.md\/ro\/wp-json\/wp\/v2\/pages"}],"about":[{"href":"https:\/\/ifa.usm.md\/ro\/wp-json\/wp\/v2\/types\/page"}],"author":[{"embeddable":true,"href":"https:\/\/ifa.usm.md\/ro\/wp-json\/wp\/v2\/users\/1"}],"replies":[{"embeddable":true,"href":"https:\/\/ifa.usm.md\/ro\/wp-json\/wp\/v2\/comments?post=473"}],"version-history":[{"count":9,"href":"https:\/\/ifa.usm.md\/ro\/wp-json\/wp\/v2\/pages\/473\/revisions"}],"predecessor-version":[{"id":1396,"href":"https:\/\/ifa.usm.md\/ro\/wp-json\/wp\/v2\/pages\/473\/revisions\/1396"}],"wp:attachment":[{"href":"https:\/\/ifa.usm.md\/ro\/wp-json\/wp\/v2\/media?parent=473"}],"wp:term":[{"taxonomy":"folder","embeddable":true,"href":"https:\/\/ifa.usm.md\/ro\/wp-json\/wp\/v2\/folder?post=473"}],"curies":[{"name":"wp","href":"https:\/\/api.w.org\/{rel}","templated":true}]}}