{"id":529,"date":"2023-02-22T18:25:24","date_gmt":"2023-02-22T15:25:24","guid":{"rendered":"https:\/\/ifa.usm.md\/?page_id=529"},"modified":"2023-05-23T18:44:12","modified_gmt":"2023-05-23T16:44:12","slug":"ancd-20-80009-5007-07","status":"publish","type":"page","link":"https:\/\/ifa.usm.md\/ro\/ancd-20-80009-5007-07\/","title":{"rendered":"ANCD 20.80009.5007.07"},"content":{"rendered":"<table border=\"0\" align=\"center\">\n<tbody>\n<tr>\n<td colspan=\"2\">\n<h3>Proiectul\u00a0<b>ANCD 20.80009.5007.07\u00a0<i>Tehnologii cuantice hibride avansate<\/i><\/b><\/h3>\n<\/td>\n<\/tr>\n<tr>\n<th>Tip :<\/th>\n<td>Proiect \u00een cadrul Programelor de Stat finan\u021bat de Agen\u021bia Na\u021bional\u0103 pentru Cercetare \u0219i Dezvoltare a Republicii Moldova<\/td>\n<\/tr>\n<tr>\n<th>Conduc\u0103tor :<\/th>\n<td><a href=\"https:\/\/ifa.usm.md\/?page_id=144\">Mihai Macovei<\/a>, dr.hab., conf.<\/td>\n<\/tr>\n<tr>\n<th>Durata :<\/th>\n<td>2020 &#8211; 2023<\/td>\n<\/tr>\n<tr>\n<th>Laborator(~oare)\u00a0:<\/th>\n<td><a href=\"https:\/\/ifa.usm.md\/?page_id=91\">Laboratorul Fotonica Cuantic\u0103<\/a><\/td>\n<\/tr>\n<\/tbody>\n<\/table>\n<p><a id=\"pagetop\" name=\"pagetop\"><\/a><\/p>\n<p>Proiectul dat propune efectuarea unor studii riguroase a posibilelor scheme de interfe\u021be cuantice formate din componente hibride, cum ar fi mai multe puncte\/gropi cuantice din semiconductori sau supraconductori cu c\u00e2teva niveluri care interac\u021bioneaz\u0103 cu micro\/nano-rezonator optici\/mecanici \u0219i c\u00e2mpuri electromagnetice externe. O aten\u021bie deosebit\u0103 va fi acordat\u0103 conversiei fotonilor din domeniul vizibil \u00een microunde \u0219i detectarea acestora; \u00eembun\u0103t\u0103\u021birii eficien\u021bei cuantice a diferitelor procese cuantice ciclice \u00een nano-dispozitive folosindu-se legile termodinamicii cuantice; efectelor neliniare \u00een sistemele de oglinzi \u00een vibra\u021bie pompate de laseri. Obiectivele proiectului sunt aplica\u021bii fezabile pentru senzori cuantici ultrasensibili, motoare termice cuantice sau refrigeratoare cuantice, baterii \u0219i memorii cuantice. Obiectivele propuse vor fi atinse folosind metode analitice din fizic\u0103 teoretic\u0103, cum ar fi tehnica standard a Ecua\u021biei Master, aplicat\u0103 sistemelor de emi\u021b\u0103tori cu un num\u0103r redus de niveluri energetice distan\u021bate regulat\/neregulat, care va fi modificat\u0103 corespunz\u0103tor pentru a atinge sarcinile specifice e fiec\u0103rei din etapele proiectului. Vor fi folosite \u0219i metode numerice pentru a studia \u0219i descrie complexitatea interac\u021biunilor \u00eentre mai mul\u021bi qubi\u021bi mediate de diver\u0219i rezonan\u021bi optici\/mecanici. Rezultatele preconizate sunt aplicabile tehnologiilor nanofotonice hibride moderne bazate pe qubi\u021bi artificiali cu c\u00e2teva nivele energetice. Publicarea rezultatelor ob\u021binute \u00een diferite reviste \u0219tiin\u021bifice de \u00eenalt\u0103 reputa\u021bie (cum ar fi Physical<br \/>\nReview A \/ B etc.) este presupus\u0103. Echipa executorilor const\u0103 din 13 cercet\u0103tori, 4 av\u00e2nd v\u00e2rsta sub 35 de ani, cu o experien\u021b\u0103 mare \u00een executarea a astfel de proiecte de cercetare \u00een Moldova sau \u00een str\u0103in\u0103tate. Executorii proiectului au deja publicate \u00een ultimii 5 ani mai multe publica\u021bii \u00een reviste cu IF pe teme apropiate.<\/p>\n<p>&nbsp;<\/p>\n<p><strong>Executorii:<\/strong><\/p>\n<table cellspacing=\"1\" cellpadding=\"1\">\n<tbody>\n<tr>\n<td>1.\u00a0<a href=\"https:\/\/ifa.usm.md\/?page_id=144\"><strong>Mihai Macovei<\/strong><\/a>, dr. hab., conf.<\/p>\n<p>2.\u00a0<a href=\"https:\/\/ifa.usm.md\/?page_id=92\"><strong>Corneliu Gherman<\/strong><\/a>, dr.<\/p>\n<p>3.\u00a0<a href=\"https:\/\/ifa.usm.md\/?page_id=145\"><strong>Profirie Barde\u021bchi<\/strong><\/a>, dr., conf.<\/p>\n<p>4.\u00a0<a href=\"https:\/\/ifa.usm.md\/?page_id=146\"><strong>Sergiu C\u00e2rlig<\/strong><\/a>, dr.<\/p>\n<p>5.\u00a0<strong>Viorel Ciornea<\/strong>, dr.<\/p>\n<p>6.\u00a0<strong>Serghei Popov<\/strong>, dr.<\/p>\n<p>7.\u00a0<a href=\"https:\/\/ifa.usm.md\/?page_id=162\"><strong>Victor Ceban<\/strong><\/a><\/td>\n<td>8.\u00a0<strong>Alexandra M\u00eerzac<\/strong><\/p>\n<p>9.\u00a0<a href=\"https:\/\/ifa.usm.md\/?page_id=93\"><strong>Elena Cecoi<\/strong><\/a><\/p>\n<p>10.\u00a0<a href=\"https:\/\/ifa.usm.md\/?page_id=158\"><strong>Tatiana Chiriac<\/strong><\/a><\/p>\n<p>11.\u00a0<a href=\"https:\/\/ifa.usm.md\/?page_id=98\"><strong>Mircea Baznat<\/strong><\/a>, dr., conf.<\/p>\n<p>12.\u00a0<strong>Andrei Hvorostuhin<\/strong>, dr.<\/p>\n<p>13.\u00a0<a href=\"https:\/\/ifa.usm.md\/?page_id=96\"><strong>Iurie Palii<\/strong><\/a>, dr.<\/p>\n<p>&nbsp;<\/td>\n<\/tr>\n<\/tbody>\n<\/table>\n<p>&nbsp;<\/p>\n<p><strong>Rapoarte activitate:<\/strong><\/p>\n<table border=\"1\" cellspacing=\"1\" cellpadding=\"1\">\n<tbody>\n<tr>\n<td><a href=\"https:\/\/ifa.usm.md\/wp-content\/uploads\/2023\/02\/PS-Macovei_2020-site.pdf\"><strong>2020<\/strong><\/a><\/td>\n<td><a href=\"https:\/\/ifa.usm.md\/wp-content\/uploads\/2023\/02\/Macovei_PS_2021-1.pdf\"><strong>2021<\/strong><\/a><\/td>\n<td><a href=\"https:\/\/ifa.usm.md\/wp-content\/uploads\/2023\/02\/Macovei_PS_2022.pdf\"><strong>2022<\/strong><\/a><\/td>\n<td><strong>2023<\/strong><\/td>\n<td><strong>final<\/strong><\/td>\n<\/tr>\n<\/tbody>\n<\/table>","protected":false},"excerpt":{"rendered":"<p>Proiectul\u00a0ANCD 20.80009.5007.07\u00a0Tehnologii cuantice hibride avansate Tip : Proiect \u00een cadrul Programelor de Stat finan\u021bat de Agen\u021bia Na\u021bional\u0103 pentru Cercetare \u0219i Dezvoltare a Republicii Moldova Conduc\u0103tor : Mihai Macovei, dr.hab., conf. Durata : 2020 &#8211; 2023 Laborator(~oare)\u00a0: Laboratorul Fotonica Cuantic\u0103 Proiectul dat propune efectuarea unor studii riguroase a posibilelor scheme de interfe\u021be cuantice formate din componente&hellip; <br \/> <a class=\"read-more\" href=\"https:\/\/ifa.usm.md\/ro\/ancd-20-80009-5007-07\/\">Cite\u0219te mai mult<\/a><\/p>\n","protected":false},"author":1,"featured_media":0,"parent":0,"menu_order":0,"comment_status":"closed","ping_status":"closed","template":"","meta":{"footnotes":""},"folder":[9],"class_list":["post-529","page","type-page","status-publish","hentry"],"rttpg_featured_image_url":null,"rttpg_author":{"display_name":"","author_link":"https:\/\/ifa.usm.md\/ro\/author\/"},"rttpg_comment":0,"rttpg_category":" <a href=\"https:\/\/ifa.usm.md\/ro\/?taxonomy=folder&#038;term=projects-1684857661-2\" rel=\"tag\">projects<\/a>","rttpg_excerpt":"Proiectul\u00a0ANCD 20.80009.5007.07\u00a0Tehnologii cuantice hibride avansate Tip : Proiect \u00een cadrul Programelor de Stat finan\u021bat de Agen\u021bia Na\u021bional\u0103 pentru Cercetare \u0219i Dezvoltare a Republicii Moldova Conduc\u0103tor : Mihai Macovei, dr.hab., conf. Durata : 2020 &#8211; 2023 Laborator(~oare)\u00a0: Laboratorul Fotonica Cuantic\u0103 Proiectul dat propune efectuarea unor studii riguroase a posibilelor scheme de interfe\u021be cuantice formate din componente&hellip;&hellip;","_links":{"self":[{"href":"https:\/\/ifa.usm.md\/ro\/wp-json\/wp\/v2\/pages\/529","targetHints":{"allow":["GET"]}}],"collection":[{"href":"https:\/\/ifa.usm.md\/ro\/wp-json\/wp\/v2\/pages"}],"about":[{"href":"https:\/\/ifa.usm.md\/ro\/wp-json\/wp\/v2\/types\/page"}],"author":[{"embeddable":true,"href":"https:\/\/ifa.usm.md\/ro\/wp-json\/wp\/v2\/users\/1"}],"replies":[{"embeddable":true,"href":"https:\/\/ifa.usm.md\/ro\/wp-json\/wp\/v2\/comments?post=529"}],"version-history":[{"count":4,"href":"https:\/\/ifa.usm.md\/ro\/wp-json\/wp\/v2\/pages\/529\/revisions"}],"predecessor-version":[{"id":1418,"href":"https:\/\/ifa.usm.md\/ro\/wp-json\/wp\/v2\/pages\/529\/revisions\/1418"}],"wp:attachment":[{"href":"https:\/\/ifa.usm.md\/ro\/wp-json\/wp\/v2\/media?parent=529"}],"wp:term":[{"taxonomy":"folder","embeddable":true,"href":"https:\/\/ifa.usm.md\/ro\/wp-json\/wp\/v2\/folder?post=529"}],"curies":[{"name":"wp","href":"https:\/\/api.w.org\/{rel}","templated":true}]}}