{"id":535,"date":"2023-02-22T18:32:35","date_gmt":"2023-02-22T15:32:35","guid":{"rendered":"https:\/\/ifa.usm.md\/?page_id=535"},"modified":"2023-05-23T18:43:49","modified_gmt":"2023-05-23T16:43:49","slug":"ancd-20-80009-5007-14","status":"publish","type":"page","link":"https:\/\/ifa.usm.md\/ro\/ancd-20-80009-5007-14\/","title":{"rendered":"ANCD 20.80009.5007.14"},"content":{"rendered":"<table border=\"0\" align=\"center\">\n<tbody>\n<tr>\n<td colspan=\"2\">\n<h3>Proiectul\u00a0<b>ANCD 20.80009.5007.14\u00a0<i>Nanocompozite hibride multifunc\u021bionale de diferit\u0103 arhitectur\u0103 din polimeri \u0219i emiconductori necristalini pentru aplica\u021bii \u00een optoelectronic\u0103, fotonic\u0103 \u0219i biomedicin\u0103<\/i><\/b><\/h3>\n<\/td>\n<\/tr>\n<tr>\n<th>Tip :<\/th>\n<td>Proiect \u00een cadrul Programelor de Stat finan\u021bat de Agen\u021bia Na\u021bional\u0103 pentru Cercetare \u0219i Dezvoltare a Republicii Moldova<\/td>\n<\/tr>\n<tr>\n<th>Conduc\u0103tor :<\/th>\n<td><a href=\"https:\/\/ifa.usm.md\/?page_id=916\">Mihail Iovu<\/a>, dr.hab., prof.<\/td>\n<\/tr>\n<tr>\n<th>Durata :<\/th>\n<td>2020 &#8211; 2023<\/td>\n<\/tr>\n<tr>\n<th>Laborator(~oare)\u00a0:<\/th>\n<td><a href=\"https:\/\/ifa.usm.md\/?page_id=193\">Laboratorul de Optoelectronic\u0103 \u201cAndrei Andrie\u0219\u201d<\/a><\/td>\n<\/tr>\n<\/tbody>\n<\/table>\n<p><a id=\"pagetop\" name=\"pagetop\"><\/a><\/p>\n<p>Materialele nanocompozite pe baza de polimeri, c\u00e2t \u0219i semiconductorii multinari necristalini prezint\u0103 un interes deosebit at\u00e2t din punct de vedere al \u0219tiin\u021bei fundamentale, c\u00e2t \u0219i aplicative, datorit\u0103 poten\u021bialului de utilizare \u00een domenii de \u00eenalt\u0103 tehnologie, posibilit\u0103tii de procesare relativ simpl\u0103 \u0219i modificare a unit\u0103\u021bilor de structur\u0103 sau a morfologiei, realizate prin tehnici laser, plasm\u0103 sau radia\u021bii. Obiectivul general al proiectului const\u0103 \u00een generarea de noi cunostin\u021be si tehnologii privind nanocompozite hibride multifunctionale de diferita arhitectura din polimeri si semiconductori necristalini pentru domenii de prioritate \u00een optoelectronica, fotonica si biomedicina. Proiectul prevede elaborarea \u0219i sinteza unor materiale nanocompozite avansate \u0219i realizarea de structuri planare multistrat, a elementelor difrac\u021bionale prin metode holografice sau prin ac\u021biunea fasciculului de electroni, a unor senzori performan\u021bi pe substrat sau pe fibr\u0103 optic\u0103 nanostructurate pentru mediu \u0219i biomedicin\u0103, a elementelor de fotoluminiscen\u021b\u0103 \u0219i electoluminescen\u021b\u0103 cu randament sporit. Proiectul vizeaza inclusiv compu\u0219i coordinativi cu ioni de p\u0103m\u00e2nturi rare, bionanocompozite, c\u00e2t \u0219i nanonocompozite pe baz\u0103 de semiconductori necristalini multifunc\u021bionali. Pentru caracterizarea materialelor \u0219i structurilor studiate vor fi folosite metodele de spectroscopie optic\u0103 (UV-VIS, IR, Raman, fotoluminiscen\u021b\u0103), microscopia AFM, SEM, TEM, difrac\u021bia de raze X, etc., vor fi studiate fenomenele foto- \u0219i electronoinduse, c\u00e2t \u0219i fenomenele de transport a sarcinii electrice. Proiectul include si elaborarea de modele teoretice, analiza \u0219i interpretarea datelor experimentale ob\u021binute. Se va acorda aten\u021bie studiului \u0219i model\u0103rii teoretice a ac\u021biunii c\u00e2mpurilor externe asupra caracteristicilor optice \u0219i cinetice a diverselor\u00a0 nanostructuri \u0219i nanocompozite. Vor fi studiate nanoclastere de tip \u201enucleu-\u00eenveli\u0219\u201d, cu aplica\u021bii \u00een biomedicin\u0103, inclusiv biomarkere, cat \u0219i materiale hibride multifunc\u021bionale pentru ingineria celular\u0103. Biocompozitele, la care se atribuie complec\u0219ii de citocrom\u00a0<em>c<\/em>\u00a0\u0219i cardiolipin, vor fi modelate lu\u00e2nd \u00een considera\u021bie datele experimentale ale cineticii reac\u021biei procesului de pereoxidare a lipidelor. \u00cen baza materialelor nanocompozite \u0219i a nanostructurilor obtinute vor fi elaborate dispozitive avansate pentru optoelectronic\u0103, fotonic\u0103 \u0219i biomedicin\u0103: structuri difrac\u021bionale, senzori performan\u021bi pe substrat sau pe fibr\u0103 optic\u0103 nanostructurate (de exemplu folosind efectul SERS, rezonan\u021ba plasmonic\u0103, etc.), elemente de fotoluminiscen\u021b\u0103 \u0219i electoluminescen\u021b\u0103 cu randament sporit.<\/p>\n<p>&nbsp;<\/p>\n<div class=\"tabfield\">\n<p><strong>Executorii:<\/strong><\/p>\n<table cellspacing=\"1\" cellpadding=\"1\">\n<tbody>\n<tr>\n<td>1.\u00a0<a href=\"https:\/\/ifa.usm.md\/?page_id=916\"><strong>Mihail Iovu<\/strong><\/a>, dr. hab., prof.<\/p>\n<p>2.\u00a0<a href=\"https:\/\/ifa.usm.md\/?page_id=847\"><strong>Elerlanj Sineavschii<\/strong><\/a>, dr. hab., prof.<\/p>\n<p>3.\u00a0<a href=\"https:\/\/ifa.usm.md\/?page_id=873\"><strong>Ion Culeac<\/strong><\/a>, dr., conf.<\/p>\n<p>4.\u00a0<a href=\"https:\/\/ifa.usm.md\/?page_id=781\"><strong>Andrian Nastas<\/strong><\/a>, dr.<\/p>\n<p>5.\u00a0<a href=\"https:\/\/ifa.usm.md\/?page_id=1003\"><strong>Serghei Sergheev<\/strong><\/a>, dr.<\/p>\n<p>6.\u00a0<a href=\"https:\/\/ifa.usm.md\/?page_id=1065\"><strong>Victor Verlan<\/strong><\/a>, dr., conf.<\/td>\n<td>7.\u00a0<a href=\"https:\/\/ifa.usm.md\/?page_id=871\"><strong>Ion Cojocaru<\/strong><\/a>, dr.<\/p>\n<p>8.\u00a0<a href=\"https:\/\/ifa.usm.md\/?page_id=941\"><strong>Oxana Iaseniuc<\/strong><\/a>, dr.<\/p>\n<p>9.\u00a0<a href=\"https:\/\/ifa.usm.md\/?page_id=954\"><strong>Olga Ialt\u00eecenco<\/strong><\/a>, dr.<\/p>\n<p>10.\u00a0<strong>Diana Harea<\/strong>, dr.<\/p>\n<p>11.\u00a0<a href=\"https:\/\/ifa.usm.md\/?page_id=937\"><strong>Olga Bordian<\/strong><\/a><\/p>\n<p>12.\u00a0<a href=\"https:\/\/ifa.usm.md\/?page_id=844\"><strong>Evghenii Canarovschii<\/strong><\/a><\/td>\n<\/tr>\n<\/tbody>\n<\/table>\n<\/div>\n<p>&nbsp;<\/p>\n<p><strong>Rapoarte activitate:<\/strong><\/p>\n<table border=\"1\" cellspacing=\"1\" cellpadding=\"1\">\n<tbody>\n<tr>\n<td><strong><a href=\"https:\/\/ifa.usm.md\/wp-content\/uploads\/2023\/02\/PS-Iovu_2020-site.pdf\">2020<\/a><\/strong><\/td>\n<td><a href=\"https:\/\/ifa.usm.md\/wp-content\/uploads\/2023\/02\/Iovu_PS_2021.pdf\"><strong>2021<\/strong><\/a><\/td>\n<td><a href=\"https:\/\/ifa.usm.md\/wp-content\/uploads\/2023\/02\/Iovu_PS_2022.pdf\"><strong>2022<\/strong><\/a><\/td>\n<td><strong>2023<\/strong><\/td>\n<td><strong>final<\/strong><\/td>\n<\/tr>\n<\/tbody>\n<\/table>","protected":false},"excerpt":{"rendered":"<p>Proiectul\u00a0ANCD 20.80009.5007.14\u00a0Nanocompozite hibride multifunc\u021bionale de diferit\u0103 arhitectur\u0103 din polimeri \u0219i emiconductori necristalini pentru aplica\u021bii \u00een optoelectronic\u0103, fotonic\u0103 \u0219i biomedicin\u0103 Tip : Proiect \u00een cadrul Programelor de Stat finan\u021bat de Agen\u021bia Na\u021bional\u0103 pentru Cercetare \u0219i Dezvoltare a Republicii Moldova Conduc\u0103tor : Mihail Iovu, dr.hab., prof. Durata : 2020 &#8211; 2023 Laborator(~oare)\u00a0: Laboratorul de Optoelectronic\u0103 \u201cAndrei Andrie\u0219\u201d&hellip; <br \/> <a class=\"read-more\" href=\"https:\/\/ifa.usm.md\/ro\/ancd-20-80009-5007-14\/\">Cite\u0219te mai mult<\/a><\/p>\n","protected":false},"author":1,"featured_media":0,"parent":0,"menu_order":0,"comment_status":"closed","ping_status":"closed","template":"","meta":{"footnotes":""},"folder":[9],"class_list":["post-535","page","type-page","status-publish","hentry"],"rttpg_featured_image_url":null,"rttpg_author":{"display_name":"","author_link":"https:\/\/ifa.usm.md\/ro\/author\/"},"rttpg_comment":0,"rttpg_category":" <a href=\"https:\/\/ifa.usm.md\/ro\/?taxonomy=folder&#038;term=projects-1684857661-2\" rel=\"tag\">projects<\/a>","rttpg_excerpt":"Proiectul\u00a0ANCD 20.80009.5007.14\u00a0Nanocompozite hibride multifunc\u021bionale de diferit\u0103 arhitectur\u0103 din polimeri \u0219i emiconductori necristalini pentru aplica\u021bii \u00een optoelectronic\u0103, fotonic\u0103 \u0219i biomedicin\u0103 Tip : Proiect \u00een cadrul Programelor de Stat finan\u021bat de Agen\u021bia Na\u021bional\u0103 pentru Cercetare \u0219i Dezvoltare a Republicii Moldova Conduc\u0103tor : Mihail Iovu, dr.hab., prof. Durata : 2020 &#8211; 2023 Laborator(~oare)\u00a0: Laboratorul de Optoelectronic\u0103 \u201cAndrei Andrie\u0219\u201d&hellip;&hellip;","_links":{"self":[{"href":"https:\/\/ifa.usm.md\/ro\/wp-json\/wp\/v2\/pages\/535","targetHints":{"allow":["GET"]}}],"collection":[{"href":"https:\/\/ifa.usm.md\/ro\/wp-json\/wp\/v2\/pages"}],"about":[{"href":"https:\/\/ifa.usm.md\/ro\/wp-json\/wp\/v2\/types\/page"}],"author":[{"embeddable":true,"href":"https:\/\/ifa.usm.md\/ro\/wp-json\/wp\/v2\/users\/1"}],"replies":[{"embeddable":true,"href":"https:\/\/ifa.usm.md\/ro\/wp-json\/wp\/v2\/comments?post=535"}],"version-history":[{"count":3,"href":"https:\/\/ifa.usm.md\/ro\/wp-json\/wp\/v2\/pages\/535\/revisions"}],"predecessor-version":[{"id":1423,"href":"https:\/\/ifa.usm.md\/ro\/wp-json\/wp\/v2\/pages\/535\/revisions\/1423"}],"wp:attachment":[{"href":"https:\/\/ifa.usm.md\/ro\/wp-json\/wp\/v2\/media?parent=535"}],"wp:term":[{"taxonomy":"folder","embeddable":true,"href":"https:\/\/ifa.usm.md\/ro\/wp-json\/wp\/v2\/folder?post=535"}],"curies":[{"name":"wp","href":"https:\/\/api.w.org\/{rel}","templated":true}]}}