{"id":587,"date":"2023-02-23T12:11:00","date_gmt":"2023-02-23T09:11:00","guid":{"rendered":"https:\/\/ifa.usm.md\/?page_id=587"},"modified":"2023-05-23T18:42:20","modified_gmt":"2023-05-23T16:42:20","slug":"ancd-22-80013-5007-6bl","status":"publish","type":"page","link":"https:\/\/ifa.usm.md\/ro\/ancd-22-80013-5007-6bl\/","title":{"rendered":"ANCD 22.80013.5007.6BL"},"content":{"rendered":"<table border=\"0\" align=\"center\">\n<tbody>\n<tr>\n<td colspan=\"2\">\n<h3>Proiectul\u00a0<b>ANCD 22.80013.5007.6BL\u00a0<i>Materiale nanocompozite care con\u021bin complexe de p\u0103m\u00e2nturi rare pentru utilizare \u00een optoelectronic\u0103 \u0219i energie solar\u0103<\/i><\/b><\/h3>\n<\/td>\n<\/tr>\n<tr>\n<th>Tip :<\/th>\n<td>Proiect interna\u021bional bilareral \u00een cadrul Acordului de cooperare \u0218tiin\u021bific\u0103 \u0219i Tehnic\u0103 \u00eentre Comitetul de Stat pentru \u0218tiin\u021b\u0103 \u0219i Tehnologie al Republicii Belarus \u0219i Agen\u021bia Na\u021bional\u0103 de Cercetare \u0219i Dezvoltare a Republicii Moldova<\/td>\n<\/tr>\n<tr>\n<th>Conduc\u0103tor :<\/th>\n<td>Victor Verlan, dr.<\/td>\n<\/tr>\n<tr>\n<th>Durata :<\/th>\n<td>2022 &#8211; 2023<\/td>\n<\/tr>\n<tr>\n<th>Laborator(~oare)\u00a0:<\/th>\n<td><a href=\"https:\/\/ifa.usm.md\/?page_id=193\">Laboratorul de Optoelectronic\u0103 \u201cAndrei Andrie\u0219\u201d<\/a><\/td>\n<\/tr>\n<\/tbody>\n<\/table>\n<p><a id=\"pagetop\" name=\"pagetop\"><\/a><\/p>\n<p>Scopul acestui proiect este de a dezvolta o nou\u0103 tehnologie a structurilor nanocompozite pentru conversia up- \u015fi down- a energiei solare \u00een optoelectronic\u0103 \u015fi fotovoltaic\u0103 din polimeri \u015fi compu\u0219i coordinativi organici cu ioni trivalen\u0163i de p\u0103m\u00e2nturi rare (Eu, Yb).<\/p>\n<p>Scopul proiectului va fi atins prin cre\u015fterea \u00een continuare a sensibilit\u0103\u021bii \u015fi extinderea \u00een domeniile spectrale UV \u015fi NIR a r\u0103spunsului optic. Atingerea acestui obiectiv va fi posibil\u0103 explor\u00e2nd avantajele oferite de propriet\u0103\u021bile unice ale compu\u015filor organici cu p\u0103m\u00e2nturi rare binucleari (Eu-Eu) \u015fi heteronucleari (Eu-Yb) \u00eentr-o matrice polimeric\u0103.<\/p>\n<p>Finalizarea cu succes a proiectului va fi realizat\u0103 prin implementarea urm\u0103toarelor obiective:<\/p>\n<p>1. Dezvoltarea unei noi tehnologii pentru prepararea materialelor nanocompozite fotoluminescente din polimeri \u0219i compu\u015fi coordinativi.<\/p>\n<p>2. Caracterizarea compu\u015filor ob\u021binu\u021bi prin spectroscopie fotoluminescent\u0103, Raman, transmisie UV, VIS \u015fi NIR, precum \u015fi prin difrac\u021bie de raze X, AFM, microscopie SEM \u015fi TEM. Investiga\u021bie teoretic\u0103 \u015fi experimental\u0103 a mecanismului de transfer de energie din matricea polimeric\u0103 \u015fi de la liganzi c\u0103tre ionii binucleari \u015fi heteronucleari de p\u0103m\u00e2nturi rare.<\/p>\n<p>3. Dezvoltarea unui nou nanocompozit fotoluminescent pe bz\u0103 de ioni de p\u0103m\u00e2nturi rare binucleari (Eu-Eu) \u015fi heteronucleari (Eu-Yb) \u00eentr-o matrice polimeric\u0103 nanocristalin cu r\u0103spuns extins la spectrul UV \u015fi NIR \u015fi recoltare sporit\u0103 a luminii.<\/p>\n<p>&nbsp;<\/p>\n<div class=\"tabfield\">\n<p><strong>Executorii proiectului:<\/strong><\/p>\n<ol>\n<li><strong><a href=\"https:\/\/ifa.usm.md\/?page_id=1065\">Victor Verlan<\/a>,\u00a0<\/strong>dr., conf.<\/li>\n<li><strong><a href=\"https:\/\/ifa.usm.md\/?page_id=916\">Mihail Iovu<\/a>,\u00a0<\/strong>dr. hab., prof.<\/li>\n<li><strong>Vera Zubareva<\/strong>, dr., conf. (Institutul de Chimie)<\/li>\n<li><strong><a href=\"https:\/\/ifa.usm.md\/?page_id=873\">Ion Culeac<\/a>,\u00a0<\/strong>dr., conf.<\/li>\n<li><a href=\"https:\/\/ifa.usm.md\/?page_id=937\"><strong>Olga Bordian<\/strong><\/a><\/li>\n<li><a href=\"https:\/\/ifa.usm.md\/?page_id=844\"><strong>Evghenii Canarovschii<\/strong><\/a><\/li>\n<li><strong>Ecaterina Nirca<\/strong><\/li>\n<li><strong>Nicoleta Caimac<\/strong><\/li>\n<\/ol>\n<\/div>\n<p>&nbsp;<\/p>\n<p><strong>Rapoarte activitate:<\/strong><\/p>\n<table border=\"1\" cellspacing=\"1\" cellpadding=\"1\">\n<tbody>\n<tr>\n<td><a href=\"https:\/\/ifa.usm.md\/wp-content\/uploads\/2023\/02\/Verlan_MdBl_2022.pdf\">2022<\/a><\/td>\n<td>2023<\/td>\n<td>final<\/td>\n<\/tr>\n<\/tbody>\n<\/table>\n<p>&nbsp;","protected":false},"excerpt":{"rendered":"<p>Proiectul\u00a0ANCD 22.80013.5007.6BL\u00a0Materiale nanocompozite care con\u021bin complexe de p\u0103m\u00e2nturi rare pentru utilizare \u00een optoelectronic\u0103 \u0219i energie solar\u0103 Tip : Proiect interna\u021bional bilareral \u00een cadrul Acordului de cooperare \u0218tiin\u021bific\u0103 \u0219i Tehnic\u0103 \u00eentre Comitetul de Stat pentru \u0218tiin\u021b\u0103 \u0219i Tehnologie al Republicii Belarus \u0219i Agen\u021bia Na\u021bional\u0103 de Cercetare \u0219i Dezvoltare a Republicii Moldova Conduc\u0103tor : Victor Verlan, dr.&hellip; <br \/> <a class=\"read-more\" href=\"https:\/\/ifa.usm.md\/ro\/ancd-22-80013-5007-6bl\/\">Cite\u0219te mai mult<\/a><\/p>\n","protected":false},"author":1,"featured_media":0,"parent":0,"menu_order":0,"comment_status":"closed","ping_status":"closed","template":"","meta":{"footnotes":""},"folder":[9],"class_list":["post-587","page","type-page","status-publish","hentry"],"rttpg_featured_image_url":null,"rttpg_author":{"display_name":"","author_link":"https:\/\/ifa.usm.md\/ro\/author\/"},"rttpg_comment":0,"rttpg_category":" <a href=\"https:\/\/ifa.usm.md\/ro\/?taxonomy=folder&#038;term=projects-1684857661-2\" rel=\"tag\">projects<\/a>","rttpg_excerpt":"Proiectul\u00a0ANCD 22.80013.5007.6BL\u00a0Materiale nanocompozite care con\u021bin complexe de p\u0103m\u00e2nturi rare pentru utilizare \u00een optoelectronic\u0103 \u0219i energie solar\u0103 Tip : Proiect interna\u021bional bilareral \u00een cadrul Acordului de cooperare \u0218tiin\u021bific\u0103 \u0219i Tehnic\u0103 \u00eentre Comitetul de Stat pentru \u0218tiin\u021b\u0103 \u0219i Tehnologie al Republicii Belarus \u0219i Agen\u021bia Na\u021bional\u0103 de Cercetare \u0219i Dezvoltare a Republicii Moldova Conduc\u0103tor : Victor Verlan, dr.&hellip;&hellip;","_links":{"self":[{"href":"https:\/\/ifa.usm.md\/ro\/wp-json\/wp\/v2\/pages\/587","targetHints":{"allow":["GET"]}}],"collection":[{"href":"https:\/\/ifa.usm.md\/ro\/wp-json\/wp\/v2\/pages"}],"about":[{"href":"https:\/\/ifa.usm.md\/ro\/wp-json\/wp\/v2\/types\/page"}],"author":[{"embeddable":true,"href":"https:\/\/ifa.usm.md\/ro\/wp-json\/wp\/v2\/users\/1"}],"replies":[{"embeddable":true,"href":"https:\/\/ifa.usm.md\/ro\/wp-json\/wp\/v2\/comments?post=587"}],"version-history":[{"count":2,"href":"https:\/\/ifa.usm.md\/ro\/wp-json\/wp\/v2\/pages\/587\/revisions"}],"predecessor-version":[{"id":1483,"href":"https:\/\/ifa.usm.md\/ro\/wp-json\/wp\/v2\/pages\/587\/revisions\/1483"}],"wp:attachment":[{"href":"https:\/\/ifa.usm.md\/ro\/wp-json\/wp\/v2\/media?parent=587"}],"wp:term":[{"taxonomy":"folder","embeddable":true,"href":"https:\/\/ifa.usm.md\/ro\/wp-json\/wp\/v2\/folder?post=587"}],"curies":[{"name":"wp","href":"https:\/\/api.w.org\/{rel}","templated":true}]}}