{"id":636,"date":"2023-02-23T13:35:44","date_gmt":"2023-02-23T10:35:44","guid":{"rendered":"https:\/\/ifa.usm.md\/?page_id=636"},"modified":"2023-02-23T13:35:44","modified_gmt":"2023-02-23T10:35:44","slug":"cssdt-15-817-02-07f","status":"publish","type":"page","link":"https:\/\/ifa.usm.md\/ro\/cssdt-15-817-02-07f\/","title":{"rendered":"CSSDT 15.817.02.07F"},"content":{"rendered":"<table border=\"0\" align=\"center\">\n<tbody>\n<tr>\n<td colspan=\"2\">\n<h3>Proiectul\u00a0<strong>CSSDT 15.817.02.07F\u00a0<em>Efecte ale opticii \u0219i cineticii cuantice \u00een nanostructuri pentru informatic\u0103 \u0219i biofotonica avansat\u0103<\/em><\/strong><\/h3>\n<\/td>\n<\/tr>\n<tr>\n<th>Tip :<\/th>\n<td>Proiect institutional, finan\u021bat de CS\u0218DT, cu cifrul 15.817.02.07F, acronim &#8211; OPTICACUANTICA<\/td>\n<\/tr>\n<tr>\n<th>Conduc\u0103tor :<\/th>\n<td>dr. hab., prof. Nicolae Enachi<\/td>\n<\/tr>\n<tr>\n<th>Durata :<\/th>\n<td>2015 &#8211; 2019<\/td>\n<\/tr>\n<tr>\n<th>Laborator(~oare) :<\/th>\n<td>Laboratorul Optica Cuantic\u0103 \u0219i Procese Cinetice<\/td>\n<\/tr>\n<\/tbody>\n<\/table>\n<p>Dirijarea \u0219i detectarea st\u0103rilor cuantice a ansamblului de radiatori corela\u021bi (puncte cuantice, impurit\u0103\u021bi, atomi, nuclee, etc) la absorb\u021bie \u0219i emisie pot fi utilizate la procesarea \u0219i transmiterea optic\u0103 a informa\u021biei \u00een circuitele opticii integrate si bioinformatic\u0103. Procesarea cuantic\u0103 bazat\u0103 pe fenomenul corpuscular-ondulatoriu pentru modurile colective de oscila\u021bii \u00een interac\u021biune (atomi-fotoni, electron-fononi, rezonant\u0103 optic\u0103 \u0219i magnetic\u0103, plazmoni, etc) va duce la hibridizarea acestor subsisteme si utilizarea lor de mai departe in diverse echipamente optice cu o vasta aplicare \u00een tele-comunicare, securizarea informa\u021biei si bioinformatic\u0103.<\/p>\n<p>In baza efectelor deja existente in unele sisteme fizice ori biologice a fost dezvoltat\u0103 o noua metod\u0103 de eviden\u021biere a probabilitatilor evenimentelor cuantice (necesar\u0103 in informatica), prin studiul func\u021biilor de distribu\u021bie, entropiei, \u0219i concuren\u021bei cuantice. Baza acestor studii a fost axat\u0103 pe aplicarea no\u021biunilor de m\u0103sur\u0103 si etalon al corela\u021biilor de polarizare sau num\u0103r de particule (ori faz\u0103) la cuantificarea, transmiterea \u0219i dirijarea informa\u021biei cu un \u00eenalt grad de siguran\u021b\u0103, \u00een circuite optice integrate.<\/p>\n<p>Utilizarea cavit\u0103\u021bilor optice, cristalelor fotonice \u0219i fibrelor optice \u00een biomedicin\u0103 deschide modalit\u0103\u021bi noi de leg\u0103tur\u0103 dintre sistemele neorganice \u0219i biomolecule. De exemplu, contactul de suprafa\u021b\u0103 dintre implanturi \u0219i celule poate fi nu doar realizat dar \u0219i dirijat prin supraveghere \u0219i decontaminare cu UV, transmitere de informa\u021bie utiliz\u00e2nd structurile optice men\u021bionate mai sus. Structura cuantificat\u0103 a energiei cvasi-particulelor transmise de la un segment al ADN-ului la altul (sau la conexiunea microtuburilor proteice cuplate ale neuronilor) permite utilizarea no\u021biunii de func\u021bie de distribu\u021bie ori tomografie cuantic\u0103 a st\u0103rilor localizate \u00een aplicarea \u0219i dezvoltarea de mai departe a efectelor cuantice \u00een bioinformatic\u0103.<\/p>\n<p>Efectele cooperative din optica \u0219i materia condensat\u0103 pot sta la baza transmiterii \u0219i prelucr\u0103rii informa\u021biei de c\u0103tre \u021besutul celular prin zona intracelular\u0103. Dezvoltarea modelelor nelineare de superradian\u021b\u0103, feromagnetism \u0219i supraconductibilitate deschid posibilit\u0103\u021bi noi \u00een descrierea \u0219i diagnostica proceselor cooperative de colectivizare a ansamblului celular sub ac\u021biunea factorului extern transmis sub form\u0103 de pulsuri prin neuronii sistemului nervos c\u0103tre sinapse.","protected":false},"excerpt":{"rendered":"<p>Proiectul\u00a0CSSDT 15.817.02.07F\u00a0Efecte ale opticii \u0219i cineticii cuantice \u00een nanostructuri pentru informatic\u0103 \u0219i biofotonica avansat\u0103 Tip : Proiect institutional, finan\u021bat de CS\u0218DT, cu cifrul 15.817.02.07F, acronim &#8211; OPTICACUANTICA Conduc\u0103tor : dr. hab., prof. Nicolae Enachi Durata : 2015 &#8211; 2019 Laborator(~oare) : Laboratorul Optica Cuantic\u0103 \u0219i Procese Cinetice Dirijarea \u0219i detectarea st\u0103rilor cuantice a ansamblului de&hellip; <br \/> <a class=\"read-more\" href=\"https:\/\/ifa.usm.md\/ro\/cssdt-15-817-02-07f\/\">Cite\u0219te mai mult<\/a><\/p>\n","protected":false},"author":1,"featured_media":0,"parent":0,"menu_order":0,"comment_status":"closed","ping_status":"closed","template":"","meta":{"footnotes":""},"folder":[],"class_list":["post-636","page","type-page","status-publish","hentry"],"rttpg_featured_image_url":null,"rttpg_author":{"display_name":"","author_link":"https:\/\/ifa.usm.md\/ro\/author\/"},"rttpg_comment":0,"rttpg_category":false,"rttpg_excerpt":"Proiectul\u00a0CSSDT 15.817.02.07F\u00a0Efecte ale opticii \u0219i cineticii cuantice \u00een nanostructuri pentru informatic\u0103 \u0219i biofotonica avansat\u0103 Tip : Proiect institutional, finan\u021bat de CS\u0218DT, cu cifrul 15.817.02.07F, acronim &#8211; OPTICACUANTICA Conduc\u0103tor : dr. hab., prof. Nicolae Enachi Durata : 2015 &#8211; 2019 Laborator(~oare) : Laboratorul Optica Cuantic\u0103 \u0219i Procese Cinetice Dirijarea \u0219i detectarea st\u0103rilor cuantice a ansamblului de&hellip;&hellip;","_links":{"self":[{"href":"https:\/\/ifa.usm.md\/ro\/wp-json\/wp\/v2\/pages\/636","targetHints":{"allow":["GET"]}}],"collection":[{"href":"https:\/\/ifa.usm.md\/ro\/wp-json\/wp\/v2\/pages"}],"about":[{"href":"https:\/\/ifa.usm.md\/ro\/wp-json\/wp\/v2\/types\/page"}],"author":[{"embeddable":true,"href":"https:\/\/ifa.usm.md\/ro\/wp-json\/wp\/v2\/users\/1"}],"replies":[{"embeddable":true,"href":"https:\/\/ifa.usm.md\/ro\/wp-json\/wp\/v2\/comments?post=636"}],"version-history":[{"count":1,"href":"https:\/\/ifa.usm.md\/ro\/wp-json\/wp\/v2\/pages\/636\/revisions"}],"predecessor-version":[{"id":637,"href":"https:\/\/ifa.usm.md\/ro\/wp-json\/wp\/v2\/pages\/636\/revisions\/637"}],"wp:attachment":[{"href":"https:\/\/ifa.usm.md\/ro\/wp-json\/wp\/v2\/media?parent=636"}],"wp:term":[{"taxonomy":"folder","embeddable":true,"href":"https:\/\/ifa.usm.md\/ro\/wp-json\/wp\/v2\/folder?post=636"}],"curies":[{"name":"wp","href":"https:\/\/api.w.org\/{rel}","templated":true}]}}