{"id":638,"date":"2023-02-23T13:36:16","date_gmt":"2023-02-23T10:36:16","guid":{"rendered":"https:\/\/ifa.usm.md\/?page_id=638"},"modified":"2023-02-23T13:36:16","modified_gmt":"2023-02-23T10:36:16","slug":"cssdt-15-817-02-08f","status":"publish","type":"page","link":"https:\/\/ifa.usm.md\/ro\/cssdt-15-817-02-08f\/","title":{"rendered":"CSSDT 15.817.02.08F"},"content":{"rendered":"<table border=\"0\" align=\"center\">\n<tbody>\n<tr>\n<td colspan=\"2\">\n<h3>Proiectul\u00a0<strong>CSSDT 15.817.02.08F\u00a0<em>Metode cuantice, statistice \u0219i cinetice pentru studiul sistemelor cu multe particule. Aplica\u021bii la materia condensat\u0103 \u0219i nuclear\u0103<\/em><\/strong><\/h3>\n<\/td>\n<\/tr>\n<tr>\n<th>Tip :<\/th>\n<td>Proiect institutional, finan\u021bat de CS\u0218DT, cu cifrul 15.817.02.08F, acronim &#8211; MECUSTCI<\/td>\n<\/tr>\n<tr>\n<th>Conduc\u0103tor :<\/th>\n<td>dr. Mircea Baznat<\/td>\n<\/tr>\n<tr>\n<th>Durata :<\/th>\n<td>2015 &#8211; 2019<\/td>\n<\/tr>\n<tr>\n<th>Laborator(~oare) :<\/th>\n<td>Laboratorul Fizica Teoretic\u0103 \u201cVsevolod Moscalenco\u201d<\/td>\n<\/tr>\n<\/tbody>\n<\/table>\n<p>\u00cen proiect au fost dezvoltate \u00een continuare metode noi teoretice de descriere a sistemelor electronice puternic corelate. Se are \u00een vedere generalizarea teoremei lui Wick propus\u0103 de unul din autorii proiectului \u00een 1990 \u0219i publicat\u0103 \u00een revista TMF. Ea con\u021bine elemente noi de tipul cumulan\u021bilor lui Kubo, func\u021bii ireductibile \u0219i func\u021bii corelative. O generalizare analogic\u0103 a fost propus\u0103 de Metzner \u00een PRB. \u00een baza acestor idei noi au fost studiate modelele de baz\u0103 cum ar fi modelele Hubbard \u0219i Anderson c\u00e2t \u0219i cel a lui Holstein, care descriu interac\u021biunile electronic\u0103 cu vibra\u021biile re\u021belei cristaline. \u00cen proiect a fost studiat\u0103 dinamica norilor de fononi ce \u00eenconjoar\u0103 polaronii puternic corela\u021bi \u00een cadrul modelelor Anderson-Holstein, au fost formulate ecua\u021biile de baz\u0103 ale st\u0103rii de neechilibru a modelului Anderson. A fost investigat modelul Anderson cu dou\u0103 centre de impurit\u0103\u021bi puternic corelate, ceea ce duce la schimbul de fluctua\u021bii cuantice \u0219i la renormalizarea interac\u021biunii lor. A fost generalizat\u0103 tehnica diagramatic\u0103 a lui Keldysh care descrie procesele de neechilibru \u00een presen\u021ba corela\u021biilor puternice.<\/p>\n<p>A fost dezvoltat modelul Hubbard perfec\u021bionat care descrie sistemele supraconductibile cvazibidimensionale cu dou\u0103 benzi, lu\u00e2nd \u00een considera\u021bie abaterea distribuirii electronilor de la mijlocul benzii c\u00e2t \u0219i prezen\u021ba perechilor Cooper \u0219i anizotropia spectrului energetic. A fost elaborat\u0103 teoria tranzi\u021biilor de faz\u0103 inclusiv tranzi\u021bia dielectric-semimetal legat\u0103 cu procesele de \u00eempr\u0103\u0219tiere umklap, au fost determina\u021bi paramerii care \u00eempreun\u0103 cu deforma\u021bia suprafe\u021bei Fermi aduc la formarea st\u0103rii mixte a undei densit\u0103\u021bii de spin \u0219i a supraconductibilit\u0103\u021bii, la valori maximale ale temperaturii de tranzi\u021bie \u00een stare de supraconductibilitate a sistemului magnetic \u0219i determin\u0103 dependen\u021ba unor caracteristici fizice de temperatur\u0103 \u0219i de concentra\u021bia impurit\u0103\u021bilor.<\/p>\n<p>A fost dezvoltat \u00een continuare modelul cu strune quark-gluonice elaborat pentru studierea reac\u021biilor nucleare ini\u021biate de hadroni \u0219i ioni grei la energii intermediare \u0219i relativiste. Codurile de calcul au fost extinse pentru a lua \u00een calcul efecte noi ale materiei nucleare create la ciocnirile ionilor grei la densit\u0103\u021bi \u0219i temperaturi extremale c\u00e2nd se formeaz\u0103 condi\u021bii de tranzi\u021bii de faz\u0103 \u00een starea de plasm\u0103 quark-gluonic\u0103, c\u00e2nd apar efecte hidrodinamice de tip vorticity \u0219i helicity c\u00e2t \u0219i polarizarea particulelor nou create. Rezultatele ob\u021binute au fost comparate cu datele experimentale.","protected":false},"excerpt":{"rendered":"<p>Proiectul\u00a0CSSDT 15.817.02.08F\u00a0Metode cuantice, statistice \u0219i cinetice pentru studiul sistemelor cu multe particule. Aplica\u021bii la materia condensat\u0103 \u0219i nuclear\u0103 Tip : Proiect institutional, finan\u021bat de CS\u0218DT, cu cifrul 15.817.02.08F, acronim &#8211; MECUSTCI Conduc\u0103tor : dr. Mircea Baznat Durata : 2015 &#8211; 2019 Laborator(~oare) : Laboratorul Fizica Teoretic\u0103 \u201cVsevolod Moscalenco\u201d \u00cen proiect au fost dezvoltate \u00een continuare&hellip; <br \/> <a class=\"read-more\" href=\"https:\/\/ifa.usm.md\/ro\/cssdt-15-817-02-08f\/\">Cite\u0219te mai mult<\/a><\/p>\n","protected":false},"author":1,"featured_media":0,"parent":0,"menu_order":0,"comment_status":"closed","ping_status":"closed","template":"","meta":{"footnotes":""},"folder":[],"class_list":["post-638","page","type-page","status-publish","hentry"],"rttpg_featured_image_url":null,"rttpg_author":{"display_name":"","author_link":"https:\/\/ifa.usm.md\/ro\/author\/"},"rttpg_comment":0,"rttpg_category":false,"rttpg_excerpt":"Proiectul\u00a0CSSDT 15.817.02.08F\u00a0Metode cuantice, statistice \u0219i cinetice pentru studiul sistemelor cu multe particule. Aplica\u021bii la materia condensat\u0103 \u0219i nuclear\u0103 Tip : Proiect institutional, finan\u021bat de CS\u0218DT, cu cifrul 15.817.02.08F, acronim &#8211; MECUSTCI Conduc\u0103tor : dr. Mircea Baznat Durata : 2015 &#8211; 2019 Laborator(~oare) : Laboratorul Fizica Teoretic\u0103 \u201cVsevolod Moscalenco\u201d \u00cen proiect au fost dezvoltate \u00een continuare&hellip;&hellip;","_links":{"self":[{"href":"https:\/\/ifa.usm.md\/ro\/wp-json\/wp\/v2\/pages\/638","targetHints":{"allow":["GET"]}}],"collection":[{"href":"https:\/\/ifa.usm.md\/ro\/wp-json\/wp\/v2\/pages"}],"about":[{"href":"https:\/\/ifa.usm.md\/ro\/wp-json\/wp\/v2\/types\/page"}],"author":[{"embeddable":true,"href":"https:\/\/ifa.usm.md\/ro\/wp-json\/wp\/v2\/users\/1"}],"replies":[{"embeddable":true,"href":"https:\/\/ifa.usm.md\/ro\/wp-json\/wp\/v2\/comments?post=638"}],"version-history":[{"count":1,"href":"https:\/\/ifa.usm.md\/ro\/wp-json\/wp\/v2\/pages\/638\/revisions"}],"predecessor-version":[{"id":639,"href":"https:\/\/ifa.usm.md\/ro\/wp-json\/wp\/v2\/pages\/638\/revisions\/639"}],"wp:attachment":[{"href":"https:\/\/ifa.usm.md\/ro\/wp-json\/wp\/v2\/media?parent=638"}],"wp:term":[{"taxonomy":"folder","embeddable":true,"href":"https:\/\/ifa.usm.md\/ro\/wp-json\/wp\/v2\/folder?post=638"}],"curies":[{"name":"wp","href":"https:\/\/api.w.org\/{rel}","templated":true}]}}