{"id":711,"date":"2023-02-24T11:47:35","date_gmt":"2023-02-24T08:47:35","guid":{"rendered":"https:\/\/ifa.usm.md\/?page_id=711"},"modified":"2023-02-24T11:47:35","modified_gmt":"2023-02-24T08:47:35","slug":"cssdt-18-80012-50-33a","status":"publish","type":"page","link":"https:\/\/ifa.usm.md\/ro\/cssdt-18-80012-50-33a\/","title":{"rendered":"CSSDT 18.80012.50.33A"},"content":{"rendered":"<table border=\"0\" align=\"center\">\n<tbody>\n<tr>\n<td colspan=\"2\">\n<h3>Proiectul\u00a0<strong>CSSDT 18.80012.50.33A\u00a0<em>Diagnoza biomoleculelor folosind interac\u021biunea Raman a luminii<\/em><\/strong><\/h3>\n<\/td>\n<\/tr>\n<tr>\n<th>Tip :<\/th>\n<td>Proiect pentru tineri cercet\u0103tori, cod CSSDT 18.80012.50.33A<\/td>\n<\/tr>\n<tr>\n<th>Conduc\u0103tor :<\/th>\n<td>Marina \u021aurcan, dr.<\/td>\n<\/tr>\n<tr>\n<th>Durata :<\/th>\n<td>2018 &#8211; 2019<\/td>\n<\/tr>\n<tr>\n<th>Laborator(~oare) :<\/th>\n<td>Laboratorul Optica Cuantic\u0103 \u0219i Procese Cinetice<\/td>\n<\/tr>\n<\/tbody>\n<\/table>\n<p>Obiectivele proiectului:<\/p>\n<ul>\n<li>Eveden\u021bierea propriet\u0103\u021bilor fizice ale bioparticulelor (molecule, fragmente ADN, viru\u0219i sau bacterii) localizate \u00een c\u00e2mpul evanescent al unei fibre optice sau set de fibre optice. Aplicarea acestor propriet\u0103\u021bi la diagnosticarea biomoleculelor.<\/li>\n<li>Diagnosticarea biomoleculelor cu ajutorul statisticii fotonilor. Ob\u021binerea corela\u021biilor dintre statistica fotonilor Stokes \u0219i anti-Stokes \u00een procesul de interac\u021biune Raman \u0219i hyper-Raman. Aceast\u0103 corela\u021bie con\u021bine aspect de grupare \u0219i coerentizare dintre cuantele de lumin\u0103 \u00een ambele procese de emisie.<\/li>\n<li>Estimarea intensit\u0103\u021bii luminii \u00een zona de evanescen\u021b\u0103 a biomaterialelor. Elaborarea noilor modele de dirijare \u0219i control a mai multor biomolecule utiliz\u00e2nd rezonan\u021ba dintre frecven\u021ba proprie a biomoleculei \u0219i diferen\u021ba de frecven\u021b\u0103 dintre pompaj \u0219i modul Stokes.<\/li>\n<li>Ob\u021binerea rela\u021biei pentru concentra\u021bia fotonilor \u00een dependen\u021b\u0103 de timp, pe starea \u00een care se va afla bioparticula (ansamblu de bioparticule).<\/li>\n<\/ul>","protected":false},"excerpt":{"rendered":"<p>Proiectul\u00a0CSSDT 18.80012.50.33A\u00a0Diagnoza biomoleculelor folosind interac\u021biunea Raman a luminii Tip : Proiect pentru tineri cercet\u0103tori, cod CSSDT 18.80012.50.33A Conduc\u0103tor : Marina \u021aurcan, dr. Durata : 2018 &#8211; 2019 Laborator(~oare) : Laboratorul Optica Cuantic\u0103 \u0219i Procese Cinetice Obiectivele proiectului: Eveden\u021bierea propriet\u0103\u021bilor fizice ale bioparticulelor (molecule, fragmente ADN, viru\u0219i sau bacterii) localizate \u00een c\u00e2mpul evanescent al unei fibre&hellip; <br \/> <a class=\"read-more\" href=\"https:\/\/ifa.usm.md\/ro\/cssdt-18-80012-50-33a\/\">Cite\u0219te mai mult<\/a><\/p>\n","protected":false},"author":1,"featured_media":0,"parent":0,"menu_order":0,"comment_status":"closed","ping_status":"closed","template":"","meta":{"footnotes":""},"folder":[],"class_list":["post-711","page","type-page","status-publish","hentry"],"rttpg_featured_image_url":null,"rttpg_author":{"display_name":"","author_link":"https:\/\/ifa.usm.md\/ro\/author\/"},"rttpg_comment":0,"rttpg_category":false,"rttpg_excerpt":"Proiectul\u00a0CSSDT 18.80012.50.33A\u00a0Diagnoza biomoleculelor folosind interac\u021biunea Raman a luminii Tip : Proiect pentru tineri cercet\u0103tori, cod CSSDT 18.80012.50.33A Conduc\u0103tor : Marina \u021aurcan, dr. Durata : 2018 &#8211; 2019 Laborator(~oare) : Laboratorul Optica Cuantic\u0103 \u0219i Procese Cinetice Obiectivele proiectului: Eveden\u021bierea propriet\u0103\u021bilor fizice ale bioparticulelor (molecule, fragmente ADN, viru\u0219i sau bacterii) localizate \u00een c\u00e2mpul evanescent al unei fibre&hellip;&hellip;","_links":{"self":[{"href":"https:\/\/ifa.usm.md\/ro\/wp-json\/wp\/v2\/pages\/711","targetHints":{"allow":["GET"]}}],"collection":[{"href":"https:\/\/ifa.usm.md\/ro\/wp-json\/wp\/v2\/pages"}],"about":[{"href":"https:\/\/ifa.usm.md\/ro\/wp-json\/wp\/v2\/types\/page"}],"author":[{"embeddable":true,"href":"https:\/\/ifa.usm.md\/ro\/wp-json\/wp\/v2\/users\/1"}],"replies":[{"embeddable":true,"href":"https:\/\/ifa.usm.md\/ro\/wp-json\/wp\/v2\/comments?post=711"}],"version-history":[{"count":1,"href":"https:\/\/ifa.usm.md\/ro\/wp-json\/wp\/v2\/pages\/711\/revisions"}],"predecessor-version":[{"id":712,"href":"https:\/\/ifa.usm.md\/ro\/wp-json\/wp\/v2\/pages\/711\/revisions\/712"}],"wp:attachment":[{"href":"https:\/\/ifa.usm.md\/ro\/wp-json\/wp\/v2\/media?parent=711"}],"wp:term":[{"taxonomy":"folder","embeddable":true,"href":"https:\/\/ifa.usm.md\/ro\/wp-json\/wp\/v2\/folder?post=711"}],"curies":[{"name":"wp","href":"https:\/\/api.w.org\/{rel}","templated":true}]}}