{"id":713,"date":"2023-02-24T12:37:45","date_gmt":"2023-02-24T09:37:45","guid":{"rendered":"https:\/\/ifa.usm.md\/?page_id=713"},"modified":"2023-02-24T12:37:45","modified_gmt":"2023-02-24T09:37:45","slug":"ancd-18-80013-16-02-01-era-net","status":"publish","type":"page","link":"https:\/\/ifa.usm.md\/ro\/ancd-18-80013-16-02-01-era-net\/","title":{"rendered":"ANCD 18.80013.16.02.01\/ERA.Net"},"content":{"rendered":"<table border=\"0\" align=\"center\">\n<tbody>\n<tr>\n<td colspan=\"2\">\n<h3>Proiectul\u00a0<strong>ANCD 18.80013.16.02.01\/ERA.Net\u00a0<em>Dezvoltarea unei metode de \u00eembun\u0103t\u0103\u021bire a propriet\u0103\u021bilor materialelor prin combinarea deform\u0103rii plastice \u00een volum \u0219i la suprafa\u021b\u0103<\/em><\/strong><\/h3>\n<\/td>\n<\/tr>\n<tr>\n<th>Tip :<\/th>\n<td>Proiect interna\u021bional \u00een cadrul Programului ERA.Net Rus Plus, ID: RUS_ST 2017-359. Acronim: BULKSURFACE<\/td>\n<\/tr>\n<tr>\n<th>Conduc\u0103tor :<\/th>\n<td>Daria Grabco, prof.<\/td>\n<\/tr>\n<tr>\n<th>Durata :<\/th>\n<td>2018 &#8211; 2020<\/td>\n<\/tr>\n<tr>\n<th>Laborator(~oare) :<\/th>\n<td>Laboratorul Propriet\u0103\u021bi Mecanice ale Materialelor \u201cIulia Boiarskaia\u201d<\/td>\n<\/tr>\n<\/tbody>\n<\/table>\n<p>Obiectivele proiectului:<\/p>\n<ol>\n<li>Obiectivul \u0219tiin\u021bific al proiectului propus a fost de a elabora noi ecua\u021bii constitutive pentru cele trei procese diferite de deformare plastic\u0103 sever\u0103: metoda de presare unghiular\u0103 cu canal egal, frecare \u0219i nanomicroindentare.<\/li>\n<li>Obiectivul practic al prezentului proiect a fost de a dezvolta (folosind ecua\u021biile constitutive propuse) tehnologia de ob\u021binere a probelor supuse deform\u0103rii plastice severe \u00een volum cu tratament ulterior de suprafa\u021b\u0103 pentru a crea un gradient de nanostructur\u0103 a materialului din apropierea suprafe\u021bei probei.<\/li>\n<li>Importan\u021ba cercet\u0103rii propuse a constat \u00een utilizarea rezultatelor pentru ob\u021binerea caracteristicilor mecanice \u00eembun\u0103t\u0103\u021bite necesare ale implanturilor dentare din o\u021bel anticoroziv AISI 316L de \u00eenalt\u0103 calitate.<\/li>\n<\/ol>\n<p><label for=\"t1\"><b>Raport de activitate<\/b><\/label><\/p>\n<p><a href=\"https:\/\/ifa.usm.md\/wp-content\/uploads\/2023\/02\/EraNet-Grabco-2018-2020.pdf\">Raport final privind executarea proiectului<\/a>","protected":false},"excerpt":{"rendered":"<p>Proiectul\u00a0ANCD 18.80013.16.02.01\/ERA.Net\u00a0Dezvoltarea unei metode de \u00eembun\u0103t\u0103\u021bire a propriet\u0103\u021bilor materialelor prin combinarea deform\u0103rii plastice \u00een volum \u0219i la suprafa\u021b\u0103 Tip : Proiect interna\u021bional \u00een cadrul Programului ERA.Net Rus Plus, ID: RUS_ST 2017-359. Acronim: BULKSURFACE Conduc\u0103tor : Daria Grabco, prof. Durata : 2018 &#8211; 2020 Laborator(~oare) : Laboratorul Propriet\u0103\u021bi Mecanice ale Materialelor \u201cIulia Boiarskaia\u201d Obiectivele proiectului: Obiectivul&hellip; <br \/> <a class=\"read-more\" href=\"https:\/\/ifa.usm.md\/ro\/ancd-18-80013-16-02-01-era-net\/\">Cite\u0219te mai mult<\/a><\/p>\n","protected":false},"author":1,"featured_media":0,"parent":0,"menu_order":0,"comment_status":"closed","ping_status":"closed","template":"","meta":{"footnotes":""},"folder":[],"class_list":["post-713","page","type-page","status-publish","hentry"],"rttpg_featured_image_url":null,"rttpg_author":{"display_name":"","author_link":"https:\/\/ifa.usm.md\/ro\/author\/"},"rttpg_comment":0,"rttpg_category":false,"rttpg_excerpt":"Proiectul\u00a0ANCD 18.80013.16.02.01\/ERA.Net\u00a0Dezvoltarea unei metode de \u00eembun\u0103t\u0103\u021bire a propriet\u0103\u021bilor materialelor prin combinarea deform\u0103rii plastice \u00een volum \u0219i la suprafa\u021b\u0103 Tip : Proiect interna\u021bional \u00een cadrul Programului ERA.Net Rus Plus, ID: RUS_ST 2017-359. Acronim: BULKSURFACE Conduc\u0103tor : Daria Grabco, prof. Durata : 2018 &#8211; 2020 Laborator(~oare) : Laboratorul Propriet\u0103\u021bi Mecanice ale Materialelor \u201cIulia Boiarskaia\u201d Obiectivele proiectului: Obiectivul&hellip;&hellip;","_links":{"self":[{"href":"https:\/\/ifa.usm.md\/ro\/wp-json\/wp\/v2\/pages\/713","targetHints":{"allow":["GET"]}}],"collection":[{"href":"https:\/\/ifa.usm.md\/ro\/wp-json\/wp\/v2\/pages"}],"about":[{"href":"https:\/\/ifa.usm.md\/ro\/wp-json\/wp\/v2\/types\/page"}],"author":[{"embeddable":true,"href":"https:\/\/ifa.usm.md\/ro\/wp-json\/wp\/v2\/users\/1"}],"replies":[{"embeddable":true,"href":"https:\/\/ifa.usm.md\/ro\/wp-json\/wp\/v2\/comments?post=713"}],"version-history":[{"count":1,"href":"https:\/\/ifa.usm.md\/ro\/wp-json\/wp\/v2\/pages\/713\/revisions"}],"predecessor-version":[{"id":721,"href":"https:\/\/ifa.usm.md\/ro\/wp-json\/wp\/v2\/pages\/713\/revisions\/721"}],"wp:attachment":[{"href":"https:\/\/ifa.usm.md\/ro\/wp-json\/wp\/v2\/media?parent=713"}],"wp:term":[{"taxonomy":"folder","embeddable":true,"href":"https:\/\/ifa.usm.md\/ro\/wp-json\/wp\/v2\/folder?post=713"}],"curies":[{"name":"wp","href":"https:\/\/api.w.org\/{rel}","templated":true}]}}