{"id":725,"date":"2023-02-24T12:42:57","date_gmt":"2023-02-24T09:42:57","guid":{"rendered":"https:\/\/ifa.usm.md\/?page_id=725"},"modified":"2023-02-24T12:42:57","modified_gmt":"2023-02-24T09:42:57","slug":"ancd-19-80013-50-07-04a-bl","status":"publish","type":"page","link":"https:\/\/ifa.usm.md\/ro\/ancd-19-80013-50-07-04a-bl\/","title":{"rendered":"ANCD 19.80013.50.07.04A\/BL"},"content":{"rendered":"<table border=\"0\" align=\"center\">\n<tbody>\n<tr>\n<td colspan=\"2\">\n<h3>Proiectul\u00a0<strong>ANCD 19.80013.50.07.04A\/BL\u00a0<em>Designul \u0219i dezvoltarea elementelor optice de difrac\u021bie de tip \u201dvortex\u201d pe straturi sub\u021biri de azopolimeri pentru aplica\u021bii \u00een biomedicin\u0103<\/em><\/strong><\/h3>\n<\/td>\n<\/tr>\n<tr>\n<th>Tip :<\/th>\n<td>Proiect interna\u021bional bilateral, finan\u021bat de Agen\u021bia Na\u021bional\u0103 pentru Cercetare \u0219i Dezvoltare a Rebublicii Moldova \u0219i Comitetul de Stat pentru Stiin\u021b\u0103 \u0219i Tehnologie al Republicii Belarus<\/td>\n<\/tr>\n<tr>\n<th>Conduc\u0103tor :<\/th>\n<td>Elena Achimova, dr.<\/td>\n<\/tr>\n<tr>\n<th>Durata :<\/th>\n<td>2019 &#8211; 2020<\/td>\n<\/tr>\n<tr>\n<th>Laborator(~oare) :<\/th>\n<td>Laboratorul Materiale pentru Fotovoltaic\u0103 \u0219i Fotonic\u0103<\/td>\n<\/tr>\n<\/tbody>\n<\/table>\n<p><strong>Scopul general\u00a0<\/strong>al proiectului a fost ingineria elementelor optice de tip vortex prin \u00eenregistrare laser direct\u0103 \u0219i investigarea caracteristicilor de polarizare ale acestor elemente.\u00a0\u00a0\u00a0<strong>\u00a0<\/strong><\/p>\n<p>\u00cen rezultatul execut\u0103rii proiectului au fost dezvoltate<strong>\u00a0<\/strong>medii noi de \u00eenregistrare holografic\u0103 bazate pe azopolimeri organici, metode de \u00eenregistrare cu formarea direct\u0103 a reliefului \u0219i elaborate elemente optice pentru optica digital\u0103 de diferite tipuri de vortex-uri \u021bin\u00e2nd cont de componenta de polarizare a c\u00e2mpului electric.<\/p>\n<p><strong>Obiectivele proiectului<\/strong>:<\/p>\n<p>1. Proiectarea de elemente optice digitale de diferite tipuri de vortex-uri optice \u021bin\u00e2nd cont de componentele de polarizare ale c\u00e2mpului electric.<\/p>\n<p>2. Elaborarea tehnologiei de \u00eenregistrare holografic\u0103 polarizat\u0103 \u00een medii pe baz\u0103 de azopolimeri organici.<\/p>\n<p>3. \u00cenregistrarea elementelor de difrac\u021bie care formeaz\u0103 vortex-uri optice \u0219i analiza polariz\u0103rii \u0219i fazei lor.<\/p>\n<p>Optica de polarizare asociat\u0103 cu tehnicile de corelare \u0219i optica-Fourier are o sensibilitate ridicat\u0103 \u0219i poate fi aplicat\u0103 la detectarea \u0219i recunoa\u0219tera detaliilor obiectelor ce impr\u0103\u0219tie lumina sau au o vizibilitate redus\u0103. Vortex-urile sunt componente de polarizare sofisticate, care creaz\u0103 o distribu\u021bie specific\u0103 a polariz\u0103rii, \u021bin\u00e2nd cont de direc\u021bia polariz\u0103rii luminii incidente. Vortexul are proprietatea de a converti fasciculul laser ce are form\u0103 Gaussian\u0103 \u00een fascicule cu forma unui \u201cdonut\u201d. Datorit\u0103 acestei caracteristici a fasciculului de lumin\u0103 transformat, acesta poate fi folosit \u00een calitate de penset\u0103 optic\u0103 pentru studiul celulelor biologice sau pentru manipularea\/captarea nanoparticulelor. Hologramele digitale create de MSL vor fi utilizate pentru a transforma fasciculul laser \u00eentr-o form\u0103 Laguerre-Gaussian\u0103 pentru prelucrarea optic\u0103 a imaginii.<\/p>\n<p>&nbsp;<\/p>\n<p><label for=\"t1\"><b>Raport de activitate<\/b><\/label><\/p>\n<div class=\"tabfield\">\n<p><a href=\"https:\/\/ifa.usm.md\/wp-content\/uploads\/2023\/02\/MdBl-Achimova-2019-2020.pdf\">Raport final privind executarea proiectului<\/a><\/p>\n<\/div>","protected":false},"excerpt":{"rendered":"<p>Proiectul\u00a0ANCD 19.80013.50.07.04A\/BL\u00a0Designul \u0219i dezvoltarea elementelor optice de difrac\u021bie de tip \u201dvortex\u201d pe straturi sub\u021biri de azopolimeri pentru aplica\u021bii \u00een biomedicin\u0103 Tip : Proiect interna\u021bional bilateral, finan\u021bat de Agen\u021bia Na\u021bional\u0103 pentru Cercetare \u0219i Dezvoltare a Rebublicii Moldova \u0219i Comitetul de Stat pentru Stiin\u021b\u0103 \u0219i Tehnologie al Republicii Belarus Conduc\u0103tor : Elena Achimova, dr. Durata : 2019&hellip; <br \/> <a class=\"read-more\" href=\"https:\/\/ifa.usm.md\/ro\/ancd-19-80013-50-07-04a-bl\/\">Cite\u0219te mai mult<\/a><\/p>\n","protected":false},"author":1,"featured_media":0,"parent":0,"menu_order":0,"comment_status":"closed","ping_status":"closed","template":"","meta":{"footnotes":""},"folder":[],"class_list":["post-725","page","type-page","status-publish","hentry"],"rttpg_featured_image_url":null,"rttpg_author":{"display_name":"","author_link":"https:\/\/ifa.usm.md\/ro\/author\/"},"rttpg_comment":0,"rttpg_category":false,"rttpg_excerpt":"Proiectul\u00a0ANCD 19.80013.50.07.04A\/BL\u00a0Designul \u0219i dezvoltarea elementelor optice de difrac\u021bie de tip \u201dvortex\u201d pe straturi sub\u021biri de azopolimeri pentru aplica\u021bii \u00een biomedicin\u0103 Tip : Proiect interna\u021bional bilateral, finan\u021bat de Agen\u021bia Na\u021bional\u0103 pentru Cercetare \u0219i Dezvoltare a Rebublicii Moldova \u0219i Comitetul de Stat pentru Stiin\u021b\u0103 \u0219i Tehnologie al Republicii Belarus Conduc\u0103tor : Elena Achimova, dr. Durata : 2019&hellip;&hellip;","_links":{"self":[{"href":"https:\/\/ifa.usm.md\/ro\/wp-json\/wp\/v2\/pages\/725","targetHints":{"allow":["GET"]}}],"collection":[{"href":"https:\/\/ifa.usm.md\/ro\/wp-json\/wp\/v2\/pages"}],"about":[{"href":"https:\/\/ifa.usm.md\/ro\/wp-json\/wp\/v2\/types\/page"}],"author":[{"embeddable":true,"href":"https:\/\/ifa.usm.md\/ro\/wp-json\/wp\/v2\/users\/1"}],"replies":[{"embeddable":true,"href":"https:\/\/ifa.usm.md\/ro\/wp-json\/wp\/v2\/comments?post=725"}],"version-history":[{"count":1,"href":"https:\/\/ifa.usm.md\/ro\/wp-json\/wp\/v2\/pages\/725\/revisions"}],"predecessor-version":[{"id":727,"href":"https:\/\/ifa.usm.md\/ro\/wp-json\/wp\/v2\/pages\/725\/revisions\/727"}],"wp:attachment":[{"href":"https:\/\/ifa.usm.md\/ro\/wp-json\/wp\/v2\/media?parent=725"}],"wp:term":[{"taxonomy":"folder","embeddable":true,"href":"https:\/\/ifa.usm.md\/ro\/wp-json\/wp\/v2\/folder?post=725"}],"curies":[{"name":"wp","href":"https:\/\/api.w.org\/{rel}","templated":true}]}}