{"id":731,"date":"2023-02-24T12:49:10","date_gmt":"2023-02-24T09:49:10","guid":{"rendered":"https:\/\/ifa.usm.md\/?page_id=731"},"modified":"2023-02-24T12:49:10","modified_gmt":"2023-02-24T09:49:10","slug":"ancd-19-80013-50-07-06a-bl","status":"publish","type":"page","link":"https:\/\/ifa.usm.md\/ro\/ancd-19-80013-50-07-06a-bl\/","title":{"rendered":"ANCD 19.80013.50.07.06A\/BL"},"content":{"rendered":"<table border=\"0\" align=\"center\">\n<tbody>\n<tr>\n<td colspan=\"2\">\n<h3>Proiectul\u00a0<strong>ANCD 19.80013.50.07.06A\/BL\u00a0<em>Tehnologie de sintetizare a carburilor \u0219i a nanostructurilor la alierea prin sc\u00e2ntei electrice cu electrozi din grafit, Ti \u0219i W \u0219i studierea influen\u021bei lor asupra propriet\u0103\u021bilor suprafe\u021belor metalice<\/em><\/strong><\/h3>\n<\/td>\n<\/tr>\n<tr>\n<th>Tip :<\/th>\n<td>Proiect interna\u021bional bilateral, finan\u021bat de Agen\u021bia Na\u021bional\u0103 pentru Cercetare \u0219i Dezvoltare a Rebublicii Moldova \u0219i Comitetul de Stat pentru Stiin\u021b\u0103 \u0219i Tehnologie al Republicii Belarus<\/td>\n<\/tr>\n<tr>\n<th>Conduc\u0103tor :<\/th>\n<td>Valentin Mihailov, dr.<\/td>\n<\/tr>\n<tr>\n<th>Durata :<\/th>\n<td>2019 &#8211; 2020<\/td>\n<\/tr>\n<tr>\n<th>Laborator(~oare) :<\/th>\n<td>Laboratorul Metode Electrofizice \u0219i Electrochimice de Prelucrare a Materialelor \u201cBoris Lazarenko\u201d<\/td>\n<\/tr>\n<\/tbody>\n<\/table>\n<p>1. Elaborarea procesului tehnologic de aliere prin scantei electrice a suprafe\u021belor metalice cu electrozi din titan, wolfram \u0219i grafit \u00een vederea ob\u021binerii \u00een straturile superficiale ale metalelor de carburi \u0219i a fazelor nanostructurate;<\/p>\n<p>2. Elaborarea \u0219i confec\u021bionarea machetelor experimentale a generatoarelor de impulsuri electruice \u0219i a aplicatoareloer de realizare a procesului cu posibilit\u0103\u021bi de variere \u00eentr-un diapazon larg a regimurilor energetice \u0219i tehnologice;<\/p>\n<p>3. Stabilirea legit\u0103\u021bilor procesului alierii prin sc\u00e2ntei electrice cu electrozi din titan, wolfram \u0219i grafit \u0219i optimizarea parametrilor energetici (energia desc\u0103rc\u0103rilor \u00een impuls, frecven\u021ba \u0219i durata acestora) \u0219i tehnologici (forma mi\u0219c\u0103rii electrozilor: vibra\u021bii sau rota\u021bii) \u00een vederea ob\u021binerii acoperirilor cu propriet\u0103\u021bi fizico-mecanice \u00eenalte;<\/p>\n<p>4. Studiul transform\u0103rilor structurale \u0219i de faz\u0103 \u00een straturile superficiale formate \u00een procesul alierii prin sc\u00e2ntei electrice cu electrozi din titan, wolfram \u0219i grafit;<\/p>\n<p>5. Studierea propriet\u0103\u021bilor fizico-mecanice a straturilor formate la alierea prin sc\u00e2ntei electrice cu electrozi din titan, wolfram \u0219i grafit: a) duritatea \u0219i b) rezisten\u021ba la uzare;<\/p>\n<p>6. Elaborarea bazelor tehnologice ale procesului de aliere prin sc\u00e2ntei electrice cu electrozi de prelucrardin titan, wolfram \u0219i grafit;<\/p>\n<p>7. Elaborarea recomand\u0103rilor privind construc\u021bia utilajului tehnologic de aliere prin sc\u00e2ntei electrice cu electrozi din titan, wolfram \u0219i grafit: capacitatea bateriei de acumulare a energiei electrice, frecven\u021ba impulsurilor electrice \u0219i durata lor, amplitudinea curentului de desc\u0103rcare, frecven\u021ba de rota\u021bii sau vibra\u021bii a electrozilor de prelucrare, forma geometric\u0103 \u0219i dimensiunile acestora.<\/p>\n<p>&nbsp;<\/p>\n<p><label for=\"t1\"><b>Raport de activitate<\/b><\/label><\/p>\n<div class=\"tabfield\">\n<p><a href=\"https:\/\/ifa.usm.md\/wp-content\/uploads\/2023\/02\/MdBl-Mihailov-2019-2020.pdf\">Raport final privind executarea proiectului<\/a><\/p>\n<\/div>","protected":false},"excerpt":{"rendered":"<p>Proiectul\u00a0ANCD 19.80013.50.07.06A\/BL\u00a0Tehnologie de sintetizare a carburilor \u0219i a nanostructurilor la alierea prin sc\u00e2ntei electrice cu electrozi din grafit, Ti \u0219i W \u0219i studierea influen\u021bei lor asupra propriet\u0103\u021bilor suprafe\u021belor metalice Tip : Proiect interna\u021bional bilateral, finan\u021bat de Agen\u021bia Na\u021bional\u0103 pentru Cercetare \u0219i Dezvoltare a Rebublicii Moldova \u0219i Comitetul de Stat pentru Stiin\u021b\u0103 \u0219i Tehnologie al Republicii&hellip; <br \/> <a class=\"read-more\" href=\"https:\/\/ifa.usm.md\/ro\/ancd-19-80013-50-07-06a-bl\/\">Cite\u0219te mai mult<\/a><\/p>\n","protected":false},"author":1,"featured_media":0,"parent":0,"menu_order":0,"comment_status":"closed","ping_status":"closed","template":"","meta":{"footnotes":""},"folder":[],"class_list":["post-731","page","type-page","status-publish","hentry"],"rttpg_featured_image_url":null,"rttpg_author":{"display_name":"","author_link":"https:\/\/ifa.usm.md\/ro\/author\/"},"rttpg_comment":0,"rttpg_category":false,"rttpg_excerpt":"Proiectul\u00a0ANCD 19.80013.50.07.06A\/BL\u00a0Tehnologie de sintetizare a carburilor \u0219i a nanostructurilor la alierea prin sc\u00e2ntei electrice cu electrozi din grafit, Ti \u0219i W \u0219i studierea influen\u021bei lor asupra propriet\u0103\u021bilor suprafe\u021belor metalice Tip : Proiect interna\u021bional bilateral, finan\u021bat de Agen\u021bia Na\u021bional\u0103 pentru Cercetare \u0219i Dezvoltare a Rebublicii Moldova \u0219i Comitetul de Stat pentru Stiin\u021b\u0103 \u0219i Tehnologie al Republicii&hellip;&hellip;","_links":{"self":[{"href":"https:\/\/ifa.usm.md\/ro\/wp-json\/wp\/v2\/pages\/731","targetHints":{"allow":["GET"]}}],"collection":[{"href":"https:\/\/ifa.usm.md\/ro\/wp-json\/wp\/v2\/pages"}],"about":[{"href":"https:\/\/ifa.usm.md\/ro\/wp-json\/wp\/v2\/types\/page"}],"author":[{"embeddable":true,"href":"https:\/\/ifa.usm.md\/ro\/wp-json\/wp\/v2\/users\/1"}],"replies":[{"embeddable":true,"href":"https:\/\/ifa.usm.md\/ro\/wp-json\/wp\/v2\/comments?post=731"}],"version-history":[{"count":1,"href":"https:\/\/ifa.usm.md\/ro\/wp-json\/wp\/v2\/pages\/731\/revisions"}],"predecessor-version":[{"id":733,"href":"https:\/\/ifa.usm.md\/ro\/wp-json\/wp\/v2\/pages\/731\/revisions\/733"}],"wp:attachment":[{"href":"https:\/\/ifa.usm.md\/ro\/wp-json\/wp\/v2\/media?parent=731"}],"wp:term":[{"taxonomy":"folder","embeddable":true,"href":"https:\/\/ifa.usm.md\/ro\/wp-json\/wp\/v2\/folder?post=731"}],"curies":[{"name":"wp","href":"https:\/\/api.w.org\/{rel}","templated":true}]}}