{"id":744,"date":"2023-02-24T13:29:54","date_gmt":"2023-02-24T10:29:54","guid":{"rendered":"https:\/\/ifa.usm.md\/?page_id=744"},"modified":"2023-02-24T13:34:36","modified_gmt":"2023-02-24T10:34:36","slug":"cssdt-13-823-15-09-ga","status":"publish","type":"page","link":"https:\/\/ifa.usm.md\/ro\/cssdt-13-823-15-09-ga\/","title":{"rendered":"CSSDT 13.823.15.09\/GA"},"content":{"rendered":"<table border=\"0\" align=\"center\">\n<tbody>\n<tr>\n<td colspan=\"2\">\n<h3>Proiectul\u00a0<strong>CSSDT 13.823.15.09\/GA\u00a0<em>Transferul de sarcin\u0103 \u00een amestecuri de gaze ale heliului la temperaturi \u0219i presiuni \u00eenalte \u00een condi\u021biile desc\u0103rc\u0103rii coron\u0103<\/em><\/strong><\/h3>\n<\/td>\n<\/tr>\n<tr>\n<th>Tip :<\/th>\n<td>Proiect bilateral, finan\u021bat de CS\u0218DT (ASM) \u0219i Federal Ministry of Education and Research (BMBF, Germany), cu cifrul 13.823.15.09\/GA<\/td>\n<\/tr>\n<tr>\n<th>Conduc\u0103tor :<\/th>\n<td>dr. hab. Fiodor Grosu<\/td>\n<\/tr>\n<tr>\n<th>Durata :<\/th>\n<td>2013 &#8211; 2015<\/td>\n<\/tr>\n<tr>\n<th>Laborator :<\/th>\n<td>Laboratorul Procese Termice \u0219i Hidrodinamice<\/td>\n<\/tr>\n<\/tbody>\n<\/table>","protected":false},"excerpt":{"rendered":"<p>Proiectul\u00a0CSSDT 13.823.15.09\/GA\u00a0Transferul de sarcin\u0103 \u00een amestecuri de gaze ale heliului la temperaturi \u0219i presiuni \u00eenalte \u00een condi\u021biile desc\u0103rc\u0103rii coron\u0103 Tip : Proiect bilateral, finan\u021bat de CS\u0218DT (ASM) \u0219i Federal Ministry of Education and Research (BMBF, Germany), cu cifrul 13.823.15.09\/GA Conduc\u0103tor : dr. hab. Fiodor Grosu Durata : 2013 &#8211; 2015 Laborator : Laboratorul Procese Termice&hellip; <br \/> <a class=\"read-more\" href=\"https:\/\/ifa.usm.md\/ro\/cssdt-13-823-15-09-ga\/\">Cite\u0219te mai mult<\/a><\/p>\n","protected":false},"author":1,"featured_media":0,"parent":0,"menu_order":0,"comment_status":"closed","ping_status":"closed","template":"","meta":{"footnotes":""},"folder":[],"class_list":["post-744","page","type-page","status-publish","hentry"],"rttpg_featured_image_url":null,"rttpg_author":{"display_name":"","author_link":"https:\/\/ifa.usm.md\/ro\/author\/"},"rttpg_comment":0,"rttpg_category":false,"rttpg_excerpt":"Proiectul\u00a0CSSDT 13.823.15.09\/GA\u00a0Transferul de sarcin\u0103 \u00een amestecuri de gaze ale heliului la temperaturi \u0219i presiuni \u00eenalte \u00een condi\u021biile desc\u0103rc\u0103rii coron\u0103 Tip : Proiect bilateral, finan\u021bat de CS\u0218DT (ASM) \u0219i Federal Ministry of Education and Research (BMBF, Germany), cu cifrul 13.823.15.09\/GA Conduc\u0103tor : dr. hab. Fiodor Grosu Durata : 2013 &#8211; 2015 Laborator : Laboratorul Procese Termice&hellip;&hellip;","_links":{"self":[{"href":"https:\/\/ifa.usm.md\/ro\/wp-json\/wp\/v2\/pages\/744","targetHints":{"allow":["GET"]}}],"collection":[{"href":"https:\/\/ifa.usm.md\/ro\/wp-json\/wp\/v2\/pages"}],"about":[{"href":"https:\/\/ifa.usm.md\/ro\/wp-json\/wp\/v2\/types\/page"}],"author":[{"embeddable":true,"href":"https:\/\/ifa.usm.md\/ro\/wp-json\/wp\/v2\/users\/1"}],"replies":[{"embeddable":true,"href":"https:\/\/ifa.usm.md\/ro\/wp-json\/wp\/v2\/comments?post=744"}],"version-history":[{"count":1,"href":"https:\/\/ifa.usm.md\/ro\/wp-json\/wp\/v2\/pages\/744\/revisions"}],"predecessor-version":[{"id":745,"href":"https:\/\/ifa.usm.md\/ro\/wp-json\/wp\/v2\/pages\/744\/revisions\/745"}],"wp:attachment":[{"href":"https:\/\/ifa.usm.md\/ro\/wp-json\/wp\/v2\/media?parent=744"}],"wp:term":[{"taxonomy":"folder","embeddable":true,"href":"https:\/\/ifa.usm.md\/ro\/wp-json\/wp\/v2\/folder?post=744"}],"curies":[{"name":"wp","href":"https:\/\/api.w.org\/{rel}","templated":true}]}}