{"id":776,"date":"2023-02-24T14:21:21","date_gmt":"2023-02-24T11:21:21","guid":{"rendered":"https:\/\/ifa.usm.md\/?page_id=776"},"modified":"2023-05-23T17:43:11","modified_gmt":"2023-05-23T15:43:11","slug":"alexei-meshalkin","status":"publish","type":"page","link":"https:\/\/ifa.usm.md\/ro\/alexei-meshalkin\/","title":{"rendered":"Alexei Me\u0219alchin"},"content":{"rendered":"<table style=\"width: 95%;\" border=\"0\" align=\"center\">\n<tbody>\n<tr>\n<td colspan=\"2\">\n<h2 style=\"text-align: center;\"><strong><span style=\"font-family: lucida sans unicode,lucida grande,sans-serif;\">Alexei Me\u0219alchin &#8211; pagin\u0103 personal\u0103<\/span><\/strong><\/h2>\n<\/td>\n<\/tr>\n<tr>\n<td style=\"text-align: right; width: 25%;\" valign=\"top\"><img decoding=\"async\" src=\"https:\/\/ifa.usm.md\/wp-content\/uploads\/ameshalkin.jpeg\" width=\"100%\" border=\"no\" \/><\/td>\n<td style=\"margin: 0px 0px 0px 0px; padding: 0; text-align: left;\">\n<ul style=\"list-style-type: none;\">\n<li>Prenume: <strong>Alexei<\/strong><\/li>\n<li>Nume: <strong>Me\u0219alchin<\/strong><\/li>\n<li>Grad: <strong><i>f\u0103r\u0103 grad<\/i><\/strong><\/li>\n<li>Titlu: <strong><i>f\u0103r\u0103 titlu<\/i><\/strong><\/li>\n<li>Func\u021ba\/diviziunea: <strong>Secretar \u0218tiin\u021bific \/ <i><a href=\"https:\/\/ifa.usm.md\/?page_id=447\">Direc\u021bia<\/a><\/i><\/strong><br \/>\n\u0219i \u00a0 <strong>Cercet\u0103tor \u0219tiin\u021bific superior \/ <i><a href=\"https:\/\/ifa.usm.md\/?page_id=184\">Laboratorul Materiale pentru Fotovoltaic\u0103 \u0219i Fotonic\u0103<\/a><\/i><\/strong><\/li>\n<li>Birou: <strong>230<\/strong><\/li>\n<li>telefon : <strong>+ (373) 22 723252<\/strong><\/li>\n<li>fax : <strong>+ (373) 22 738149<\/strong><\/li>\n<li>e-mail: <strong><span id=\"e505508905\">[javascript protected email address]<\/span><script type=\"text\/javascript\">\/*<![CDATA[*\/eval(\"var a=\\\"oi0clVSAFdQsJekN.q+yMgfzOw57IKB3-PEbXxWRLH84m2t1vD9Unr@_Yj6GCZhpTau\\\";var b=a.split(\\\"\\\").sort().join(\\\"\\\");var c=\\\"Hn2T2D0r2GvHnUD@eDtH0rm\\\";var d=\\\"\\\";for(var e=0;e<c.length;e++)d+=b.charAt(a.indexOf(c.charAt(e)));document.getElementById(\\\"e505508905\\\").innerHTML=\\\"<a href=\\\\\\\"mailto:\\\"+d+\\\"\\\\\\\">\\\"+d+\\\"<\/a>\\\"\")\/*]]>*\/<\/script><\/strong><\/li>\n<li>Adresa pt coresponden\u021b\u0103 :<br \/>\n<b>Alexei Me\u0219alchin<\/b>,<br \/>\nbir. 230, Direc\u021bia,<br \/>\nInstitutul de Fizic\u0103 Aplicat\u0103,<br \/>\nstr. Academiei, 5, Chi\u0219in\u0103u,<br \/>\nMD-2028,<br \/>\nMOLDOVA (Rep.)<\/li>\n<\/ul>\n<\/td>\n<\/tr>\n<\/tbody>\n<\/table>","protected":false},"excerpt":{"rendered":"<p>Alexei Me\u0219alchin &#8211; pagin\u0103 personal\u0103 Prenume: Alexei Nume: Me\u0219alchin Grad: f\u0103r\u0103 grad Titlu: f\u0103r\u0103 titlu Func\u021ba\/diviziunea: Secretar \u0218tiin\u021bific \/ Direc\u021bia \u0219i \u00a0 Cercet\u0103tor \u0219tiin\u021bific superior \/ Laboratorul Materiale pentru Fotovoltaic\u0103 \u0219i Fotonic\u0103 Birou: 230 telefon : + (373) 22 723252 fax : + (373) 22 738149 e-mail: [javascript protected email address] Adresa pt coresponden\u021b\u0103 :&hellip; <br \/> <a class=\"read-more\" href=\"https:\/\/ifa.usm.md\/ro\/alexei-meshalkin\/\">Cite\u0219te mai mult<\/a><\/p>\n","protected":false},"author":1,"featured_media":0,"parent":0,"menu_order":0,"comment_status":"closed","ping_status":"closed","template":"","meta":{"footnotes":""},"folder":[10],"class_list":["post-776","page","type-page","status-publish","hentry"],"rttpg_featured_image_url":null,"rttpg_author":{"display_name":"","author_link":"https:\/\/ifa.usm.md\/ro\/author\/"},"rttpg_comment":0,"rttpg_category":" <a href=\"https:\/\/ifa.usm.md\/ro\/?taxonomy=folder&#038;term=personal-1684857661-2\" rel=\"tag\">personal<\/a>","rttpg_excerpt":"Alexei Me\u0219alchin &#8211; pagin\u0103 personal\u0103 Prenume: Alexei Nume: Me\u0219alchin Grad: f\u0103r\u0103 grad Titlu: f\u0103r\u0103 titlu Func\u021ba\/diviziunea: Secretar \u0218tiin\u021bific \/ Direc\u021bia \u0219i \u00a0 Cercet\u0103tor \u0219tiin\u021bific superior \/ Laboratorul Materiale pentru Fotovoltaic\u0103 \u0219i Fotonic\u0103 Birou: 230 telefon : + (373) 22 723252 fax : + (373) 22 738149 e-mail: [javascript protected email address] Adresa pt coresponden\u021b\u0103 :&hellip;&hellip;","_links":{"self":[{"href":"https:\/\/ifa.usm.md\/ro\/wp-json\/wp\/v2\/pages\/776","targetHints":{"allow":["GET"]}}],"collection":[{"href":"https:\/\/ifa.usm.md\/ro\/wp-json\/wp\/v2\/pages"}],"about":[{"href":"https:\/\/ifa.usm.md\/ro\/wp-json\/wp\/v2\/types\/page"}],"author":[{"embeddable":true,"href":"https:\/\/ifa.usm.md\/ro\/wp-json\/wp\/v2\/users\/1"}],"replies":[{"embeddable":true,"href":"https:\/\/ifa.usm.md\/ro\/wp-json\/wp\/v2\/comments?post=776"}],"version-history":[{"count":3,"href":"https:\/\/ifa.usm.md\/ro\/wp-json\/wp\/v2\/pages\/776\/revisions"}],"predecessor-version":[{"id":1827,"href":"https:\/\/ifa.usm.md\/ro\/wp-json\/wp\/v2\/pages\/776\/revisions\/1827"}],"wp:attachment":[{"href":"https:\/\/ifa.usm.md\/ro\/wp-json\/wp\/v2\/media?parent=776"}],"wp:term":[{"taxonomy":"folder","embeddable":true,"href":"https:\/\/ifa.usm.md\/ro\/wp-json\/wp\/v2\/folder?post=776"}],"curies":[{"name":"wp","href":"https:\/\/api.w.org\/{rel}","templated":true}]}}