{"id":859,"date":"2023-02-24T16:01:03","date_gmt":"2023-02-24T13:01:03","guid":{"rendered":"https:\/\/ifa.usm.md\/?page_id=859"},"modified":"2026-03-27T15:05:25","modified_gmt":"2026-03-27T13:05:25","slug":"fiodor-braniste","status":"publish","type":"page","link":"https:\/\/ifa.usm.md\/ro\/fiodor-braniste\/","title":{"rendered":"Fiodor Braniste"},"content":{"rendered":"<table style=\"width: 95%;\" border=\"0\" align=\"center\">\n<tbody>\n<tr>\n<td colspan=\"2\">\n<h2 style=\"text-align: center;\"><strong><span style=\"font-family: lucida sans unicode,lucida grande,sans-serif;\">Fiodor Braniste &#8211; pagin\u0103 personal\u0103<\/span><\/strong><\/h2>\n<\/td>\n<\/tr>\n<tr>\n<td style=\"text-align: right; width: 25%;\" valign=\"top\"><img decoding=\"async\" src=\"https:\/\/ifa.usm.md\/wp-content\/uploads\/fbraniste.jpeg\" width=\"100%\" border=\"no\" \/><\/td>\n<td style=\"margin: 0px 0px 0px 0px; padding: 0; text-align: left;\">\n<ul style=\"list-style-type: none;\">\n<li>Prenume: <strong>Fiodor<\/strong><\/li>\n<li>Nume: <strong>Braniste<\/strong><\/li>\n<li>Grad: <strong>dr.<\/strong><\/li>\n<li>Titlu: <strong><i>f\u0103r\u0103 titlu<\/i><\/strong><\/li>\n<li>Func\u021ba\/diviziunea:\u00a0<i><\/i><\/li>\n<li>Birou:<\/li>\n<li>telefon : <strong>+ (373) 22 <\/strong><\/li>\n<li>fax : <strong>+ (373) 22 738149<\/strong><\/li>\n<li>Adresa pt coresponden\u021b\u0103 :<br \/>\n<b>Fiodor Braniste<\/b>,<br \/>\nbir. , Laboratorul Propriet\u0103\u021bi Mecanice ale Materialelor \u201cIulia Boiarskaia\u201d,<br \/>\nInstitutul de Fizic\u0103 Aplicat\u0103,<br \/>\nstr. Academiei, 5, Chi\u0219in\u0103u,<br \/>\nMD-2028,<br \/>\nMOLDOVA (Rep.)<\/li>\n<\/ul>\n<\/td>\n<\/tr>\n<\/tbody>\n<\/table>","protected":false},"excerpt":{"rendered":"<p>Fiodor Braniste &#8211; pagin\u0103 personal\u0103 Prenume: Fiodor Nume: Braniste Grad: dr. Titlu: f\u0103r\u0103 titlu Func\u021ba\/diviziunea:\u00a0 Birou: telefon : + (373) 22 fax : + (373) 22 738149 Adresa pt coresponden\u021b\u0103 : Fiodor Braniste, bir. , Laboratorul Propriet\u0103\u021bi Mecanice ale Materialelor \u201cIulia Boiarskaia\u201d, Institutul de Fizic\u0103 Aplicat\u0103, str. Academiei, 5, Chi\u0219in\u0103u, MD-2028, MOLDOVA (Rep.)<\/p>\n","protected":false},"author":1,"featured_media":0,"parent":0,"menu_order":0,"comment_status":"closed","ping_status":"closed","template":"","meta":{"footnotes":""},"folder":[10],"class_list":["post-859","page","type-page","status-publish","hentry"],"rttpg_featured_image_url":null,"rttpg_author":{"display_name":"","author_link":"https:\/\/ifa.usm.md\/ro\/author\/"},"rttpg_comment":0,"rttpg_category":" <a href=\"https:\/\/ifa.usm.md\/ro\/?taxonomy=folder&#038;term=personal-1684857661-2\" rel=\"tag\">personal<\/a>","rttpg_excerpt":"Fiodor Braniste &#8211; pagin\u0103 personal\u0103 Prenume: Fiodor Nume: Braniste Grad: dr. Titlu: f\u0103r\u0103 titlu Func\u021ba\/diviziunea:\u00a0 Birou: telefon : + (373) 22 fax : + (373) 22 738149 Adresa pt coresponden\u021b\u0103 : Fiodor Braniste, bir. , Laboratorul Propriet\u0103\u021bi Mecanice ale Materialelor \u201cIulia Boiarskaia\u201d, Institutul de Fizic\u0103 Aplicat\u0103, str. Academiei, 5, Chi\u0219in\u0103u, MD-2028, MOLDOVA (Rep.)","_links":{"self":[{"href":"https:\/\/ifa.usm.md\/ro\/wp-json\/wp\/v2\/pages\/859","targetHints":{"allow":["GET"]}}],"collection":[{"href":"https:\/\/ifa.usm.md\/ro\/wp-json\/wp\/v2\/pages"}],"about":[{"href":"https:\/\/ifa.usm.md\/ro\/wp-json\/wp\/v2\/types\/page"}],"author":[{"embeddable":true,"href":"https:\/\/ifa.usm.md\/ro\/wp-json\/wp\/v2\/users\/1"}],"replies":[{"embeddable":true,"href":"https:\/\/ifa.usm.md\/ro\/wp-json\/wp\/v2\/comments?post=859"}],"version-history":[{"count":2,"href":"https:\/\/ifa.usm.md\/ro\/wp-json\/wp\/v2\/pages\/859\/revisions"}],"predecessor-version":[{"id":1996,"href":"https:\/\/ifa.usm.md\/ro\/wp-json\/wp\/v2\/pages\/859\/revisions\/1996"}],"wp:attachment":[{"href":"https:\/\/ifa.usm.md\/ro\/wp-json\/wp\/v2\/media?parent=859"}],"wp:term":[{"taxonomy":"folder","embeddable":true,"href":"https:\/\/ifa.usm.md\/ro\/wp-json\/wp\/v2\/folder?post=859"}],"curies":[{"name":"wp","href":"https:\/\/api.w.org\/{rel}","templated":true}]}}