{"id":882,"date":"2023-02-24T16:16:51","date_gmt":"2023-02-24T13:16:51","guid":{"rendered":"https:\/\/ifa.usm.md\/?page_id=882"},"modified":"2026-03-27T15:08:17","modified_gmt":"2026-03-27T13:08:17","slug":"igor-cojevnicov","status":"publish","type":"page","link":"https:\/\/ifa.usm.md\/ro\/igor-cojevnicov\/","title":{"rendered":"Igor Cojevnicov"},"content":{"rendered":"<table style=\"width: 95%;\" border=\"0\" align=\"center\">\n<tbody>\n<tr>\n<td colspan=\"2\">\n<h2 style=\"text-align: center;\"><strong><span style=\"font-family: lucida sans unicode,lucida grande,sans-serif;\">Igor Cojevnicov &#8211; pagin\u0103 personal\u0103<\/span><\/strong><\/h2>\n<\/td>\n<\/tr>\n<tr>\n<td style=\"text-align: right; width: 25%;\" valign=\"top\"><img decoding=\"async\" src=\"https:\/\/ifa.usm.md\/wp-content\/uploads\/ikojevnicov.jpeg\" width=\"100%\" border=\"no\" \/><\/td>\n<td style=\"margin: 0px 0px 0px 0px; padding: 0; text-align: left;\">\n<ul style=\"list-style-type: none;\">\n<li>Prenume: <strong>Igor<\/strong><\/li>\n<li>Nume: <strong>Cojevnicov<\/strong><\/li>\n<li>Grad: <strong>dr.<\/strong><\/li>\n<li>Titlu: <strong><i>f\u0103r\u0103 titlu<\/i><\/strong><\/li>\n<li>Func\u021ba\/diviziunea:\u00a0<i><\/i><\/li>\n<li>Birou: <strong>131<\/strong><\/li>\n<li>telefon : <strong>+ (373) 22 738121<\/strong><\/li>\n<li>fax : <strong>+ (373) 22 738149<\/strong><\/li>\n<li>e-mail: <strong><span id=\"e531093833\">[javascript protected email address]<\/span><script type=\"text\/javascript\">\/*<![CDATA[*\/eval(\"var a=\\\"_AuGUC1s.0dW4+tFJSKDaoxhv-R9VnXLTl7iNI3yZjmBYekwzPHOcqb2E5@68fMQprg\\\";var b=a.split(\\\"\\\").sort().join(\\\"\\\");var c=\\\"Pw2@uO2HeMbPO2M+PkjuqY\\\";var d=\\\"\\\";for(var e=0;e<c.length;e++)d+=b.charAt(a.indexOf(c.charAt(e)));document.getElementById(\\\"e531093833\\\").innerHTML=\\\"<a href=\\\\\\\"mailto:\\\"+d+\\\"\\\\\\\">\\\"+d+\\\"<\/a>\\\"\")\/*]]>*\/<\/script><\/strong><\/li>\n<li>Adresa pt coresponden\u021b\u0103 :<br \/>\n<b>Igor Cojevnicov<\/b>,<br \/>\nbir. 131, Laboratorul Procese Termice \u0219i Hidrodinamice,<br \/>\nInstitutul de Fizic\u0103 Aplicat\u0103,<br \/>\nstr. Academiei, 5, Chi\u0219in\u0103u,<br \/>\nMD-2028,<br \/>\nMOLDOVA (Rep.)<\/li>\n<\/ul>\n<\/td>\n<\/tr>\n<\/tbody>\n<\/table>","protected":false},"excerpt":{"rendered":"<p>Igor Cojevnicov &#8211; pagin\u0103 personal\u0103 Prenume: Igor Nume: Cojevnicov Grad: dr. Titlu: f\u0103r\u0103 titlu Func\u021ba\/diviziunea:\u00a0 Birou: 131 telefon : + (373) 22 738121 fax : + (373) 22 738149 e-mail: [javascript protected email address] Adresa pt coresponden\u021b\u0103 : Igor Cojevnicov, bir. 131, Laboratorul Procese Termice \u0219i Hidrodinamice, Institutul de Fizic\u0103 Aplicat\u0103, str. Academiei, 5, Chi\u0219in\u0103u,&hellip; <br \/> <a class=\"read-more\" href=\"https:\/\/ifa.usm.md\/ro\/igor-cojevnicov\/\">Cite\u0219te mai mult<\/a><\/p>\n","protected":false},"author":1,"featured_media":0,"parent":0,"menu_order":0,"comment_status":"closed","ping_status":"closed","template":"","meta":{"footnotes":""},"folder":[10],"class_list":["post-882","page","type-page","status-publish","hentry"],"rttpg_featured_image_url":null,"rttpg_author":{"display_name":"","author_link":"https:\/\/ifa.usm.md\/ro\/author\/"},"rttpg_comment":0,"rttpg_category":" <a href=\"https:\/\/ifa.usm.md\/ro\/?taxonomy=folder&#038;term=personal-1684857661-2\" rel=\"tag\">personal<\/a>","rttpg_excerpt":"Igor Cojevnicov &#8211; pagin\u0103 personal\u0103 Prenume: Igor Nume: Cojevnicov Grad: dr. Titlu: f\u0103r\u0103 titlu Func\u021ba\/diviziunea:\u00a0 Birou: 131 telefon : + (373) 22 738121 fax : + (373) 22 738149 e-mail: [javascript protected email address] Adresa pt coresponden\u021b\u0103 : Igor Cojevnicov, bir. 131, Laboratorul Procese Termice \u0219i Hidrodinamice, Institutul de Fizic\u0103 Aplicat\u0103, str. Academiei, 5, Chi\u0219in\u0103u,&hellip;&hellip;","_links":{"self":[{"href":"https:\/\/ifa.usm.md\/ro\/wp-json\/wp\/v2\/pages\/882","targetHints":{"allow":["GET"]}}],"collection":[{"href":"https:\/\/ifa.usm.md\/ro\/wp-json\/wp\/v2\/pages"}],"about":[{"href":"https:\/\/ifa.usm.md\/ro\/wp-json\/wp\/v2\/types\/page"}],"author":[{"embeddable":true,"href":"https:\/\/ifa.usm.md\/ro\/wp-json\/wp\/v2\/users\/1"}],"replies":[{"embeddable":true,"href":"https:\/\/ifa.usm.md\/ro\/wp-json\/wp\/v2\/comments?post=882"}],"version-history":[{"count":2,"href":"https:\/\/ifa.usm.md\/ro\/wp-json\/wp\/v2\/pages\/882\/revisions"}],"predecessor-version":[{"id":2002,"href":"https:\/\/ifa.usm.md\/ro\/wp-json\/wp\/v2\/pages\/882\/revisions\/2002"}],"wp:attachment":[{"href":"https:\/\/ifa.usm.md\/ro\/wp-json\/wp\/v2\/media?parent=882"}],"wp:term":[{"taxonomy":"folder","embeddable":true,"href":"https:\/\/ifa.usm.md\/ro\/wp-json\/wp\/v2\/folder?post=882"}],"curies":[{"name":"wp","href":"https:\/\/api.w.org\/{rel}","templated":true}]}}