{"id":949,"date":"2023-02-24T16:52:51","date_gmt":"2023-02-24T13:52:51","guid":{"rendered":"https:\/\/ifa.usm.md\/?page_id=949"},"modified":"2023-02-24T16:52:51","modified_gmt":"2023-02-24T13:52:51","slug":"oleg-motorin","status":"publish","type":"page","link":"https:\/\/ifa.usm.md\/ro\/oleg-motorin\/","title":{"rendered":"Oleg Motorin"},"content":{"rendered":"<table style=\"width: 95%;\" border=\"0\" align=\"center\">\n<tbody>\n<tr>\n<td colspan=\"2\">\n<h2 style=\"text-align: center;\"><strong><span style=\"font-family: lucida sans unicode,lucida grande,sans-serif;\">Oleg Motorin &#8211; pagin\u0103 personal\u0103<\/span><\/strong><\/h2>\n<\/td>\n<\/tr>\n<tr>\n<td style=\"text-align: right; width: 25%;\" valign=\"top\">\n<img decoding=\"async\" src=\"https:\/\/ifa.usm.md\/wp-content\/uploads\/omotorin.jpeg\" width=\"100%\" border=\"no\" \/><\/td>\n<td style=\"margin: 0px 0px 0px 0px; padding: 0; text-align: left;\">\n<ul style=\"list-style-type: none;\">\n<li>Prenume: <strong>Oleg<\/strong><\/li>\n<li>Nume: <strong>Motorin<\/strong><\/li>\n<li>Grad: <strong>dr.<\/strong><\/li>\n<li>Titlu: <strong><i>f\u0103r\u0103 titlu<\/i><\/strong><\/li>\n<li>Func\u021ba\/diviziunea: <strong>Cercet\u0103tor \u0219tiin\u021bific coordonator \/ <i><a href=\"https:\/\/ifa.usm.md\/?page_id=207\">Laboratorul Procese Termice \u0219i Hidrodinamice<\/a><\/i><\/strong><\/li>\n<li>Birou: <strong>213<\/strong><\/li>\n<li>telefon : <strong>+ (373) 22 738121<\/strong><\/li>\n<li>fax : <strong>+ (373) 22 738149<\/strong><\/li>\n<li>e-mail: <strong><span id=\"e6816103\">[javascript protected email address]<\/span><script type=\"text\/javascript\">\/*<![CDATA[*\/eval(\"var a=\\\"RVgDO2PxAQJs9EeYH4fC1BIUGropk3_w+aZqj5ctm@0XSWuiL6v.yNMKzh-n87FlbdT\\\";var b=a.split(\\\"\\\").sort().join(\\\"\\\");var c=\\\"KyWigNK8K-6ME6u@gNS\\\";var d=\\\"\\\";for(var e=0;e<c.length;e++)d+=b.charAt(a.indexOf(c.charAt(e)));document.getElementById(\\\"e6816103\\\").innerHTML=\\\"<a href=\\\\\\\"mailto:\\\"+d+\\\"\\\\\\\">\\\"+d+\\\"<\/a>\\\"\")\/*]]>*\/<\/script><\/strong><\/li>\n<li>Adresa pt coresponden\u021b\u0103 :<br \/>\n<b>Oleg Motorin<\/b>,<br \/>\nbir. 213, Laboratorul Procese Termice \u0219i Hidrodinamice,<br \/>\nInstitutul de Fizic\u0103 Aplicat\u0103,<br \/>\nstr. Academiei, 5, Chi\u0219in\u0103u,<br \/>\nMD-2028,<br \/>\nMOLDOVA (Rep.)<\/li>\n<\/ul>\n<\/td>\n<\/tr>\n<\/tbody>\n<\/table>","protected":false},"excerpt":{"rendered":"<p>Oleg Motorin &#8211; pagin\u0103 personal\u0103 Prenume: Oleg Nume: Motorin Grad: dr. Titlu: f\u0103r\u0103 titlu Func\u021ba\/diviziunea: Cercet\u0103tor \u0219tiin\u021bific coordonator \/ Laboratorul Procese Termice \u0219i Hidrodinamice Birou: 213 telefon : + (373) 22 738121 fax : + (373) 22 738149 e-mail: [javascript protected email address] Adresa pt coresponden\u021b\u0103 : Oleg Motorin, bir. 213, Laboratorul Procese Termice \u0219i&hellip; <br \/> <a class=\"read-more\" href=\"https:\/\/ifa.usm.md\/ro\/oleg-motorin\/\">Cite\u0219te mai mult<\/a><\/p>\n","protected":false},"author":1,"featured_media":0,"parent":0,"menu_order":0,"comment_status":"closed","ping_status":"closed","template":"","meta":{"footnotes":""},"folder":[10],"class_list":["post-949","page","type-page","status-publish","hentry"],"rttpg_featured_image_url":null,"rttpg_author":{"display_name":"","author_link":"https:\/\/ifa.usm.md\/ro\/author\/"},"rttpg_comment":0,"rttpg_category":" <a href=\"https:\/\/ifa.usm.md\/ro\/?taxonomy=folder&#038;term=personal-1684857661-2\" rel=\"tag\">personal<\/a>","rttpg_excerpt":"Oleg Motorin &#8211; pagin\u0103 personal\u0103 Prenume: Oleg Nume: Motorin Grad: dr. Titlu: f\u0103r\u0103 titlu Func\u021ba\/diviziunea: Cercet\u0103tor \u0219tiin\u021bific coordonator \/ Laboratorul Procese Termice \u0219i Hidrodinamice Birou: 213 telefon : + (373) 22 738121 fax : + (373) 22 738149 e-mail: [javascript protected email address] Adresa pt coresponden\u021b\u0103 : Oleg Motorin, bir. 213, Laboratorul Procese Termice \u0219i&hellip;&hellip;","_links":{"self":[{"href":"https:\/\/ifa.usm.md\/ro\/wp-json\/wp\/v2\/pages\/949","targetHints":{"allow":["GET"]}}],"collection":[{"href":"https:\/\/ifa.usm.md\/ro\/wp-json\/wp\/v2\/pages"}],"about":[{"href":"https:\/\/ifa.usm.md\/ro\/wp-json\/wp\/v2\/types\/page"}],"author":[{"embeddable":true,"href":"https:\/\/ifa.usm.md\/ro\/wp-json\/wp\/v2\/users\/1"}],"replies":[{"embeddable":true,"href":"https:\/\/ifa.usm.md\/ro\/wp-json\/wp\/v2\/comments?post=949"}],"version-history":[{"count":1,"href":"https:\/\/ifa.usm.md\/ro\/wp-json\/wp\/v2\/pages\/949\/revisions"}],"predecessor-version":[{"id":950,"href":"https:\/\/ifa.usm.md\/ro\/wp-json\/wp\/v2\/pages\/949\/revisions\/950"}],"wp:attachment":[{"href":"https:\/\/ifa.usm.md\/ro\/wp-json\/wp\/v2\/media?parent=949"}],"wp:term":[{"taxonomy":"folder","embeddable":true,"href":"https:\/\/ifa.usm.md\/ro\/wp-json\/wp\/v2\/folder?post=949"}],"curies":[{"name":"wp","href":"https:\/\/api.w.org\/{rel}","templated":true}]}}