{"id":969,"date":"2023-02-24T17:06:01","date_gmt":"2023-02-24T14:06:01","guid":{"rendered":"https:\/\/ifa.usm.md\/?page_id=969"},"modified":"2023-02-24T17:06:01","modified_gmt":"2023-02-24T14:06:01","slug":"cssdt-15-820-16-02-01-it","status":"publish","type":"page","link":"https:\/\/ifa.usm.md\/ro\/cssdt-15-820-16-02-01-it\/","title":{"rendered":"CSSDT 15.820.16.02.01\/It"},"content":{"rendered":"<table border=\"0\" align=\"center\">\n<tbody>\n<tr>\n<td colspan=\"2\">\n<h3>Proiectul\u00a0<strong>CSSDT 15.820.16.02.01\/It\u00a0<em>Investigarea materialelor metal-organice multifunc\u021bionale necentrosimetrice noi pentru aplica\u021bii opto-electronice<\/em><\/strong><\/h3>\n<\/td>\n<\/tr>\n<tr>\n<th>Tip :<\/th>\n<td>Proiect bilateral, finan\u021bat de CS\u0218DT (ASM) \u0219i Consiliul National pentru Cercetare din Italia (CNCI), cu cifrul 15.820.16.02.01\/It<\/td>\n<\/tr>\n<tr>\n<th>Conduc\u0103tor :<\/th>\n<td>dr. Marina Fonari<\/td>\n<\/tr>\n<tr>\n<th>Durata :<\/th>\n<td>2015 &#8211; 2016<\/td>\n<\/tr>\n<tr>\n<th>Laborator(~oare) :<\/th>\n<td>Laboratorul Metode Fizice de Studiere a Solidului \u201cTadeu\u0219 Malinowski\u201d<\/td>\n<\/tr>\n<\/tbody>\n<\/table>\n<p>Proiectul dat viza designul, sinteza, studiul structural si evaluarea a propriet\u0103tilor optice a MMO-lor hibride \u00een baza metalelor de tranzitie Zn(II), Cd(II), Cu(II), Mn(II) si Co(II) cu un accent pe PC-i necentrosimetrici, av\u00eend ca avantaj porozitatea retelelor coordinative, posibilitatea de a demonstra r\u0103spunsul luminescent la includerea moleculelor \u201doaspete\u201d \u0219i stabilitatea termic\u0103 \u00eenalt\u0103. Timpul de raspuns optic neliniar a fost m\u0103surat \u00eentr-o solu\u021bie de cloroform prin metoda gener\u0103rii celei de a doua armonici \u00een prezen\u021ba c\u00eempului electric indus, care furnizeaz\u0103 informa\u021bii despre propriet\u0103\u021bile optice neliniare intrinseci, iar \u00een stare solid\u0103 &#8211; prin metoda Kurtz-Perry, care asigura un timp de r\u0103spuns optic neliniar la nivel macroscopic.","protected":false},"excerpt":{"rendered":"<p>Proiectul\u00a0CSSDT 15.820.16.02.01\/It\u00a0Investigarea materialelor metal-organice multifunc\u021bionale necentrosimetrice noi pentru aplica\u021bii opto-electronice Tip : Proiect bilateral, finan\u021bat de CS\u0218DT (ASM) \u0219i Consiliul National pentru Cercetare din Italia (CNCI), cu cifrul 15.820.16.02.01\/It Conduc\u0103tor : dr. Marina Fonari Durata : 2015 &#8211; 2016 Laborator(~oare) : Laboratorul Metode Fizice de Studiere a Solidului \u201cTadeu\u0219 Malinowski\u201d Proiectul dat viza designul, sinteza,&hellip; <br \/> <a class=\"read-more\" href=\"https:\/\/ifa.usm.md\/ro\/cssdt-15-820-16-02-01-it\/\">Cite\u0219te mai mult<\/a><\/p>\n","protected":false},"author":1,"featured_media":0,"parent":0,"menu_order":0,"comment_status":"closed","ping_status":"closed","template":"","meta":{"footnotes":""},"folder":[],"class_list":["post-969","page","type-page","status-publish","hentry"],"rttpg_featured_image_url":null,"rttpg_author":{"display_name":"","author_link":"https:\/\/ifa.usm.md\/ro\/author\/"},"rttpg_comment":0,"rttpg_category":false,"rttpg_excerpt":"Proiectul\u00a0CSSDT 15.820.16.02.01\/It\u00a0Investigarea materialelor metal-organice multifunc\u021bionale necentrosimetrice noi pentru aplica\u021bii opto-electronice Tip : Proiect bilateral, finan\u021bat de CS\u0218DT (ASM) \u0219i Consiliul National pentru Cercetare din Italia (CNCI), cu cifrul 15.820.16.02.01\/It Conduc\u0103tor : dr. Marina Fonari Durata : 2015 &#8211; 2016 Laborator(~oare) : Laboratorul Metode Fizice de Studiere a Solidului \u201cTadeu\u0219 Malinowski\u201d Proiectul dat viza designul, sinteza,&hellip;&hellip;","_links":{"self":[{"href":"https:\/\/ifa.usm.md\/ro\/wp-json\/wp\/v2\/pages\/969","targetHints":{"allow":["GET"]}}],"collection":[{"href":"https:\/\/ifa.usm.md\/ro\/wp-json\/wp\/v2\/pages"}],"about":[{"href":"https:\/\/ifa.usm.md\/ro\/wp-json\/wp\/v2\/types\/page"}],"author":[{"embeddable":true,"href":"https:\/\/ifa.usm.md\/ro\/wp-json\/wp\/v2\/users\/1"}],"replies":[{"embeddable":true,"href":"https:\/\/ifa.usm.md\/ro\/wp-json\/wp\/v2\/comments?post=969"}],"version-history":[{"count":1,"href":"https:\/\/ifa.usm.md\/ro\/wp-json\/wp\/v2\/pages\/969\/revisions"}],"predecessor-version":[{"id":970,"href":"https:\/\/ifa.usm.md\/ro\/wp-json\/wp\/v2\/pages\/969\/revisions\/970"}],"wp:attachment":[{"href":"https:\/\/ifa.usm.md\/ro\/wp-json\/wp\/v2\/media?parent=969"}],"wp:term":[{"taxonomy":"folder","embeddable":true,"href":"https:\/\/ifa.usm.md\/ro\/wp-json\/wp\/v2\/folder?post=969"}],"curies":[{"name":"wp","href":"https:\/\/api.w.org\/{rel}","templated":true}]}}