{"id":98,"date":"2023-02-07T13:42:46","date_gmt":"2023-02-07T13:42:46","guid":{"rendered":"http:\/\/localhost:8080\/mysite\/?page_id=98"},"modified":"2023-07-03T16:08:05","modified_gmt":"2023-07-03T14:08:05","slug":"mircea-baznat","status":"publish","type":"page","link":"https:\/\/ifa.usm.md\/ro\/mircea-baznat\/","title":{"rendered":"Mircea Baznat"},"content":{"rendered":"<table style=\"width: 95%;\" border=\"0\" align=\"center\">\n<tbody>\n<tr>\n<td colspan=\"2\">\n<h2 style=\"text-align: center;\"><strong><span style=\"font-family: lucida sans unicode,lucida grande,sans-serif;\">Mircea Baznat &#8211; pagin\u0103 personal\u0103<\/span><\/strong><\/h2>\n<\/td>\n<\/tr>\n<tr>\n<td style=\"text-align: right; width: 25%;\" valign=\"top\">\n<img decoding=\"async\" src=\"https:\/\/ifa.usm.md\/wp-content\/uploads\/mbaznat.jpg\" width=\"100%\" border=\"no\" \/><\/td>\n<td style=\"margin: 0px 0px 0px 0px; padding: 0; text-align: left;\">\n<ul style=\"list-style-type: none;\">\n<li>Prenume: <strong>Mircea<\/strong><\/li>\n<li>Nume: <strong>Baznat<\/strong><\/li>\n<li>Grad: <strong>dr.<\/strong><\/li>\n<li>Titlu: <strong>conf.<\/strong><\/li>\n<li>Func\u021ba\/diviziunea: <strong>Cercet\u0103tor \u0219tiin\u021bific \/ <i><a href=\"\/lqf\">Laboratorul Fotonica Cuantic\u0103<\/a><\/i><\/strong><\/li>\n<li>Birou: <strong>439<\/strong><\/li>\n<li>telefon : <strong>+ (373) 22 738030<\/strong><\/li>\n<li>fax : <strong>+ (373) 22 738149<\/strong><\/li>\n<li>e-mail: <strong><span id=\"e406443813\">[javascript protected email address]<\/span><script type=\"text\/javascript\">\/*<![CDATA[*\/eval(\"var a=\\\"KcbD-M7R2Ae5SpFkyfCla1ivn+sou6NjVLH43TOIQ_Y@0WEzxJdgrtGhB8m9XqP.ZwU\\\";var b=a.split(\\\"\\\").sort().join(\\\"\\\");var c=\\\"tJm@W_bY_UG_XpJE_bt0\\\";var d=\\\"\\\";for(var e=0;e<c.length;e++)d+=b.charAt(a.indexOf(c.charAt(e)));document.getElementById(\\\"e406443813\\\").innerHTML=\\\"<a href=\\\\\\\"mailto:\\\"+d+\\\"\\\\\\\">\\\"+d+\\\"<\/a>\\\"\")\/*]]>*\/<\/script><\/strong><\/li>\n<li>Adresa pt coresponden\u021b\u0103 :<br \/>\n<b>Mircea Baznat<\/b>,<br \/>\nbir. 439, Laboratorul Fotonica Cuantic\u0103,<br \/>\nInstitutul de Fizic\u0103 Aplicat\u0103,<br \/>\nstr. Academiei, 5, Chi\u0219in\u0103u,<br \/>\nMD-2028,<br \/>\nMOLDOVA (Rep.)<\/li>\n<\/ul>\n<\/td>\n<\/tr>\n<\/tbody>\n<\/table>","protected":false},"excerpt":{"rendered":"<p>Mircea Baznat &#8211; pagin\u0103 personal\u0103 Prenume: Mircea Nume: Baznat Grad: dr. Titlu: conf. Func\u021ba\/diviziunea: Cercet\u0103tor \u0219tiin\u021bific \/ Laboratorul Fotonica Cuantic\u0103 Birou: 439 telefon : + (373) 22 738030 fax : + (373) 22 738149 e-mail: [javascript protected email address] Adresa pt coresponden\u021b\u0103 : Mircea Baznat, bir. 439, Laboratorul Fotonica Cuantic\u0103, Institutul de Fizic\u0103 Aplicat\u0103, str.&hellip; <br \/> <a class=\"read-more\" href=\"https:\/\/ifa.usm.md\/ro\/mircea-baznat\/\">Cite\u0219te mai mult<\/a><\/p>\n","protected":false},"author":1,"featured_media":0,"parent":0,"menu_order":0,"comment_status":"closed","ping_status":"closed","template":"","meta":{"footnotes":""},"folder":[10],"class_list":["post-98","page","type-page","status-publish","hentry"],"rttpg_featured_image_url":null,"rttpg_author":{"display_name":"","author_link":"https:\/\/ifa.usm.md\/ro\/author\/"},"rttpg_comment":0,"rttpg_category":" <a href=\"https:\/\/ifa.usm.md\/ro\/?taxonomy=folder&#038;term=personal-1684857661-2\" rel=\"tag\">personal<\/a>","rttpg_excerpt":"Mircea Baznat &#8211; pagin\u0103 personal\u0103 Prenume: Mircea Nume: Baznat Grad: dr. Titlu: conf. Func\u021ba\/diviziunea: Cercet\u0103tor \u0219tiin\u021bific \/ Laboratorul Fotonica Cuantic\u0103 Birou: 439 telefon : + (373) 22 738030 fax : + (373) 22 738149 e-mail: [javascript protected email address] Adresa pt coresponden\u021b\u0103 : Mircea Baznat, bir. 439, Laboratorul Fotonica Cuantic\u0103, Institutul de Fizic\u0103 Aplicat\u0103, str.&hellip;&hellip;","_links":{"self":[{"href":"https:\/\/ifa.usm.md\/ro\/wp-json\/wp\/v2\/pages\/98","targetHints":{"allow":["GET"]}}],"collection":[{"href":"https:\/\/ifa.usm.md\/ro\/wp-json\/wp\/v2\/pages"}],"about":[{"href":"https:\/\/ifa.usm.md\/ro\/wp-json\/wp\/v2\/types\/page"}],"author":[{"embeddable":true,"href":"https:\/\/ifa.usm.md\/ro\/wp-json\/wp\/v2\/users\/1"}],"replies":[{"embeddable":true,"href":"https:\/\/ifa.usm.md\/ro\/wp-json\/wp\/v2\/comments?post=98"}],"version-history":[{"count":1,"href":"https:\/\/ifa.usm.md\/ro\/wp-json\/wp\/v2\/pages\/98\/revisions"}],"predecessor-version":[{"id":1897,"href":"https:\/\/ifa.usm.md\/ro\/wp-json\/wp\/v2\/pages\/98\/revisions\/1897"}],"wp:attachment":[{"href":"https:\/\/ifa.usm.md\/ro\/wp-json\/wp\/v2\/media?parent=98"}],"wp:term":[{"taxonomy":"folder","embeddable":true,"href":"https:\/\/ifa.usm.md\/ro\/wp-json\/wp\/v2\/folder?post=98"}],"curies":[{"name":"wp","href":"https:\/\/api.w.org\/{rel}","templated":true}]}}