{"id":989,"date":"2023-02-24T17:27:03","date_gmt":"2023-02-24T14:27:03","guid":{"rendered":"https:\/\/ifa.usm.md\/?page_id=989"},"modified":"2023-02-24T17:27:03","modified_gmt":"2023-02-24T14:27:03","slug":"cssdt-16-80013-5007-04-ro","status":"publish","type":"page","link":"https:\/\/ifa.usm.md\/ro\/cssdt-16-80013-5007-04-ro\/","title":{"rendered":"CSSDT 16.80013.5007.04\/Ro"},"content":{"rendered":"<table border=\"0\" align=\"center\">\n<tbody>\n<tr>\n<td colspan=\"2\">\n<h3>Proiectul\u00a0<strong>CSSDT 16.80013.5007.04\/Ro\u00a0<em>Noi deriva\u021bi carboxilici aromatici non-toxici cu rol \u00een reglarea cre\u0219terii plantelor: de la sintez\u0103 \u0219i investiga\u021bii structurale la teste biologice (CAREPLANT)<\/em><\/strong><\/h3>\n<\/td>\n<\/tr>\n<tr>\n<th>Tip :<\/th>\n<td>Proiect bilateral, finan\u021bat de CS\u0218DT (ASM) \u0219i Autoritatea Na\u021bional\u0103 pentru Cercetare \u0218tiin\u021bific\u0103 din Rom\u00e2nia, cu cifrul 16.80013.5007.04\/Ro<\/td>\n<\/tr>\n<tr>\n<th>Conduc\u0103tor :<\/th>\n<td>dr. Pavlina Bouro\u0219<\/td>\n<\/tr>\n<tr>\n<th>Durata :<\/th>\n<td>2016 &#8211; 2018<\/td>\n<\/tr>\n<tr>\n<th>Laborator(~oare) :<\/th>\n<td>Laboratorul Metode Fizice de Studiere a Solidului \u201cTadeu\u0219 Malinowski\u201d<\/td>\n<\/tr>\n<\/tbody>\n<\/table>\n<p><strong>Obiective:<\/strong><\/p>\n<p>Proiectul CarePlant \u0219i-a propus s\u0103 ob\u021bin\u0103 compu\u0219i non-toxici cu rol \u00een reglarea cre\u0219terii plantelor cu scopul de a \u00eembun\u0103t\u0103\u021bi produc\u021bia de legume, care constituie o prioritate at\u00e2t \u00een cele dou\u0103 \u021b\u0103ri, c\u00e2t \u0219i \u00een lume. Obiectivele au fost ob\u021binerea, caracterizarea \u0219i testarea biologic\u0103 a noi deriva\u021bi carboxilici aromatici cu toxicitate redus\u0103, biodegradabilitate ridicat\u0103 \u0219i ca reglatori de cre\u0219tere a plantelor. Au fost efectuate studii cu raze X a compu\u0219ilor, ce a permis stabilirea structurii, determinarea interac\u021biunilor intermoleculare \u0219i existen\u021ba polimorfelor. Folosind termogravimetria\/derivata termogravimetric\u0103, analiz\u0103 termic\u0103 diferen\u021bial\u0103 \u0219i calorimetria cu scanare diferen\u021bial\u0103, au fost investigate comportamentul termic \u0219i capacitatea compu\u0219ilor noi de a forma forme polimorfe. Au fost realizate calcule cuantico-chimice \u00een scopul ob\u021binerii unor informa\u021bii complexe. A fost studiat efectul noilor compu\u0219i asupra \u00eenr\u0103d\u0103cin\u0103rii r\u0103sadurilor de legume, germinabilit\u0103\u021bii semin\u021belor \u0219i regl\u0103rii cre\u0219terii plantelor \u00een corela\u021bie cu fotosinteza \u0219i respira\u021bia celular\u0103.<\/p>\n<p>Executorii proiectului:<\/p>\n<table border=\"0px\" cellspacing=\"0\" cellpadding=\"4\" align=\"center\">\n<tbody>\n<tr>\n<td><a href=\"https:\/\/ifa.md\/ro\/personalpages\/pbourosh\"><strong>Pavlina Bouro\u0219<\/strong><\/a><br \/>\ndr., conf.<br \/>\n<em>cercet\u0103tor \u0219tiin\u021bific coordonator<\/em><\/td>\n<td>cab.: 107<br \/>\nphone:\u00a0+(373)\u00a022\u00a0738154<br \/>\nemail:\u00a0<span id=\"e702615640\"><a href=\"mailto:bourosh.xray@ifa.md\">bourosh.xray@ifa.md<\/a><\/span><br \/>\nwww:\u00a0<a href=\"https:\/\/ifa.md\/en\/personalpages\/pbourosh\">https:\/\/ifa.md\/en\/personalpages\/pbourosh<\/a><\/td>\n<\/tr>\n<tr>\n<td><strong><a href=\"https:\/\/ifa.md\/ro\/personalpages\/vkravtsov\">Victor Krav\u021bov<\/a><\/strong><br \/>\ndr., conf.,<br \/>\n<em>cercet\u0103tor \u0219tiin\u021bific coordonator<\/em><\/td>\n<td>cab.: 108<br \/>\nphone : + (373) 22 738154<br \/>\nphone\/fax: + (373) 22 738854<br \/>\nemail :\u00a0<span id=\"e499014677\"><a href=\"mailto:kravtsov@ifa.md\">kravtsov@ifa.md<\/a><\/span><br \/>\nwww:\u00a0<a href=\"https:\/\/ifa.md\/en\/personalpages\/vkravtsov\">https:\/\/ifa.md\/en\/personalpages\/vkravtsov<\/a><\/td>\n<\/tr>\n<tr>\n<td><strong><a href=\"https:\/\/ifa.md\/ro\/personalpages\/ychumakov\">Iurii Ciumacov<\/a><\/strong><br \/>\ndr., conf.<br \/>\n<em>cercet\u0103tor \u0219tiin\u021bific coordonator<\/em><\/td>\n<td>cab.: 105<br \/>\nphone:\u00a0+(373)\u00a022\u00a0738154<br \/>\nemail:\u00a0<span id=\"e232646928\"><a href=\"mailto:xray52@mail.ru\">xray52@mail.ru<\/a><\/span><br \/>\nwww:\u00a0<a href=\"https:\/\/ifa.md\/en\/personalpages\/ychumakov\">https:\/\/ifa.md\/en\/personalpages\/ychumakov<\/a><\/td>\n<\/tr>\n<tr>\n<td><strong><a href=\"https:\/\/ifa.md\/ro\/personalpages\/lcroitor\">Lilia Croitor<\/a><\/strong><br \/>\ndr.<br \/>\n<em>cercet\u0103tor \u0219tiin\u021bific superior<\/em><\/td>\n<td>cab.: 144<br \/>\nphone:\u00a0+(373)\u00a022\u00a0738154<br \/>\nemail:\u00a0<span id=\"e664729522\"><a href=\"mailto:croitor_lilia@yahoo.com\">croitor_lilia@yahoo.com<\/a><\/span><br \/>\nwww:\u00a0<a href=\"https:\/\/ifa.md\/en\/personalpages\/lcroitor\">https:\/\/ifa.md\/en\/personalpages\/lcroitor<\/a><\/td>\n<\/tr>\n<tr>\n<td><strong><a href=\"https:\/\/ifa.md\/ro\/personalpages\/emelnic\">Elena Melnic<\/a><\/strong><\/p>\n<p><em>cercet\u0103tor \u0219tiin\u021bific<\/em><\/td>\n<td>cab.: 144<br \/>\nphone:\u00a0+(373)\u00a022\u00a0738154<br \/>\nemail:\u00a0<span id=\"e144092872\"><a href=\"mailto:melnic@ifa.md\">melnic@ifa.md<\/a><\/span><br \/>\nwww:\u00a0<a href=\"https:\/\/ifa.md\/en\/personalpages\/emelnic\">https:\/\/ifa.md\/en\/personalpages\/emelnic<\/a><\/td>\n<\/tr>\n<tr>\n<td><strong><a href=\"https:\/\/ifa.md\/ro\/personalpages\/avitiu\">Aliona Vitiu<\/a><\/strong><\/p>\n<p><em>cercet\u0103tor \u0219tiin\u021bific<\/em><\/td>\n<td>cab.: 107<br \/>\nphone:\u00a0+(373)\u00a022\u00a0738154<br \/>\nemail:\u00a0<span id=\"e413072712\"><a href=\"mailto:alionaboldisor@yahoo.com\">alionaboldisor@yahoo.com<\/a><\/span><br \/>\nwww:\u00a0<a href=\"https:\/\/ifa.md\/en\/personalpages\/avitiu\">https:\/\/ifa.md\/en\/personalpages\/avitiu<\/a><\/td>\n<\/tr>\n<tr>\n<td><strong><a href=\"https:\/\/ifa.md\/ro\/personalpages\/vbold\">Victor Bold<\/a><\/strong><\/p>\n<p><em>cercet\u0103tor \u0219tiin\u021bific<\/em><\/td>\n<td>cab.: 144<br \/>\nphone:\u00a0+(373)\u00a022\u00a0738154<br \/>\nemail:\u00a0<span id=\"e206637630\"><a href=\"mailto:viktor.bold@yahoo.com\">viktor.bold@yahoo.com<\/a><\/span><br \/>\nwww:\u00a0<a href=\"https:\/\/ifa.md\/en\/personalpages\/vbold\">https:\/\/ifa.md\/en\/personalpages\/vbold<\/a><\/td>\n<\/tr>\n<tr>\n<td><strong><a href=\"https:\/\/ifa.md\/ro\/personalpages\/mdarii\">Mariana Darii<\/a><\/strong><\/p>\n<p><em>cercet\u0103tor \u0219tiin\u021bific stagiar<\/em><\/td>\n<td>cab.: 204<br \/>\nphone:\u00a0+(373)\u00a022\u00a0738154<br \/>\nemail:\u00a0<span id=\"e756618942\"><a href=\"mailto:mariana.darii@mail.ru\">mariana.darii@mail.ru<\/a><\/span><br \/>\nwww:\u00a0<a href=\"https:\/\/ifa.md\/en\/personalpages\/mdarii\">https:\/\/ifa.md\/en\/personalpages\/mdarii<\/a><\/td>\n<\/tr>\n<\/tbody>\n<\/table>","protected":false},"excerpt":{"rendered":"<p>Proiectul\u00a0CSSDT 16.80013.5007.04\/Ro\u00a0Noi deriva\u021bi carboxilici aromatici non-toxici cu rol \u00een reglarea cre\u0219terii plantelor: de la sintez\u0103 \u0219i investiga\u021bii structurale la teste biologice (CAREPLANT) Tip : Proiect bilateral, finan\u021bat de CS\u0218DT (ASM) \u0219i Autoritatea Na\u021bional\u0103 pentru Cercetare \u0218tiin\u021bific\u0103 din Rom\u00e2nia, cu cifrul 16.80013.5007.04\/Ro Conduc\u0103tor : dr. Pavlina Bouro\u0219 Durata : 2016 &#8211; 2018 Laborator(~oare) : Laboratorul Metode&hellip; <br \/> <a class=\"read-more\" href=\"https:\/\/ifa.usm.md\/ro\/cssdt-16-80013-5007-04-ro\/\">Cite\u0219te mai mult<\/a><\/p>\n","protected":false},"author":1,"featured_media":0,"parent":0,"menu_order":0,"comment_status":"closed","ping_status":"closed","template":"","meta":{"footnotes":""},"folder":[],"class_list":["post-989","page","type-page","status-publish","hentry"],"rttpg_featured_image_url":null,"rttpg_author":{"display_name":"","author_link":"https:\/\/ifa.usm.md\/ro\/author\/"},"rttpg_comment":0,"rttpg_category":false,"rttpg_excerpt":"Proiectul\u00a0CSSDT 16.80013.5007.04\/Ro\u00a0Noi deriva\u021bi carboxilici aromatici non-toxici cu rol \u00een reglarea cre\u0219terii plantelor: de la sintez\u0103 \u0219i investiga\u021bii structurale la teste biologice (CAREPLANT) Tip : Proiect bilateral, finan\u021bat de CS\u0218DT (ASM) \u0219i Autoritatea Na\u021bional\u0103 pentru Cercetare \u0218tiin\u021bific\u0103 din Rom\u00e2nia, cu cifrul 16.80013.5007.04\/Ro Conduc\u0103tor : dr. Pavlina Bouro\u0219 Durata : 2016 &#8211; 2018 Laborator(~oare) : Laboratorul Metode&hellip;&hellip;","_links":{"self":[{"href":"https:\/\/ifa.usm.md\/ro\/wp-json\/wp\/v2\/pages\/989","targetHints":{"allow":["GET"]}}],"collection":[{"href":"https:\/\/ifa.usm.md\/ro\/wp-json\/wp\/v2\/pages"}],"about":[{"href":"https:\/\/ifa.usm.md\/ro\/wp-json\/wp\/v2\/types\/page"}],"author":[{"embeddable":true,"href":"https:\/\/ifa.usm.md\/ro\/wp-json\/wp\/v2\/users\/1"}],"replies":[{"embeddable":true,"href":"https:\/\/ifa.usm.md\/ro\/wp-json\/wp\/v2\/comments?post=989"}],"version-history":[{"count":1,"href":"https:\/\/ifa.usm.md\/ro\/wp-json\/wp\/v2\/pages\/989\/revisions"}],"predecessor-version":[{"id":990,"href":"https:\/\/ifa.usm.md\/ro\/wp-json\/wp\/v2\/pages\/989\/revisions\/990"}],"wp:attachment":[{"href":"https:\/\/ifa.usm.md\/ro\/wp-json\/wp\/v2\/media?parent=989"}],"wp:term":[{"taxonomy":"folder","embeddable":true,"href":"https:\/\/ifa.usm.md\/ro\/wp-json\/wp\/v2\/folder?post=989"}],"curies":[{"name":"wp","href":"https:\/\/api.w.org\/{rel}","templated":true}]}}